{"id":61885,"date":"2024-01-19T09:13:26","date_gmt":"2024-01-19T14:13:26","guid":{"rendered":"https:\/\/lebouquetnew.brstdev.com\/bulk-caranations\/"},"modified":"2025-08-13T06:06:39","modified_gmt":"2025-08-13T10:06:39","slug":"oeillets-rouge-en-vrac","status":"publish","type":"product","link":"https:\/\/lebouquet.brstdev.com\/fr\/oeillets-rouge-en-vrac\/","title":{"rendered":"Oeillets rouges en vrac"},"content":{"rendered":"<p><span style=\"background-color:white;color:black;\"><span lang=\"FR-CA\" dir=\"ltr\"><strong><u>*Pour garantir la disponibilit\u00e9, veuillez passer vos commandes au moins 2-3 semaines \u00e0 l&rsquo;avance.<\/u><\/strong><\/span><\/span><\/p>\n<p><span style=\"font-size:12.0pt;\"><span lang=\"FR-CA\" dir=\"ltr\">Ajoutez une touche de beaut\u00e9 avec nos \u0153illets rouges, parfaits pour vos arrangements floraux DIY. Ces fleurs magnifiques, mesurant de 24 \u00e0 30 pouces de hauteur, sont id\u00e9ales pour cr\u00e9er vos propres bouquets, centres de table et d\u00e9corations florales. Recevez des \u0153illets frais et pr\u00eats \u00e0 l&#8217;emploi livr\u00e9s directement \u00e0 votre porte.<\/span><\/span><\/p>\n<p><span style=\"font-size:12.0pt;\"><strong>Caract\u00e9ristiques Cl\u00e9s :<\/strong><\/span><\/p>\n<ul>\n<li><span style=\"font-size:12.0pt;\"><strong>Longueur :<\/strong> 24-30 pouces<\/span><\/li>\n<li><span style=\"font-size:12.0pt;\"><strong>Couleur :<\/strong> Rouge&nbsp;<\/span><\/li>\n<li><span style=\"font-size:12.0pt;\"><span lang=\"FR-CA\" dir=\"ltr\"><strong>Id\u00e9al pour :<\/strong> Arrangements floraux DIY, mariages, \u00e9v\u00e9nements, d\u00e9corations de maison<\/span><\/span><\/li>\n<\/ul>\n<p><span style=\"font-size:12.0pt;\"><span lang=\"FR-CA\" dir=\"ltr\"><strong>Instructions de Pr\u00e9paration &amp; d&rsquo;Entretien pour les \u0152illets :<\/strong><\/span><\/span><\/p>\n<ol>\n<li><span style=\"font-size:12.0pt;\"><span lang=\"FR-CA\" dir=\"ltr\">D\u00e9ballez les fleurs imm\u00e9diatement et retirez l&#8217;emballage protecteur.<\/span><\/span><\/li>\n<li><span style=\"font-size:12.0pt;\"><span lang=\"FR-CA\" dir=\"ltr\">Coupez 1 \u00e0 2 pouces des tiges en biais \u00e0 un angle de 45 degr\u00e9s, en r\u00e9p\u00e9tant tous les 2-3 jours.<\/span><\/span><\/li>\n<li><span style=\"font-size:12.0pt;\"><span lang=\"FR-CA\" dir=\"ltr\">Placez les tiges dans un vase propre avec de l&rsquo;eau fra\u00eeche et ajoutez un conservateur floral.<\/span><\/span><\/li>\n<li><span style=\"font-size:12.0pt;\"><span lang=\"FR-CA\" dir=\"ltr\">Changez l&rsquo;eau et ajoutez un nouveau conservateur tous les 2-3 jours.<\/span><\/span><\/li>\n<li><span style=\"font-size:12.0pt;\"><span lang=\"FR-CA\" dir=\"ltr\">Gardez les fleurs dans un endroit frais, \u00e0 l&rsquo;abri de la lumi\u00e8re directe du soleil, des courants d&rsquo;air et des \u00e9vents.<\/span><\/span><\/li>\n<li><span style=\"font-size:12.0pt;\"><span lang=\"FR-CA\" dir=\"ltr\">\u00c9vitez de placer les fleurs pr\u00e8s de fruits ou l\u00e9gumes en maturation.<\/span><\/span><\/li>\n<li><span style=\"font-size:12.0pt;\"><span lang=\"FR-CA\" dir=\"ltr\">Retirez les p\u00e9tales fan\u00e9s ou endommag\u00e9s.<\/span><\/span><\/li>\n<li><span style=\"font-size:12.0pt;\"><span lang=\"FR-CA\" dir=\"ltr\">Utilisez un vase propre avec de l&rsquo;eau fra\u00eeche chaque fois que vous r\u00e9arrangez les fleurs.<\/span><\/span><\/li>\n<\/ol>\n<p><span style=\"font-size:12.0pt;\"><strong>Disponibilit\u00e9 &amp; D\u00e9tails :<\/strong><\/span><\/p>\n<ul>\n<li><span style=\"font-size:12.0pt;\">Disponible toute l&rsquo;ann\u00e9e<\/span><\/li>\n<li><span style=\"font-size:12.0pt;\"><span lang=\"FR-CA\" dir=\"ltr\">Pour garantir la disponibilit\u00e9, veuillez passer vos commandes au minimum 2-3 semaines \u00e0 l&rsquo;avance.<\/span><\/span><\/li>\n<li><span style=\"font-size:12.0pt;\"><span lang=\"FR-CA\" dir=\"ltr\">Pas d&rsquo;annulations deux semaines avant la livraison.<\/span><\/span><\/li>\n<li><span style=\"font-size:12.0pt;\"><span lang=\"FR-CA\" dir=\"ltr\">Le produit est livr\u00e9 emball\u00e9 tel qu&rsquo;il arrive de la ferme, non taill\u00e9 et non nettoy\u00e9.<\/span><\/span><\/li>\n<li><span style=\"font-size:12.0pt;\"><span lang=\"FR-CA\" dir=\"ltr\">Les couleurs peuvent varier de ce que vous voyez \u00e0 l&rsquo;\u00e9cran.<\/span><\/span><\/li>\n<li><span style=\"font-size:12.0pt;\"><span lang=\"FR-CA\" dir=\"ltr\">Veuillez noter que les prix peuvent changer sans pr\u00e9avis en fonction de certaines f\u00eates.<\/span><\/span><\/li>\n<li><span style=\"font-size:12.0pt;\"><span lang=\"FR-CA\" dir=\"ltr\">Le paiement est requis avant la livraison.<\/span><\/span><\/li>\n<\/ul>\n","protected":false},"excerpt":{"rendered":"<p><span style=\"font-size:12.0pt;\"><strong>Preparation &amp; Care Instructions for Carnations:<\/strong><\/span><\/p>\n<ol>\n<li><span style=\"font-size:12.0pt;\">Unpack flowers immediately and remove protective packaging.<\/span><\/li>\n<li><span style=\"font-size:12.0pt;\">Trim 1-2 inches off the stems at a 45-degree angle, repeating every 2-3 days.<\/span><\/li>\n<li><span style=\"font-size:12.0pt;\">Place stems in a clean vase with fresh, cool water and add floral preservative.<\/span><\/li>\n<li><span style=\"font-size:12.0pt;\">Change water and add new preservative every 2-3 days.<\/span><\/li>\n<li><span style=\"font-size:12.0pt;\">Keep flowers in a cool location, away from direct sunlight, drafts, and vents.<\/span><\/li>\n<li><span style=\"font-size:12.0pt;\">Avoid placing flowers near ripening fruits or vegetables.<\/span><\/li>\n<li><span style=\"font-size:12.0pt;\">Remove any wilted or damaged petals.<\/span><\/li>\n<li><span style=\"font-size:12.0pt;\">Use a clean vase with fresh water each time you rearrange the flowers.<\/span><\/li>\n<\/ol>\n<p><span style=\"font-size:12.0pt;\"><strong>Availability &amp; Details:<\/strong><\/span><\/p>\n<ul>\n<li><span style=\"font-size:12.0pt;\">Available year-round<\/span><\/li>\n<li><span style=\"font-size:12.0pt;\">To guarantee availability, please place orders 2-3 weeks minimum in advance.<\/span><\/li>\n<li><span style=\"font-size:12.0pt;\">No cancellations two weeks prior.<\/span><\/li>\n<li><span style=\"font-size:12.0pt;\">Product is delivered packaged as it arrives from the farm, untrimmed and uncleaned.<\/span><\/li>\n<li><span style=\"font-size:12.0pt;\">Colors may vary from what you see on your screen.<\/span><\/li>\n<li><span style=\"font-size:12.0pt;\">Please note that prices may change without notice according to certain holidays.<\/span><\/li>\n<li><span style=\"font-size:12.0pt;\">Payment is required before delivery.<\/span><\/li>\n<\/ul>\n","protected":false},"featured_media":95056,"comment_status":"open","ping_status":"closed","template":"","meta":{"_acf_changed":false,"inline_featured_image":false},"recipe":[],"product_brand":[],"product_cat":[17414,7673,17168,7674,17169,17445],"product_tag":[],"class_list":{"0":"post-61885","1":"product","2":"type-product","3":"status-publish","4":"has-post-thumbnail","6":"product_cat-bulk-carnations","7":"product_cat-bulk","8":"product_cat-bulk-flowers","9":"product_cat-en-vrac","10":"product_cat-fleurs-en-vrac","11":"product_cat-oeillets-en-vrac","13":"first","14":"instock","15":"shipping-taxable","16":"purchasable","17":"product-type-simple"},"acf":[],"_links":{"self":[{"href":"https:\/\/lebouquet.brstdev.com\/fr\/wp-json\/wp\/v2\/product\/61885","targetHints":{"allow":["GET"]}}],"collection":[{"href":"https:\/\/lebouquet.brstdev.com\/fr\/wp-json\/wp\/v2\/product"}],"about":[{"href":"https:\/\/lebouquet.brstdev.com\/fr\/wp-json\/wp\/v2\/types\/product"}],"replies":[{"embeddable":true,"href":"https:\/\/lebouquet.brstdev.com\/fr\/wp-json\/wp\/v2\/comments?post=61885"}],"wp:featuredmedia":[{"embeddable":true,"href":"https:\/\/lebouquet.brstdev.com\/fr\/wp-json\/wp\/v2\/media\/95056"}],"wp:attachment":[{"href":"https:\/\/lebouquet.brstdev.com\/fr\/wp-json\/wp\/v2\/media?parent=61885"}],"wp:term":[{"taxonomy":"recipe","embeddable":true,"href":"https:\/\/lebouquet.brstdev.com\/fr\/wp-json\/wp\/v2\/recipe?post=61885"},{"taxonomy":"product_brand","embeddable":true,"href":"https:\/\/lebouquet.brstdev.com\/fr\/wp-json\/wp\/v2\/product_brand?post=61885"},{"taxonomy":"product_cat","embeddable":true,"href":"https:\/\/lebouquet.brstdev.com\/fr\/wp-json\/wp\/v2\/product_cat?post=61885"},{"taxonomy":"product_tag","embeddable":true,"href":"https:\/\/lebouquet.brstdev.com\/fr\/wp-json\/wp\/v2\/product_tag?post=61885"}],"curies":[{"name":"wp","href":"https:\/\/api.w.org\/{rel}","templated":true}]}}