{"id":61845,"date":"2024-01-19T09:13:51","date_gmt":"2024-01-19T14:13:51","guid":{"rendered":"https:\/\/lebouquetnew.brstdev.com\/lush-lavender\/"},"modified":"2026-03-28T03:31:56","modified_gmt":"2026-03-28T07:31:56","slug":"lavande-luxuriante","status":"publish","type":"product","link":"https:\/\/lebouquet.brstdev.com\/fr\/lavande-luxuriante\/","title":{"rendered":"Lavande luxuriante"},"content":{"rendered":"<p>Illuminez la journ\u00e9e de quelqu&rsquo;un avec le bouquet \u00ab\u00a0Lavande Luxuriante\u00a0\u00bb! Cet arrangement charmant comprend des roses cr\u00e9meuses, des gerberas jaunes \u00e9clatants, du statice violet, du solidago, de d\u00e9licats lisianthus blancs et une verdure luxuriante. Parfait pour toutes les occasions, des anniversaires aux gestes attentionn\u00e9s, ce bouquet est disponible avec ou sans vase. Apportez chaleur et fra\u00eecheur \u00e0 tout int\u00e9rieur avec ce magnifique design floral.<\/p>\n<ul>\n<li><strong>Inclut :<\/strong> Roses cr\u00e9meuses, gerbera jaune, statice violet, solidago, lisianthus blanc et verdure luxuriante.<\/li>\n<li><strong>Options :<\/strong> Disponible avec ou sans vase.<\/li>\n<li><strong>Parfait pour :<\/strong> Toutes les occasions, c\u00e9l\u00e9brations ou simplement pour faire plaisir.<\/li>\n<\/ul>\n","protected":false},"excerpt":{"rendered":"<figure class=\"table\">\n<table>\n<tbody>\n<tr>\n<td>Environ<\/td>\n<td>&#8211; 11&Prime; L x 11&Prime; l x 15&Prime; h<\/td>\n<\/tr>\n<\/tbody>\n<\/table>\n<\/figure>\n","protected":false},"featured_media":96722,"comment_status":"open","ping_status":"closed","template":"","meta":{"_acf_changed":false},"recipe":[],"product_brand":[],"product_cat":[7592,7591,7564,7597,7560,17153,7563,7569,7559,7598,18141,18402],"product_tag":[],"class_list":{"0":"post-61845","1":"product","2":"type-product","3":"status-publish","4":"has-post-thumbnail","6":"product_cat-anniversaire-de-naissance","7":"product_cat-birthdays","8":"product_cat-bouquets-de-fleurs","9":"product_cat-easter","10":"product_cat-fleurs-montreal","11":"product_cat-fleurs-occasions-montreal","12":"product_cat-flower-bouquets-montreal","13":"product_cat-flower-occasions-montreal","14":"product_cat-flowers-montreal","15":"product_cat-paques","16":"product_cat-spring","17":"product_cat-printemps","19":"first","20":"instock","21":"shipping-taxable","22":"purchasable","23":"product-type-simple"},"acf":[],"_links":{"self":[{"href":"https:\/\/lebouquet.brstdev.com\/fr\/wp-json\/wp\/v2\/product\/61845","targetHints":{"allow":["GET"]}}],"collection":[{"href":"https:\/\/lebouquet.brstdev.com\/fr\/wp-json\/wp\/v2\/product"}],"about":[{"href":"https:\/\/lebouquet.brstdev.com\/fr\/wp-json\/wp\/v2\/types\/product"}],"replies":[{"embeddable":true,"href":"https:\/\/lebouquet.brstdev.com\/fr\/wp-json\/wp\/v2\/comments?post=61845"}],"wp:featuredmedia":[{"embeddable":true,"href":"https:\/\/lebouquet.brstdev.com\/fr\/wp-json\/wp\/v2\/media\/96722"}],"wp:attachment":[{"href":"https:\/\/lebouquet.brstdev.com\/fr\/wp-json\/wp\/v2\/media?parent=61845"}],"wp:term":[{"taxonomy":"recipe","embeddable":true,"href":"https:\/\/lebouquet.brstdev.com\/fr\/wp-json\/wp\/v2\/recipe?post=61845"},{"taxonomy":"product_brand","embeddable":true,"href":"https:\/\/lebouquet.brstdev.com\/fr\/wp-json\/wp\/v2\/product_brand?post=61845"},{"taxonomy":"product_cat","embeddable":true,"href":"https:\/\/lebouquet.brstdev.com\/fr\/wp-json\/wp\/v2\/product_cat?post=61845"},{"taxonomy":"product_tag","embeddable":true,"href":"https:\/\/lebouquet.brstdev.com\/fr\/wp-json\/wp\/v2\/product_tag?post=61845"}],"curies":[{"name":"wp","href":"https:\/\/api.w.org\/{rel}","templated":true}]}}