{"id":61711,"date":"2024-01-19T09:12:34","date_gmt":"2024-01-19T14:12:34","guid":{"rendered":"https:\/\/lebouquetnew.brstdev.com\/the-candlelight-bouquet\/"},"modified":"2026-04-27T04:55:44","modified_gmt":"2026-04-27T08:55:44","slug":"bouquet-roses-chandelle","status":"publish","type":"product","link":"https:\/\/lebouquet.brstdev.com\/fr\/bouquet-roses-chandelle\/","title":{"rendered":"Bouquet Roses chandelle"},"content":{"rendered":"<p>En cette F\u00eate des M\u00e8res, illuminez son univers avec notre \u00ab\u00a0Bouquet de Roses Chandelle\u00a0\u00bb. Ces roses, choisies \u00e0 la main pour leur volume et leur parfum sucr\u00e9, symbolisent la chaleur et la gr\u00e2ce durable qui nous rappellent l&rsquo;\u00e9treinte d&rsquo;une m\u00e8re.<\/p>\n<p>Arrang\u00e9 magnifiquement avec soin et tendresse, c&rsquo;est un cadeau de beaut\u00e9 intemporelle, parfait pour montrer votre reconnaissance envers la femme qui a toujours \u00e9t\u00e9 votre lumi\u00e8re guide.<\/p>\n<p>C\u00e9l\u00e9brez la force douce et l&rsquo;amour inconditionnel de votre m\u00e8re avec la lueur douce des roses Chandelle, un gage de gratitude pour son amour et son soutien \u00e9ternels.<\/p>\n","protected":false},"excerpt":{"rendered":"<p>En cette F\u00eate des M\u00e8res, illuminez son univers avec notre \u00ab\u00a0Bouquet de Roses Chandelle\u00a0\u00bb. Ces roses, choisies \u00e0 la main pour leur volume et leur parfum sucr\u00e9, symbolisent la chaleur et la gr\u00e2ce durable qui nous rappellent l&rsquo;\u00e9treinte d&rsquo;une m\u00e8re. Arrang\u00e9 magnifiquement avec soin et tendresse, c&rsquo;est un cadeau de beaut\u00e9 intemporelle, parfait pour montrer [&hellip;]<\/p>\n","protected":false},"featured_media":90885,"comment_status":"open","ping_status":"closed","template":"","meta":{"_acf_changed":false},"recipe":[],"product_brand":[],"product_cat":[7588,7560,17153,7554,7562],"product_tag":[],"class_list":{"0":"post-61711","1":"product","2":"type-product","3":"status-publish","4":"has-post-thumbnail","6":"product_cat-fete-des-meres-evenements","7":"product_cat-fleurs-montreal","8":"product_cat-fleurs-occasions-montreal","9":"product_cat-populaires","10":"product_cat-roses-fraiches-montreal","12":"first","13":"instock","14":"shipping-taxable","15":"purchasable","16":"product-type-simple"},"acf":[],"_links":{"self":[{"href":"https:\/\/lebouquet.brstdev.com\/fr\/wp-json\/wp\/v2\/product\/61711","targetHints":{"allow":["GET"]}}],"collection":[{"href":"https:\/\/lebouquet.brstdev.com\/fr\/wp-json\/wp\/v2\/product"}],"about":[{"href":"https:\/\/lebouquet.brstdev.com\/fr\/wp-json\/wp\/v2\/types\/product"}],"replies":[{"embeddable":true,"href":"https:\/\/lebouquet.brstdev.com\/fr\/wp-json\/wp\/v2\/comments?post=61711"}],"wp:featuredmedia":[{"embeddable":true,"href":"https:\/\/lebouquet.brstdev.com\/fr\/wp-json\/wp\/v2\/media\/90885"}],"wp:attachment":[{"href":"https:\/\/lebouquet.brstdev.com\/fr\/wp-json\/wp\/v2\/media?parent=61711"}],"wp:term":[{"taxonomy":"recipe","embeddable":true,"href":"https:\/\/lebouquet.brstdev.com\/fr\/wp-json\/wp\/v2\/recipe?post=61711"},{"taxonomy":"product_brand","embeddable":true,"href":"https:\/\/lebouquet.brstdev.com\/fr\/wp-json\/wp\/v2\/product_brand?post=61711"},{"taxonomy":"product_cat","embeddable":true,"href":"https:\/\/lebouquet.brstdev.com\/fr\/wp-json\/wp\/v2\/product_cat?post=61711"},{"taxonomy":"product_tag","embeddable":true,"href":"https:\/\/lebouquet.brstdev.com\/fr\/wp-json\/wp\/v2\/product_tag?post=61711"}],"curies":[{"name":"wp","href":"https:\/\/api.w.org\/{rel}","templated":true}]}}