{"id":61503,"date":"2024-01-19T09:10:45","date_gmt":"2024-01-19T14:10:45","guid":{"rendered":"https:\/\/lebouquetnew.brstdev.com\/traditional-funeral-arrangement\/"},"modified":"2025-08-13T06:06:49","modified_gmt":"2025-08-13T10:06:49","slug":"corbeille-funeraire-traditionnelle","status":"publish","type":"product","link":"https:\/\/lebouquet.brstdev.com\/fr\/corbeille-funeraire-traditionnelle\/","title":{"rendered":"Corbeille fun\u00e9raire traditionnelle"},"content":{"rendered":"<p>Notre composition traditionnelle fun\u00e9raire cr\u00e9\u00e9e par nos fleuristes est un amalgame des choix les plus populaires en mati\u00e8re de style floral. Que vous choisissiez les blancs classiques, les teintes vibrantes ou la subtilit\u00e9 des pastels, vos souhaits de sympathies seront transmis avec amour.<\/p>\n","protected":false},"excerpt":{"rendered":"<figure class=\"table\" style=\"width:300px;\">\n<table>\n<tbody>\n<tr>\n<td>Standard<\/td>\n<td>Environ<\/td>\n<td>32&Prime;h x 24&Prime;l<\/td>\n<\/tr>\n<tr>\n<td>De luxe<\/td>\n<td>Environ<\/td>\n<td>34&Prime;h x 32&Prime;l<\/td>\n<\/tr>\n<tr>\n<td>Premium<\/td>\n<td>Environ<\/td>\n<td>34&Prime;h x 34&Prime;l<\/td>\n<\/tr>\n<tr>\n<td>Exquis<\/td>\n<td>Environ<\/td>\n<td>38&Prime;h x 38&Prime;l<\/td>\n<\/tr>\n<\/tbody>\n<\/table>\n<\/figure>\n","protected":false},"featured_media":61369,"comment_status":"open","ping_status":"closed","template":"","meta":{"_acf_changed":false,"inline_featured_image":false},"recipe":[],"product_brand":[],"product_cat":[7626,7620,7625,7619],"product_tag":[],"class_list":{"0":"post-61503","1":"product","2":"type-product","3":"status-publish","4":"has-post-thumbnail","6":"product_cat-arrangements-pour-les-etablissements-funeraires-funeraire","7":"product_cat-funeraire","8":"product_cat-funeral-establishment-arrangements","9":"product_cat-funeral","11":"first","12":"instock","13":"shipping-taxable","14":"purchasable","15":"product-type-simple"},"acf":[],"_links":{"self":[{"href":"https:\/\/lebouquet.brstdev.com\/fr\/wp-json\/wp\/v2\/product\/61503","targetHints":{"allow":["GET"]}}],"collection":[{"href":"https:\/\/lebouquet.brstdev.com\/fr\/wp-json\/wp\/v2\/product"}],"about":[{"href":"https:\/\/lebouquet.brstdev.com\/fr\/wp-json\/wp\/v2\/types\/product"}],"replies":[{"embeddable":true,"href":"https:\/\/lebouquet.brstdev.com\/fr\/wp-json\/wp\/v2\/comments?post=61503"}],"wp:featuredmedia":[{"embeddable":true,"href":"https:\/\/lebouquet.brstdev.com\/fr\/wp-json\/wp\/v2\/media\/61369"}],"wp:attachment":[{"href":"https:\/\/lebouquet.brstdev.com\/fr\/wp-json\/wp\/v2\/media?parent=61503"}],"wp:term":[{"taxonomy":"recipe","embeddable":true,"href":"https:\/\/lebouquet.brstdev.com\/fr\/wp-json\/wp\/v2\/recipe?post=61503"},{"taxonomy":"product_brand","embeddable":true,"href":"https:\/\/lebouquet.brstdev.com\/fr\/wp-json\/wp\/v2\/product_brand?post=61503"},{"taxonomy":"product_cat","embeddable":true,"href":"https:\/\/lebouquet.brstdev.com\/fr\/wp-json\/wp\/v2\/product_cat?post=61503"},{"taxonomy":"product_tag","embeddable":true,"href":"https:\/\/lebouquet.brstdev.com\/fr\/wp-json\/wp\/v2\/product_tag?post=61503"}],"curies":[{"name":"wp","href":"https:\/\/api.w.org\/{rel}","templated":true}]}}