{"id":61440,"date":"2024-01-19T09:11:00","date_gmt":"2024-01-19T14:11:00","guid":{"rendered":"https:\/\/lebouquetnew.brstdev.com\/forever-always\/"},"modified":"2024-01-24T19:52:59","modified_gmt":"2024-01-25T00:52:59","slug":"forever-always","status":"publish","type":"product","link":"https:\/\/lebouquet.brstdev.com\/fr\/forever-always\/","title":{"rendered":"Pour toujours et \u00e0 jamais"},"content":{"rendered":"<p>Quatre roses immortelles, sp\u00e9cialement trait\u00e9es pour durer toute une vie sans eau, nich\u00e9es dans une bo\u00eete en acrylique et fix\u00e9es dans de la r\u00e9sine transparente. Ce cadeau est pr\u00e9sent\u00e9 dans un coffret blanc avec un ruban.<br \/><i>Veuillez noter que la couleur peut d\u00e9teindre sur la r\u00e9sine.<\/i><\/p>\n","protected":false},"excerpt":{"rendered":"<p>Quatre roses immortelles, sp\u00e9cialement trait\u00e9es pour durer toute une vie sans eau, nich\u00e9es dans une bo\u00eete en acrylique et fix\u00e9es dans de la r\u00e9sine transparente. Ce cadeau est pr\u00e9sent\u00e9 dans un coffret blanc avec un ruban.Veuillez noter que la couleur peut d\u00e9teindre sur la r\u00e9sine.<\/p>\n","protected":false},"featured_media":0,"comment_status":"open","ping_status":"closed","template":"","meta":{"_acf_changed":false},"recipe":[],"product_brand":[],"product_cat":[15],"product_tag":[],"class_list":{"0":"post-61440","1":"product","2":"type-product","3":"status-publish","5":"product_cat-uncategorized","7":"first","8":"instock","9":"shipping-taxable","10":"purchasable","11":"product-type-simple"},"acf":[],"_links":{"self":[{"href":"https:\/\/lebouquet.brstdev.com\/fr\/wp-json\/wp\/v2\/product\/61440","targetHints":{"allow":["GET"]}}],"collection":[{"href":"https:\/\/lebouquet.brstdev.com\/fr\/wp-json\/wp\/v2\/product"}],"about":[{"href":"https:\/\/lebouquet.brstdev.com\/fr\/wp-json\/wp\/v2\/types\/product"}],"replies":[{"embeddable":true,"href":"https:\/\/lebouquet.brstdev.com\/fr\/wp-json\/wp\/v2\/comments?post=61440"}],"wp:attachment":[{"href":"https:\/\/lebouquet.brstdev.com\/fr\/wp-json\/wp\/v2\/media?parent=61440"}],"wp:term":[{"taxonomy":"recipe","embeddable":true,"href":"https:\/\/lebouquet.brstdev.com\/fr\/wp-json\/wp\/v2\/recipe?post=61440"},{"taxonomy":"product_brand","embeddable":true,"href":"https:\/\/lebouquet.brstdev.com\/fr\/wp-json\/wp\/v2\/product_brand?post=61440"},{"taxonomy":"product_cat","embeddable":true,"href":"https:\/\/lebouquet.brstdev.com\/fr\/wp-json\/wp\/v2\/product_cat?post=61440"},{"taxonomy":"product_tag","embeddable":true,"href":"https:\/\/lebouquet.brstdev.com\/fr\/wp-json\/wp\/v2\/product_tag?post=61440"}],"curies":[{"name":"wp","href":"https:\/\/api.w.org\/{rel}","templated":true}]}}