{"id":61367,"date":"2024-01-19T09:10:30","date_gmt":"2024-01-19T14:10:30","guid":{"rendered":"https:\/\/lebouquetnew.brstdev.com\/lil-llama\/"},"modified":"2025-12-16T01:22:05","modified_gmt":"2025-12-16T06:22:05","slug":"petit-lama","status":"publish","type":"product","link":"https:\/\/lebouquet.brstdev.com\/fr\/petit-lama\/","title":{"rendered":"Petit lama"},"content":{"rendered":"<p>Ajoutez une touche de bonne humeur avec notre <strong>Lama\u00a0<\/strong> ! Toute douce et pleine de charme, cette peluche est d\u00e9cor\u00e9e de couleurs vives et de d\u00e9tails amusants. Id\u00e9ale pour les enfants, les amateurs de lamas ou toute personne qui aime les petits plaisirs mignons du quotidien.<\/p>\n","protected":false},"excerpt":{"rendered":"<p>7 pouces de hauteur<\/p>\n","protected":false},"featured_media":61349,"comment_status":"open","ping_status":"closed","template":"","meta":{"_acf_changed":false},"recipe":[],"product_brand":[],"product_cat":[7648,7652],"product_tag":[],"class_list":{"0":"post-61367","1":"product","2":"type-product","3":"status-publish","4":"has-post-thumbnail","6":"product_cat-cadeaux","7":"product_cat-jouets-en-peluche","9":"first","10":"instock","11":"shipping-taxable","12":"purchasable","13":"product-type-simple"},"acf":[],"_links":{"self":[{"href":"https:\/\/lebouquet.brstdev.com\/fr\/wp-json\/wp\/v2\/product\/61367","targetHints":{"allow":["GET"]}}],"collection":[{"href":"https:\/\/lebouquet.brstdev.com\/fr\/wp-json\/wp\/v2\/product"}],"about":[{"href":"https:\/\/lebouquet.brstdev.com\/fr\/wp-json\/wp\/v2\/types\/product"}],"replies":[{"embeddable":true,"href":"https:\/\/lebouquet.brstdev.com\/fr\/wp-json\/wp\/v2\/comments?post=61367"}],"wp:featuredmedia":[{"embeddable":true,"href":"https:\/\/lebouquet.brstdev.com\/fr\/wp-json\/wp\/v2\/media\/61349"}],"wp:attachment":[{"href":"https:\/\/lebouquet.brstdev.com\/fr\/wp-json\/wp\/v2\/media?parent=61367"}],"wp:term":[{"taxonomy":"recipe","embeddable":true,"href":"https:\/\/lebouquet.brstdev.com\/fr\/wp-json\/wp\/v2\/recipe?post=61367"},{"taxonomy":"product_brand","embeddable":true,"href":"https:\/\/lebouquet.brstdev.com\/fr\/wp-json\/wp\/v2\/product_brand?post=61367"},{"taxonomy":"product_cat","embeddable":true,"href":"https:\/\/lebouquet.brstdev.com\/fr\/wp-json\/wp\/v2\/product_cat?post=61367"},{"taxonomy":"product_tag","embeddable":true,"href":"https:\/\/lebouquet.brstdev.com\/fr\/wp-json\/wp\/v2\/product_tag?post=61367"}],"curies":[{"name":"wp","href":"https:\/\/api.w.org\/{rel}","templated":true}]}}