{"id":61327,"date":"2024-01-19T09:10:14","date_gmt":"2024-01-19T14:10:14","guid":{"rendered":"https:\/\/lebouquetnew.brstdev.com\/softie-the-hippo\/"},"modified":"2025-12-16T01:29:26","modified_gmt":"2025-12-16T06:29:26","slug":"hippopotame-doux","status":"publish","type":"product","link":"https:\/\/lebouquet.brstdev.com\/fr\/hippopotame-doux\/","title":{"rendered":"Hollie l\u2019Hippopotame"},"content":{"rendered":"<p>Voici Hollie l\u2019Hippopotame \u2013 douce, moelleuse et pleine de tendresse. Avec sa douce fourrure grise, son museau rond et son regard attendrissant, Hollie l\u2019Hippopotame est la peluche id\u00e9ale pour tous les moments c\u00e2lins. Con\u00e7ue avec des mat\u00e9riaux de haute qualit\u00e9 ultra-doux, elle est parfaitement dimensionn\u00e9e pour les petites mains et les gros c\u00e2lins. Que ce soit pour le coucher ou comme cadeau r\u00e9confortant, Hollie diffuse douceur et r\u00e9confort partout o\u00f9 elle passe.<\/p>\n","protected":false},"excerpt":{"rendered":"<p>11&Prime; longue et 6&Prime; haut<\/p>\n","protected":false},"featured_media":117135,"comment_status":"open","ping_status":"closed","template":"","meta":{"_acf_changed":false},"recipe":[],"product_brand":[],"product_cat":[7648,7652],"product_tag":[],"class_list":{"0":"post-61327","1":"product","2":"type-product","3":"status-publish","4":"has-post-thumbnail","6":"product_cat-cadeaux","7":"product_cat-jouets-en-peluche","9":"first","10":"instock","11":"shipping-taxable","12":"purchasable","13":"product-type-simple"},"acf":[],"_links":{"self":[{"href":"https:\/\/lebouquet.brstdev.com\/fr\/wp-json\/wp\/v2\/product\/61327","targetHints":{"allow":["GET"]}}],"collection":[{"href":"https:\/\/lebouquet.brstdev.com\/fr\/wp-json\/wp\/v2\/product"}],"about":[{"href":"https:\/\/lebouquet.brstdev.com\/fr\/wp-json\/wp\/v2\/types\/product"}],"replies":[{"embeddable":true,"href":"https:\/\/lebouquet.brstdev.com\/fr\/wp-json\/wp\/v2\/comments?post=61327"}],"wp:featuredmedia":[{"embeddable":true,"href":"https:\/\/lebouquet.brstdev.com\/fr\/wp-json\/wp\/v2\/media\/117135"}],"wp:attachment":[{"href":"https:\/\/lebouquet.brstdev.com\/fr\/wp-json\/wp\/v2\/media?parent=61327"}],"wp:term":[{"taxonomy":"recipe","embeddable":true,"href":"https:\/\/lebouquet.brstdev.com\/fr\/wp-json\/wp\/v2\/recipe?post=61327"},{"taxonomy":"product_brand","embeddable":true,"href":"https:\/\/lebouquet.brstdev.com\/fr\/wp-json\/wp\/v2\/product_brand?post=61327"},{"taxonomy":"product_cat","embeddable":true,"href":"https:\/\/lebouquet.brstdev.com\/fr\/wp-json\/wp\/v2\/product_cat?post=61327"},{"taxonomy":"product_tag","embeddable":true,"href":"https:\/\/lebouquet.brstdev.com\/fr\/wp-json\/wp\/v2\/product_tag?post=61327"}],"curies":[{"name":"wp","href":"https:\/\/api.w.org\/{rel}","templated":true}]}}