{"id":61201,"date":"2024-01-19T09:08:31","date_gmt":"2024-01-19T14:08:31","guid":{"rendered":"https:\/\/lebouquetnew.brstdev.com\/leroy-piglet\/"},"modified":"2025-08-13T06:06:59","modified_gmt":"2025-08-13T10:06:59","slug":"leroy-le-cochonet","status":"publish","type":"product","link":"https:\/\/lebouquet.brstdev.com\/fr\/leroy-le-cochonet\/","title":{"rendered":"Leroy le cochonet"},"content":{"rendered":"<p>Leroy le petit cochonet est simplement&nbsp;trop mignon. Il est le pr\u00e9f\u00e9r\u00e9 de tous.<\/p>\n<p>Mesure environ 7\u00a0\u00bb de long<\/p>\n","protected":false},"excerpt":{"rendered":"<p>Leroy le petit cochonet est simplement&nbsp;trop mignon. Il est le pr\u00e9f\u00e9r\u00e9 de tous. Mesure environ 7\u00a0\u00bb de long<\/p>\n","protected":false},"featured_media":61194,"comment_status":"open","ping_status":"closed","template":"","meta":{"_acf_changed":false,"inline_featured_image":false},"recipe":[],"product_brand":[],"product_cat":[7818,15],"product_tag":[],"class_list":{"0":"post-61201","1":"product","2":"type-product","3":"status-publish","4":"has-post-thumbnail","6":"product_cat-uncategorized-fr","7":"product_cat-uncategorized","9":"first","10":"instock","11":"shipping-taxable","12":"purchasable","13":"product-type-simple"},"acf":[],"_links":{"self":[{"href":"https:\/\/lebouquet.brstdev.com\/fr\/wp-json\/wp\/v2\/product\/61201","targetHints":{"allow":["GET"]}}],"collection":[{"href":"https:\/\/lebouquet.brstdev.com\/fr\/wp-json\/wp\/v2\/product"}],"about":[{"href":"https:\/\/lebouquet.brstdev.com\/fr\/wp-json\/wp\/v2\/types\/product"}],"replies":[{"embeddable":true,"href":"https:\/\/lebouquet.brstdev.com\/fr\/wp-json\/wp\/v2\/comments?post=61201"}],"wp:featuredmedia":[{"embeddable":true,"href":"https:\/\/lebouquet.brstdev.com\/fr\/wp-json\/wp\/v2\/media\/61194"}],"wp:attachment":[{"href":"https:\/\/lebouquet.brstdev.com\/fr\/wp-json\/wp\/v2\/media?parent=61201"}],"wp:term":[{"taxonomy":"recipe","embeddable":true,"href":"https:\/\/lebouquet.brstdev.com\/fr\/wp-json\/wp\/v2\/recipe?post=61201"},{"taxonomy":"product_brand","embeddable":true,"href":"https:\/\/lebouquet.brstdev.com\/fr\/wp-json\/wp\/v2\/product_brand?post=61201"},{"taxonomy":"product_cat","embeddable":true,"href":"https:\/\/lebouquet.brstdev.com\/fr\/wp-json\/wp\/v2\/product_cat?post=61201"},{"taxonomy":"product_tag","embeddable":true,"href":"https:\/\/lebouquet.brstdev.com\/fr\/wp-json\/wp\/v2\/product_tag?post=61201"}],"curies":[{"name":"wp","href":"https:\/\/api.w.org\/{rel}","templated":true}]}}