{"id":61135,"date":"2024-01-19T09:07:13","date_gmt":"2024-01-19T14:07:13","guid":{"rendered":"https:\/\/lebouquetnew.brstdev.com\/mothers-day-bouquet\/"},"modified":"2025-08-13T06:07:00","modified_gmt":"2025-08-13T10:07:00","slug":"elegance-de-la-fete-des-meres","status":"publish","type":"product","link":"https:\/\/lebouquet.brstdev.com\/fr\/elegance-de-la-fete-des-meres\/","title":{"rendered":"\u00c9l\u00e9gance de la F\u00eate des M\u00e8res"},"content":{"rendered":"<p>Offrez un moment de douceur avec <i>\u00c9l\u00e9gance de la F\u00eate des M\u00e8res<\/i>, un bouquet raffin\u00e9 compos\u00e9 de roses, lys, gerberas, lisianthus, \u0153illets et chrysanth\u00e8mes aux teintes d\u00e9licates de rose, blanc et lavande. Ce bouquet nou\u00e9 \u00e0 la main, garni de feuillage luxuriant, est disponible en <strong>trois formats<\/strong>, avec ou sans vase. Id\u00e9al pour exprimer votre amour et reconnaissance, avec <strong>livraison le jour m\u00eame \u00e0 Montr\u00e9al<\/strong>.<\/p>\n","protected":false},"excerpt":{"rendered":"<p>Mesure environ&nbsp;22&Prime;H &nbsp;x 15&Prime;L<\/p>\n","protected":false},"featured_media":90904,"comment_status":"open","ping_status":"closed","template":"","meta":{"_acf_changed":false,"inline_featured_image":false},"recipe":[],"product_brand":[],"product_cat":[15],"product_tag":[],"class_list":{"0":"post-61135","1":"product","2":"type-product","3":"status-publish","4":"has-post-thumbnail","6":"product_cat-uncategorized","8":"first","9":"instock","10":"shipping-taxable","11":"purchasable","12":"product-type-simple"},"acf":[],"_links":{"self":[{"href":"https:\/\/lebouquet.brstdev.com\/fr\/wp-json\/wp\/v2\/product\/61135","targetHints":{"allow":["GET"]}}],"collection":[{"href":"https:\/\/lebouquet.brstdev.com\/fr\/wp-json\/wp\/v2\/product"}],"about":[{"href":"https:\/\/lebouquet.brstdev.com\/fr\/wp-json\/wp\/v2\/types\/product"}],"replies":[{"embeddable":true,"href":"https:\/\/lebouquet.brstdev.com\/fr\/wp-json\/wp\/v2\/comments?post=61135"}],"wp:featuredmedia":[{"embeddable":true,"href":"https:\/\/lebouquet.brstdev.com\/fr\/wp-json\/wp\/v2\/media\/90904"}],"wp:attachment":[{"href":"https:\/\/lebouquet.brstdev.com\/fr\/wp-json\/wp\/v2\/media?parent=61135"}],"wp:term":[{"taxonomy":"recipe","embeddable":true,"href":"https:\/\/lebouquet.brstdev.com\/fr\/wp-json\/wp\/v2\/recipe?post=61135"},{"taxonomy":"product_brand","embeddable":true,"href":"https:\/\/lebouquet.brstdev.com\/fr\/wp-json\/wp\/v2\/product_brand?post=61135"},{"taxonomy":"product_cat","embeddable":true,"href":"https:\/\/lebouquet.brstdev.com\/fr\/wp-json\/wp\/v2\/product_cat?post=61135"},{"taxonomy":"product_tag","embeddable":true,"href":"https:\/\/lebouquet.brstdev.com\/fr\/wp-json\/wp\/v2\/product_tag?post=61135"}],"curies":[{"name":"wp","href":"https:\/\/api.w.org\/{rel}","templated":true}]}}