{"id":61040,"date":"2024-01-19T09:05:57","date_gmt":"2024-01-19T14:05:57","guid":{"rendered":"https:\/\/lebouquetnew.brstdev.com\/canadian-spring-bouquet\/"},"modified":"2025-08-13T06:07:02","modified_gmt":"2025-08-13T10:07:02","slug":"eclat-de-printemps","status":"publish","type":"product","link":"https:\/\/lebouquet.brstdev.com\/fr\/eclat-de-printemps\/","title":{"rendered":"\u00c9clat de printemps"},"content":{"rendered":"<p><span style=\"font-size:14.6667px\">C\u00e9l\u00e9brez le r\u00e9veil de la saison avec notre bouquet \u00ab\u00a0\u00c9clat de Printemps\u00a0\u00bb. Cet arrangement charmant est une vitrine jubilatoire des meilleurs atouts du printemps : des tulipes rayonnantes, des roses velout\u00e9es et des gerberas roses doux s&rsquo;entrem\u00ealent avec des lys vibrants et des iris. Le feuillage luxuriant offre la toile de fond parfaite \u00e0 ces \u00e9toiles du jardin printanier. Pr\u00e9sent\u00e9 dans un vase en verre transparent, ce bouquet est un concentr\u00e9 compact de joie, id\u00e9al pour n&rsquo;importe quel espace et occasion. Ramenez chez vous la fra\u00eecheur du printemps avec ce tr\u00e9sor floral d\u00e9licieux.<\/span><\/p>\n<p>&nbsp;<\/p>\n","protected":false},"excerpt":{"rendered":"<ul>\n<li>Taille montr\u00e9e: De luxe<\/li>\n<li><span style=\"font-size:14.6667px\">Veuillez noter que la composition de fleurs peut varier en fonction de leur disponibilit\u00e9, mais le bouquet \u00ab\u00a0\u00c9clat de Printemps\u00a0\u00bb inclura toujours des fleurs de saison !<\/span><\/li>\n<\/ul>\n","protected":false},"featured_media":90713,"comment_status":"open","ping_status":"closed","template":"","meta":{"_acf_changed":false,"inline_featured_image":false},"recipe":[],"product_brand":[],"product_cat":[7563,7564,7597,7588,7560,7559,7569,7587,17153,7598,18142,18141],"product_tag":[],"class_list":{"0":"post-61040","1":"product","2":"type-product","3":"status-publish","4":"has-post-thumbnail","6":"product_cat-bouquets","7":"product_cat-bouquets-2","8":"product_cat-easter","9":"product_cat-fete-des-meres-evenements","10":"product_cat-fleurs-2-2","11":"product_cat-flowers","12":"product_cat-occasions","13":"product_cat-mothers-day","14":"product_cat-occasions-fr","15":"product_cat-paques","16":"product_cat-printemps","17":"product_cat-spring","19":"first","20":"instock","21":"shipping-taxable","22":"purchasable","23":"product-type-simple"},"acf":[],"_links":{"self":[{"href":"https:\/\/lebouquet.brstdev.com\/fr\/wp-json\/wp\/v2\/product\/61040","targetHints":{"allow":["GET"]}}],"collection":[{"href":"https:\/\/lebouquet.brstdev.com\/fr\/wp-json\/wp\/v2\/product"}],"about":[{"href":"https:\/\/lebouquet.brstdev.com\/fr\/wp-json\/wp\/v2\/types\/product"}],"replies":[{"embeddable":true,"href":"https:\/\/lebouquet.brstdev.com\/fr\/wp-json\/wp\/v2\/comments?post=61040"}],"wp:featuredmedia":[{"embeddable":true,"href":"https:\/\/lebouquet.brstdev.com\/fr\/wp-json\/wp\/v2\/media\/90713"}],"wp:attachment":[{"href":"https:\/\/lebouquet.brstdev.com\/fr\/wp-json\/wp\/v2\/media?parent=61040"}],"wp:term":[{"taxonomy":"recipe","embeddable":true,"href":"https:\/\/lebouquet.brstdev.com\/fr\/wp-json\/wp\/v2\/recipe?post=61040"},{"taxonomy":"product_brand","embeddable":true,"href":"https:\/\/lebouquet.brstdev.com\/fr\/wp-json\/wp\/v2\/product_brand?post=61040"},{"taxonomy":"product_cat","embeddable":true,"href":"https:\/\/lebouquet.brstdev.com\/fr\/wp-json\/wp\/v2\/product_cat?post=61040"},{"taxonomy":"product_tag","embeddable":true,"href":"https:\/\/lebouquet.brstdev.com\/fr\/wp-json\/wp\/v2\/product_tag?post=61040"}],"curies":[{"name":"wp","href":"https:\/\/api.w.org\/{rel}","templated":true}]}}