{"id":60981,"date":"2024-01-19T09:05:28","date_gmt":"2024-01-19T14:05:28","guid":{"rendered":"https:\/\/lebouquetnew.brstdev.com\/sweet-surprise\/"},"modified":"2025-08-13T06:07:03","modified_gmt":"2025-08-13T10:07:03","slug":"plaisir-sucre","status":"publish","type":"product","link":"https:\/\/lebouquet.brstdev.com\/fr\/plaisir-sucre\/","title":{"rendered":"Plaisir sucr\u00e9"},"content":{"rendered":"<p>Envoyez \u00e0 quelqu&rsquo;un la plus belle des surprises pour la Saint-Valentin !<\/p>\n<p>Le pot en m\u00e9tal en forme de c\u0153ur est rempli d&rsquo;un gnome amoureux, d&rsquo;un c\u0153ur en \u00e9tain rempli de 9 morceaux de chocolat, d&rsquo;une barre de chocolat de 100g, d&rsquo;une barre de chocolat de 50g et d&rsquo;une mini rose immortelle.<\/p>\n<p>Le tout est emball\u00e9 et pr\u00eat \u00e0 impressionner votre amour.<\/p>\n","protected":false},"excerpt":{"rendered":"<p><i>Le choix de la saveur du chocolat, du gnome et de la couleur de la rose immortelle sont assortis.<\/i><\/p>\n","protected":false},"featured_media":60965,"comment_status":"open","ping_status":"closed","template":"","meta":{"_acf_changed":false,"inline_featured_image":false},"recipe":[],"product_brand":[],"product_cat":[7648,7649,17155,7569,7647,17153,7572,7571],"product_tag":[],"class_list":{"0":"post-60981","1":"product","2":"type-product","3":"status-publish","4":"has-post-thumbnail","6":"product_cat-cadeaux","7":"product_cat-chocolates","8":"product_cat-chocolates-fr","9":"product_cat-occasions","10":"product_cat-gift-shop","11":"product_cat-occasions-fr","12":"product_cat-saint-valentin","13":"product_cat-valentines","15":"first","16":"instock","17":"shipping-taxable","18":"purchasable","19":"product-type-simple"},"acf":[],"_links":{"self":[{"href":"https:\/\/lebouquet.brstdev.com\/fr\/wp-json\/wp\/v2\/product\/60981","targetHints":{"allow":["GET"]}}],"collection":[{"href":"https:\/\/lebouquet.brstdev.com\/fr\/wp-json\/wp\/v2\/product"}],"about":[{"href":"https:\/\/lebouquet.brstdev.com\/fr\/wp-json\/wp\/v2\/types\/product"}],"replies":[{"embeddable":true,"href":"https:\/\/lebouquet.brstdev.com\/fr\/wp-json\/wp\/v2\/comments?post=60981"}],"wp:featuredmedia":[{"embeddable":true,"href":"https:\/\/lebouquet.brstdev.com\/fr\/wp-json\/wp\/v2\/media\/60965"}],"wp:attachment":[{"href":"https:\/\/lebouquet.brstdev.com\/fr\/wp-json\/wp\/v2\/media?parent=60981"}],"wp:term":[{"taxonomy":"recipe","embeddable":true,"href":"https:\/\/lebouquet.brstdev.com\/fr\/wp-json\/wp\/v2\/recipe?post=60981"},{"taxonomy":"product_brand","embeddable":true,"href":"https:\/\/lebouquet.brstdev.com\/fr\/wp-json\/wp\/v2\/product_brand?post=60981"},{"taxonomy":"product_cat","embeddable":true,"href":"https:\/\/lebouquet.brstdev.com\/fr\/wp-json\/wp\/v2\/product_cat?post=60981"},{"taxonomy":"product_tag","embeddable":true,"href":"https:\/\/lebouquet.brstdev.com\/fr\/wp-json\/wp\/v2\/product_tag?post=60981"}],"curies":[{"name":"wp","href":"https:\/\/api.w.org\/{rel}","templated":true}]}}