{"id":60961,"date":"2024-01-19T09:05:13","date_gmt":"2024-01-19T14:05:13","guid":{"rendered":"https:\/\/lebouquetnew.brstdev.com\/amour-amour\/"},"modified":"2025-08-13T06:07:04","modified_gmt":"2025-08-13T10:07:04","slug":"amour-amour","status":"publish","type":"product","link":"https:\/\/lebouquet.brstdev.com\/fr\/amour-amour\/","title":{"rendered":"Amour Amour"},"content":{"rendered":"<p>Exprimez vos \u00e9motions les plus profondes avec <strong>Amour Amour<\/strong>, une magnifique composition florale con\u00e7ue pour capturer l\u2019essence de l\u2019amour.&nbsp;<\/p>\n<p>Compos\u00e9e en forme de c\u0153ur avec des roses rouges et roses p\u00e2les de qualit\u00e9 sup\u00e9rieure, agr\u00e9ment\u00e9e de gypsophile d\u00e9licate et d\u2019eucalyptus, cette cr\u00e9ation est pr\u00e9sent\u00e9e dans un contenant rustique en bois. Un c\u0153ur rouge scintillant ajoute une touche finale parfaite, ce qui en fait un choix id\u00e9al pour la Saint-Valentin, les anniversaires ou toute occasion romantique.&nbsp;<\/p>\n<p><strong>Amour Amour<\/strong> est le geste ultime d\u2019amour et d\u2019\u00e9l\u00e9gance.<\/p>\n","protected":false},"excerpt":{"rendered":"<p>Environ &#8211; 4.5&Prime; H x 9&Prime; L<\/p>\n","protected":false},"featured_media":102322,"comment_status":"open","ping_status":"closed","template":"","meta":{"_acf_changed":false,"inline_featured_image":false},"recipe":[],"product_brand":[],"product_cat":[7569,17153,7554,7553,7572,7571],"product_tag":[],"class_list":{"0":"post-60961","1":"product","2":"type-product","3":"status-publish","4":"has-post-thumbnail","6":"product_cat-occasions","7":"product_cat-occasions-fr","8":"product_cat-populaires","9":"product_cat-popular","10":"product_cat-saint-valentin","11":"product_cat-valentines","13":"first","14":"instock","15":"shipping-taxable","16":"purchasable","17":"product-type-simple"},"acf":[],"_links":{"self":[{"href":"https:\/\/lebouquet.brstdev.com\/fr\/wp-json\/wp\/v2\/product\/60961","targetHints":{"allow":["GET"]}}],"collection":[{"href":"https:\/\/lebouquet.brstdev.com\/fr\/wp-json\/wp\/v2\/product"}],"about":[{"href":"https:\/\/lebouquet.brstdev.com\/fr\/wp-json\/wp\/v2\/types\/product"}],"replies":[{"embeddable":true,"href":"https:\/\/lebouquet.brstdev.com\/fr\/wp-json\/wp\/v2\/comments?post=60961"}],"wp:featuredmedia":[{"embeddable":true,"href":"https:\/\/lebouquet.brstdev.com\/fr\/wp-json\/wp\/v2\/media\/102322"}],"wp:attachment":[{"href":"https:\/\/lebouquet.brstdev.com\/fr\/wp-json\/wp\/v2\/media?parent=60961"}],"wp:term":[{"taxonomy":"recipe","embeddable":true,"href":"https:\/\/lebouquet.brstdev.com\/fr\/wp-json\/wp\/v2\/recipe?post=60961"},{"taxonomy":"product_brand","embeddable":true,"href":"https:\/\/lebouquet.brstdev.com\/fr\/wp-json\/wp\/v2\/product_brand?post=60961"},{"taxonomy":"product_cat","embeddable":true,"href":"https:\/\/lebouquet.brstdev.com\/fr\/wp-json\/wp\/v2\/product_cat?post=60961"},{"taxonomy":"product_tag","embeddable":true,"href":"https:\/\/lebouquet.brstdev.com\/fr\/wp-json\/wp\/v2\/product_tag?post=60961"}],"curies":[{"name":"wp","href":"https:\/\/api.w.org\/{rel}","templated":true}]}}