{"id":60877,"date":"2024-01-19T09:04:38","date_gmt":"2024-01-19T14:04:38","guid":{"rendered":"https:\/\/lebouquetnew.brstdev.com\/sweet-thoughts\/"},"modified":"2025-08-13T06:07:06","modified_gmt":"2025-08-13T10:07:06","slug":"pensees-douces","status":"publish","type":"product","link":"https:\/\/lebouquet.brstdev.com\/fr\/pensees-douces\/","title":{"rendered":"Pens\u00e9es Douces"},"content":{"rendered":"<p>Le bouquet <strong>Pens\u00e9es Douces<\/strong> est une composition simple et \u00e9l\u00e9gante qui exprime magnifiquement votre affection.&nbsp;<\/p>\n<p>Compos\u00e9 de trois roses rouges \u00e9clatantes entour\u00e9es de gypsophile d\u00e9licat, de verdure luxuriante et agr\u00e9ment\u00e9 d\u2019un c\u0153ur rouge scintillant, ce bouquet est rehauss\u00e9 d\u2019un ruban charmant.<\/p>\n<p>Parfait pour la Saint-Valentin, les anniversaires ou toute occasion romantique, <strong>Pens\u00e9es Douces<\/strong> est une fa\u00e7on intemporelle de dire \u00ab\u00a0Je t\u2019aime\u00a0\u00bb avec gr\u00e2ce et style.<\/p>\n","protected":false},"excerpt":{"rendered":"<p>Environ &#8211; 13.5&Prime; H x 5&Prime; L<\/p>\n","protected":false},"featured_media":102335,"comment_status":"open","ping_status":"closed","template":"","meta":{"_acf_changed":false,"inline_featured_image":false},"recipe":[],"product_brand":[],"product_cat":[7569,17153,7572,7571],"product_tag":[],"class_list":{"0":"post-60877","1":"product","2":"type-product","3":"status-publish","4":"has-post-thumbnail","6":"product_cat-occasions","7":"product_cat-occasions-fr","8":"product_cat-saint-valentin","9":"product_cat-valentines","11":"first","12":"instock","13":"shipping-taxable","14":"purchasable","15":"product-type-simple"},"acf":[],"_links":{"self":[{"href":"https:\/\/lebouquet.brstdev.com\/fr\/wp-json\/wp\/v2\/product\/60877","targetHints":{"allow":["GET"]}}],"collection":[{"href":"https:\/\/lebouquet.brstdev.com\/fr\/wp-json\/wp\/v2\/product"}],"about":[{"href":"https:\/\/lebouquet.brstdev.com\/fr\/wp-json\/wp\/v2\/types\/product"}],"replies":[{"embeddable":true,"href":"https:\/\/lebouquet.brstdev.com\/fr\/wp-json\/wp\/v2\/comments?post=60877"}],"wp:featuredmedia":[{"embeddable":true,"href":"https:\/\/lebouquet.brstdev.com\/fr\/wp-json\/wp\/v2\/media\/102335"}],"wp:attachment":[{"href":"https:\/\/lebouquet.brstdev.com\/fr\/wp-json\/wp\/v2\/media?parent=60877"}],"wp:term":[{"taxonomy":"recipe","embeddable":true,"href":"https:\/\/lebouquet.brstdev.com\/fr\/wp-json\/wp\/v2\/recipe?post=60877"},{"taxonomy":"product_brand","embeddable":true,"href":"https:\/\/lebouquet.brstdev.com\/fr\/wp-json\/wp\/v2\/product_brand?post=60877"},{"taxonomy":"product_cat","embeddable":true,"href":"https:\/\/lebouquet.brstdev.com\/fr\/wp-json\/wp\/v2\/product_cat?post=60877"},{"taxonomy":"product_tag","embeddable":true,"href":"https:\/\/lebouquet.brstdev.com\/fr\/wp-json\/wp\/v2\/product_tag?post=60877"}],"curies":[{"name":"wp","href":"https:\/\/api.w.org\/{rel}","templated":true}]}}