{"id":60780,"date":"2024-01-19T09:03:58","date_gmt":"2024-01-19T14:03:58","guid":{"rendered":"https:\/\/lebouquetnew.brstdev.com\/dashing\/"},"modified":"2025-08-27T00:29:31","modified_gmt":"2025-08-27T04:29:31","slug":"traineau","status":"publish","type":"product","link":"https:\/\/lebouquet.brstdev.com\/fr\/traineau\/","title":{"rendered":"Tra\u00eeneau"},"content":{"rendered":"<p>Un coffret cadeau compos\u00e9 de 3 articles : l&rsquo;arrangement floral Tra\u00eeneau du P\u00e8re No\u00ebl, un gnome tenant un panier, et une bo\u00eete de boules de chocolat Leonidas (125grammes)!<\/p>\n","protected":false},"excerpt":{"rendered":"<p>Un coffret cadeau compos\u00e9 de 3 articles : l&rsquo;arrangement floral Tra\u00eeneau du P\u00e8re No\u00ebl, un gnome tenant un panier, et une bo\u00eete de boules de chocolat Leonidas (125grammes)!<\/p>\n","protected":false},"featured_media":60765,"comment_status":"open","ping_status":"closed","template":"","meta":{"_acf_changed":false},"recipe":[],"product_brand":[],"product_cat":[17153],"product_tag":[],"class_list":{"0":"post-60780","1":"product","2":"type-product","3":"status-publish","4":"has-post-thumbnail","6":"product_cat-fleurs-occasions-montreal","8":"first","9":"instock","10":"shipping-taxable","11":"purchasable","12":"product-type-simple"},"acf":[],"_links":{"self":[{"href":"https:\/\/lebouquet.brstdev.com\/fr\/wp-json\/wp\/v2\/product\/60780","targetHints":{"allow":["GET"]}}],"collection":[{"href":"https:\/\/lebouquet.brstdev.com\/fr\/wp-json\/wp\/v2\/product"}],"about":[{"href":"https:\/\/lebouquet.brstdev.com\/fr\/wp-json\/wp\/v2\/types\/product"}],"replies":[{"embeddable":true,"href":"https:\/\/lebouquet.brstdev.com\/fr\/wp-json\/wp\/v2\/comments?post=60780"}],"wp:featuredmedia":[{"embeddable":true,"href":"https:\/\/lebouquet.brstdev.com\/fr\/wp-json\/wp\/v2\/media\/60765"}],"wp:attachment":[{"href":"https:\/\/lebouquet.brstdev.com\/fr\/wp-json\/wp\/v2\/media?parent=60780"}],"wp:term":[{"taxonomy":"recipe","embeddable":true,"href":"https:\/\/lebouquet.brstdev.com\/fr\/wp-json\/wp\/v2\/recipe?post=60780"},{"taxonomy":"product_brand","embeddable":true,"href":"https:\/\/lebouquet.brstdev.com\/fr\/wp-json\/wp\/v2\/product_brand?post=60780"},{"taxonomy":"product_cat","embeddable":true,"href":"https:\/\/lebouquet.brstdev.com\/fr\/wp-json\/wp\/v2\/product_cat?post=60780"},{"taxonomy":"product_tag","embeddable":true,"href":"https:\/\/lebouquet.brstdev.com\/fr\/wp-json\/wp\/v2\/product_tag?post=60780"}],"curies":[{"name":"wp","href":"https:\/\/api.w.org\/{rel}","templated":true}]}}