{"id":60570,"date":"2024-01-19T09:02:28","date_gmt":"2024-01-19T14:02:28","guid":{"rendered":"https:\/\/lebouquetnew.brstdev.com\/delilah-2-0\/"},"modified":"2026-03-28T03:26:11","modified_gmt":"2026-03-28T07:26:11","slug":"delilah-2-0","status":"publish","type":"product","link":"https:\/\/lebouquet.brstdev.com\/fr\/delilah-2-0\/","title":{"rendered":"Delilah 2.0"},"content":{"rendered":"<p>Le <i>Bouquet Delilah<\/i> est une magnifique composition florale alliant \u00e9l\u00e9gance et douceur, avec un m\u00e9lange de roses, lys, mufliers, hortensias, lisianthus et asters, rehauss\u00e9 de feuillage luxuriant. Ce bouquet apporte une beaut\u00e9 intemporelle et un charme certain \u00e0 tout espace. Que vous c\u00e9l\u00e9briez un moment sp\u00e9cial ou souhaitiez simplement \u00e9gayer la journ\u00e9e de quelqu&rsquo;un, le <i>Bouquet Delilah<\/i> est con\u00e7u pour laisser une impression durable. Le bouquet est magnifiquement arrang\u00e9 dans un vase, inclus avec votre achat.<\/p>\n","protected":false},"excerpt":{"rendered":"<p>24&Prime; H x 15&Prime; L<\/p>\n","protected":false},"featured_media":97856,"comment_status":"open","ping_status":"closed","template":"","meta":{"_acf_changed":false},"recipe":[],"product_brand":[],"product_cat":[7590,17153,7554],"product_tag":[],"class_list":{"0":"post-60570","1":"product","2":"type-product","3":"status-publish","4":"has-post-thumbnail","6":"product_cat-fleurs-anniversaire-fiancailles-montreal","7":"product_cat-fleurs-occasions-montreal","8":"product_cat-populaires","10":"first","11":"instock","12":"shipping-taxable","13":"purchasable","14":"product-type-simple"},"acf":[],"_links":{"self":[{"href":"https:\/\/lebouquet.brstdev.com\/fr\/wp-json\/wp\/v2\/product\/60570","targetHints":{"allow":["GET"]}}],"collection":[{"href":"https:\/\/lebouquet.brstdev.com\/fr\/wp-json\/wp\/v2\/product"}],"about":[{"href":"https:\/\/lebouquet.brstdev.com\/fr\/wp-json\/wp\/v2\/types\/product"}],"replies":[{"embeddable":true,"href":"https:\/\/lebouquet.brstdev.com\/fr\/wp-json\/wp\/v2\/comments?post=60570"}],"wp:featuredmedia":[{"embeddable":true,"href":"https:\/\/lebouquet.brstdev.com\/fr\/wp-json\/wp\/v2\/media\/97856"}],"wp:attachment":[{"href":"https:\/\/lebouquet.brstdev.com\/fr\/wp-json\/wp\/v2\/media?parent=60570"}],"wp:term":[{"taxonomy":"recipe","embeddable":true,"href":"https:\/\/lebouquet.brstdev.com\/fr\/wp-json\/wp\/v2\/recipe?post=60570"},{"taxonomy":"product_brand","embeddable":true,"href":"https:\/\/lebouquet.brstdev.com\/fr\/wp-json\/wp\/v2\/product_brand?post=60570"},{"taxonomy":"product_cat","embeddable":true,"href":"https:\/\/lebouquet.brstdev.com\/fr\/wp-json\/wp\/v2\/product_cat?post=60570"},{"taxonomy":"product_tag","embeddable":true,"href":"https:\/\/lebouquet.brstdev.com\/fr\/wp-json\/wp\/v2\/product_tag?post=60570"}],"curies":[{"name":"wp","href":"https:\/\/api.w.org\/{rel}","templated":true}]}}