{"id":60523,"date":"2024-01-19T09:02:12","date_gmt":"2024-01-19T14:02:12","guid":{"rendered":"https:\/\/lebouquetnew.brstdev.com\/grayson-by-gund\/"},"modified":"2025-08-13T06:07:16","modified_gmt":"2025-08-13T10:07:16","slug":"grayson-lourson","status":"publish","type":"product","link":"https:\/\/lebouquet.brstdev.com\/fr\/grayson-lourson\/","title":{"rendered":"Grayson l&rsquo;ourson"},"content":{"rendered":"<p>Il est le plus mignon des toutous pour un nouveau-n\u00e9. \u00c7a couleur neutre est parfaite pour le cadeau de b\u00e9b\u00e9 sans d\u00e9voiler si c&rsquo;est un gar\u00e7on ou une fille. Avec GUND, c&rsquo;est la qualit\u00e9 assur\u00e9e.<\/p>\n<p>Mesure environ 12&Prime; de haut<\/p>\n","protected":false},"excerpt":{"rendered":"<p>Il est le plus mignon des toutous pour un nouveau-n\u00e9. \u00c7a couleur neutre est parfaite pour le cadeau de b\u00e9b\u00e9 sans d\u00e9voiler si c&rsquo;est un gar\u00e7on ou une fille. Avec GUND, c&rsquo;est la qualit\u00e9 assur\u00e9e. Mesure environ 12&Prime; de haut<\/p>\n","protected":false},"featured_media":60509,"comment_status":"open","ping_status":"closed","template":"","meta":{"_acf_changed":false,"inline_featured_image":false},"recipe":[],"product_brand":[],"product_cat":[7653,7648,7647,7654],"product_tag":[],"class_list":{"0":"post-60523","1":"product","2":"type-product","3":"status-publish","4":"has-post-thumbnail","6":"product_cat-bears","7":"product_cat-cadeaux","8":"product_cat-gift-shop","9":"product_cat-oursons-cadeaux","11":"first","12":"instock","13":"shipping-taxable","14":"purchasable","15":"product-type-simple"},"acf":[],"_links":{"self":[{"href":"https:\/\/lebouquet.brstdev.com\/fr\/wp-json\/wp\/v2\/product\/60523","targetHints":{"allow":["GET"]}}],"collection":[{"href":"https:\/\/lebouquet.brstdev.com\/fr\/wp-json\/wp\/v2\/product"}],"about":[{"href":"https:\/\/lebouquet.brstdev.com\/fr\/wp-json\/wp\/v2\/types\/product"}],"replies":[{"embeddable":true,"href":"https:\/\/lebouquet.brstdev.com\/fr\/wp-json\/wp\/v2\/comments?post=60523"}],"wp:featuredmedia":[{"embeddable":true,"href":"https:\/\/lebouquet.brstdev.com\/fr\/wp-json\/wp\/v2\/media\/60509"}],"wp:attachment":[{"href":"https:\/\/lebouquet.brstdev.com\/fr\/wp-json\/wp\/v2\/media?parent=60523"}],"wp:term":[{"taxonomy":"recipe","embeddable":true,"href":"https:\/\/lebouquet.brstdev.com\/fr\/wp-json\/wp\/v2\/recipe?post=60523"},{"taxonomy":"product_brand","embeddable":true,"href":"https:\/\/lebouquet.brstdev.com\/fr\/wp-json\/wp\/v2\/product_brand?post=60523"},{"taxonomy":"product_cat","embeddable":true,"href":"https:\/\/lebouquet.brstdev.com\/fr\/wp-json\/wp\/v2\/product_cat?post=60523"},{"taxonomy":"product_tag","embeddable":true,"href":"https:\/\/lebouquet.brstdev.com\/fr\/wp-json\/wp\/v2\/product_tag?post=60523"}],"curies":[{"name":"wp","href":"https:\/\/api.w.org\/{rel}","templated":true}]}}