{"id":60472,"date":"2024-01-19T09:01:53","date_gmt":"2024-01-19T14:01:53","guid":{"rendered":"https:\/\/lebouquetnew.brstdev.com\/santas-sweet-tooth\/"},"modified":"2025-08-13T06:07:17","modified_gmt":"2025-08-13T10:07:17","slug":"gateries-du-pere-noel","status":"publish","type":"product","link":"https:\/\/lebouquet.brstdev.com\/fr\/gateries-du-pere-noel\/","title":{"rendered":"G\u00e2teries du P\u00e8re No\u00ebl"},"content":{"rendered":"<p>Ce panier de bonbons approuv\u00e9 par le P\u00e8re No\u00ebl est livr\u00e9 avec une bo\u00eete de 125 grammes de chocolats assortis, un choco-lillipop de 35 grammes et un sachet de 8 pi\u00e8ces de boules de No\u00ebl en \u00e9dition limit\u00e9e, le tout par le Ma\u00eetre Chocolatier-Leonidas! La pi\u00e8ce comprend \u00e9galement un tra\u00eeneau en bois dans lequel nous avons dispos\u00e9 des feuilles de leucadendron et des pommes de pin conserv\u00e9es.<\/p>\n<p>&nbsp;<\/p>\n","protected":false},"excerpt":{"rendered":"<p style=\"text-align:center;\">Environ 10\u00a0\u00bbL x 11\u00a0\u00bbH<\/p>\n","protected":false},"featured_media":60459,"comment_status":"open","ping_status":"closed","template":"","meta":{"_acf_changed":false,"inline_featured_image":false},"recipe":[],"product_brand":[],"product_cat":[7648,7649,17155,7569,7647,17153],"product_tag":[],"class_list":{"0":"post-60472","1":"product","2":"type-product","3":"status-publish","4":"has-post-thumbnail","6":"product_cat-cadeaux","7":"product_cat-chocolates","8":"product_cat-chocolates-fr","9":"product_cat-occasions","10":"product_cat-gift-shop","11":"product_cat-occasions-fr","13":"first","14":"instock","15":"shipping-taxable","16":"purchasable","17":"product-type-simple"},"acf":[],"_links":{"self":[{"href":"https:\/\/lebouquet.brstdev.com\/fr\/wp-json\/wp\/v2\/product\/60472","targetHints":{"allow":["GET"]}}],"collection":[{"href":"https:\/\/lebouquet.brstdev.com\/fr\/wp-json\/wp\/v2\/product"}],"about":[{"href":"https:\/\/lebouquet.brstdev.com\/fr\/wp-json\/wp\/v2\/types\/product"}],"replies":[{"embeddable":true,"href":"https:\/\/lebouquet.brstdev.com\/fr\/wp-json\/wp\/v2\/comments?post=60472"}],"wp:featuredmedia":[{"embeddable":true,"href":"https:\/\/lebouquet.brstdev.com\/fr\/wp-json\/wp\/v2\/media\/60459"}],"wp:attachment":[{"href":"https:\/\/lebouquet.brstdev.com\/fr\/wp-json\/wp\/v2\/media?parent=60472"}],"wp:term":[{"taxonomy":"recipe","embeddable":true,"href":"https:\/\/lebouquet.brstdev.com\/fr\/wp-json\/wp\/v2\/recipe?post=60472"},{"taxonomy":"product_brand","embeddable":true,"href":"https:\/\/lebouquet.brstdev.com\/fr\/wp-json\/wp\/v2\/product_brand?post=60472"},{"taxonomy":"product_cat","embeddable":true,"href":"https:\/\/lebouquet.brstdev.com\/fr\/wp-json\/wp\/v2\/product_cat?post=60472"},{"taxonomy":"product_tag","embeddable":true,"href":"https:\/\/lebouquet.brstdev.com\/fr\/wp-json\/wp\/v2\/product_tag?post=60472"}],"curies":[{"name":"wp","href":"https:\/\/api.w.org\/{rel}","templated":true}]}}