{"id":60386,"date":"2024-01-19T09:01:18","date_gmt":"2024-01-19T14:01:18","guid":{"rendered":"https:\/\/lebouquetnew.brstdev.com\/cottage-christmas\/"},"modified":"2025-08-13T06:07:20","modified_gmt":"2025-08-13T10:07:20","slug":"chalet-chaleureux","status":"publish","type":"product","link":"https:\/\/lebouquet.brstdev.com\/fr\/chalet-chaleureux\/","title":{"rendered":"Chalet chaleureux"},"content":{"rendered":"<p>Quelque chose qui sent bon pour les f\u00eates de fin d&rsquo;ann\u00e9e, la pi\u00e8ce &lsquo;Chalet chaleureux&rsquo; met en sc\u00e8ne des accents de renne parmi un assortiment de verdure de f\u00eate, dont des feuilles de magnolia ! Avec ses pommes de pin, ses branches et ses eucalyptus dor\u00e9s, cette pi\u00e8ce dure plus longtemps que tous les autres arrangements!&nbsp;L&rsquo;avons-nous mentionn\u00e9? Le renne m\u00e9tallique sert \u00e9galement d&rsquo;ornement pour l&rsquo;arbre!<\/p>\n","protected":false},"excerpt":{"rendered":"<p>Environ &#8211; 14\u00a0\u00bb H&nbsp;x 12\u00a0\u00bb L<\/p>\n","protected":false},"featured_media":60363,"comment_status":"open","ping_status":"closed","template":"","meta":{"_acf_changed":false,"inline_featured_image":false},"recipe":[],"product_brand":[],"product_cat":[7569,17153],"product_tag":[],"class_list":{"0":"post-60386","1":"product","2":"type-product","3":"status-publish","4":"has-post-thumbnail","6":"product_cat-occasions","7":"product_cat-occasions-fr","9":"first","10":"instock","11":"shipping-taxable","12":"purchasable","13":"product-type-simple"},"acf":[],"_links":{"self":[{"href":"https:\/\/lebouquet.brstdev.com\/fr\/wp-json\/wp\/v2\/product\/60386","targetHints":{"allow":["GET"]}}],"collection":[{"href":"https:\/\/lebouquet.brstdev.com\/fr\/wp-json\/wp\/v2\/product"}],"about":[{"href":"https:\/\/lebouquet.brstdev.com\/fr\/wp-json\/wp\/v2\/types\/product"}],"replies":[{"embeddable":true,"href":"https:\/\/lebouquet.brstdev.com\/fr\/wp-json\/wp\/v2\/comments?post=60386"}],"wp:featuredmedia":[{"embeddable":true,"href":"https:\/\/lebouquet.brstdev.com\/fr\/wp-json\/wp\/v2\/media\/60363"}],"wp:attachment":[{"href":"https:\/\/lebouquet.brstdev.com\/fr\/wp-json\/wp\/v2\/media?parent=60386"}],"wp:term":[{"taxonomy":"recipe","embeddable":true,"href":"https:\/\/lebouquet.brstdev.com\/fr\/wp-json\/wp\/v2\/recipe?post=60386"},{"taxonomy":"product_brand","embeddable":true,"href":"https:\/\/lebouquet.brstdev.com\/fr\/wp-json\/wp\/v2\/product_brand?post=60386"},{"taxonomy":"product_cat","embeddable":true,"href":"https:\/\/lebouquet.brstdev.com\/fr\/wp-json\/wp\/v2\/product_cat?post=60386"},{"taxonomy":"product_tag","embeddable":true,"href":"https:\/\/lebouquet.brstdev.com\/fr\/wp-json\/wp\/v2\/product_tag?post=60386"}],"curies":[{"name":"wp","href":"https:\/\/api.w.org\/{rel}","templated":true}]}}