{"id":60296,"date":"2024-01-19T09:00:40","date_gmt":"2024-01-19T14:00:40","guid":{"rendered":"https:\/\/lebouquetnew.brstdev.com\/chocolate-gift-basket\/"},"modified":"2025-08-13T06:07:23","modified_gmt":"2025-08-13T10:07:23","slug":"boite-cadeau-chocolatee","status":"publish","type":"product","link":"https:\/\/lebouquet.brstdev.com\/fr\/boite-cadeau-chocolatee\/","title":{"rendered":"Bo\u00eete-cadeau chocolat\u00e9e"},"content":{"rendered":"<p>Le chocolat \u2013 vous ne pouvez pas vous tromper! Nous avons pris les meilleurs du magasin, et avons cr\u00e9\u00e9 deux d\u00e9licieuses options pour la personne qui vous est ch\u00e8re.<\/p>\n<p>L\u2019option Standard: Une barre de chocolat Leonidas de 100g et 50g, une boite de 125g de chocolats belges assortis Leonidas, et un adorable h\u00e9risson en peluche (environ 7\u00a0\u00bbh) Douglas!<\/p>\n<p>L\u2019option De luxe: Des biscuits Leonidas, une barre de chocolat Leonidas de 50g, un c\u0153ur en m\u00e9tal rempli de 9 d\u00e9licieux chocolats belges Leonidas, un ourson de valentin Timothy (environ 10\u00a0\u00bbh), et un sac rempli des amandes enrob\u00e9s!<\/p>\n<p>*Veuillez noter que l\u2019assortiment des chocolats se fait al\u00e9atoirement*<\/p>\n","protected":false},"excerpt":{"rendered":"<p>Le chocolat \u2013 vous ne pouvez pas vous tromper! Nous avons pris les meilleurs du magasin, et avons cr\u00e9\u00e9 deux d\u00e9licieuses options pour la personne qui vous est ch\u00e8re. L\u2019option Standard: Une barre de chocolat Leonidas de 100g et 50g, une boite de 125g de chocolats belges assortis Leonidas, et un adorable h\u00e9risson en peluche [&hellip;]<\/p>\n","protected":false},"featured_media":60276,"comment_status":"open","ping_status":"closed","template":"","meta":{"_acf_changed":false,"inline_featured_image":false},"recipe":[],"product_brand":[],"product_cat":[7648,7649,17155,7569,7647,17153],"product_tag":[],"class_list":{"0":"post-60296","1":"product","2":"type-product","3":"status-publish","4":"has-post-thumbnail","6":"product_cat-cadeaux","7":"product_cat-chocolates","8":"product_cat-chocolates-fr","9":"product_cat-occasions","10":"product_cat-gift-shop","11":"product_cat-occasions-fr","13":"first","14":"instock","15":"shipping-taxable","16":"purchasable","17":"product-type-simple"},"acf":[],"_links":{"self":[{"href":"https:\/\/lebouquet.brstdev.com\/fr\/wp-json\/wp\/v2\/product\/60296","targetHints":{"allow":["GET"]}}],"collection":[{"href":"https:\/\/lebouquet.brstdev.com\/fr\/wp-json\/wp\/v2\/product"}],"about":[{"href":"https:\/\/lebouquet.brstdev.com\/fr\/wp-json\/wp\/v2\/types\/product"}],"replies":[{"embeddable":true,"href":"https:\/\/lebouquet.brstdev.com\/fr\/wp-json\/wp\/v2\/comments?post=60296"}],"wp:featuredmedia":[{"embeddable":true,"href":"https:\/\/lebouquet.brstdev.com\/fr\/wp-json\/wp\/v2\/media\/60276"}],"wp:attachment":[{"href":"https:\/\/lebouquet.brstdev.com\/fr\/wp-json\/wp\/v2\/media?parent=60296"}],"wp:term":[{"taxonomy":"recipe","embeddable":true,"href":"https:\/\/lebouquet.brstdev.com\/fr\/wp-json\/wp\/v2\/recipe?post=60296"},{"taxonomy":"product_brand","embeddable":true,"href":"https:\/\/lebouquet.brstdev.com\/fr\/wp-json\/wp\/v2\/product_brand?post=60296"},{"taxonomy":"product_cat","embeddable":true,"href":"https:\/\/lebouquet.brstdev.com\/fr\/wp-json\/wp\/v2\/product_cat?post=60296"},{"taxonomy":"product_tag","embeddable":true,"href":"https:\/\/lebouquet.brstdev.com\/fr\/wp-json\/wp\/v2\/product_tag?post=60296"}],"curies":[{"name":"wp","href":"https:\/\/api.w.org\/{rel}","templated":true}]}}