{"id":60093,"date":"2024-01-19T08:55:49","date_gmt":"2024-01-19T13:55:49","guid":{"rendered":"https:\/\/lebouquetnew.brstdev.com\/phoenix-collection\/"},"modified":"2025-08-13T06:23:36","modified_gmt":"2025-08-13T10:23:36","slug":"collection-phoenix","status":"publish","type":"product","link":"https:\/\/lebouquet.brstdev.com\/fr\/collection-phoenix\/","title":{"rendered":"Collection &lsquo;Phoenix &lsquo;"},"content":{"rendered":"<p>Rappelant les paysages arides du Phoenix, ce jardin est compos\u00e9 de cactus ainsi que de succulentes.&nbsp;Un jardin classique rendu moderne par ce r\u00e9cipient ovale en c\u00e9ramique!<br \/>Standard : 9\u00a0\u00bbL x 7,5\u00a0\u00bbH Deluxe : 12\u00a0\u00bbL x 10\u00a0\u00bbH (La hauteur varie en fonction de la plante la plus haute)<\/p>\n","protected":false},"excerpt":{"rendered":"<p style=\"text-align:center;\">Standard : 9\u00a0\u00bbL x 7,5\u00a0\u00bbH Deluxe : 12\u00a0\u00bbL x 10\u00a0\u00bbH<\/p>\n","protected":false},"featured_media":60067,"comment_status":"open","ping_status":"closed","template":"","meta":{"_acf_changed":false},"recipe":[],"product_brand":[],"product_cat":[7643,7641,7642,18053,7644,18052],"product_tag":[],"class_list":{"0":"post-60093","1":"product","2":"type-product","3":"status-publish","4":"has-post-thumbnail","6":"product_cat-air-plants-and-succulents","7":"product_cat-dish-gardens","8":"product_cat-jardinieres","9":"product_cat-plantes","10":"product_cat-plantes-aeriennes-et-succulentes","11":"product_cat-plants","13":"first","14":"instock","15":"shipping-taxable","16":"purchasable","17":"product-type-simple"},"acf":[],"_links":{"self":[{"href":"https:\/\/lebouquet.brstdev.com\/fr\/wp-json\/wp\/v2\/product\/60093","targetHints":{"allow":["GET"]}}],"collection":[{"href":"https:\/\/lebouquet.brstdev.com\/fr\/wp-json\/wp\/v2\/product"}],"about":[{"href":"https:\/\/lebouquet.brstdev.com\/fr\/wp-json\/wp\/v2\/types\/product"}],"replies":[{"embeddable":true,"href":"https:\/\/lebouquet.brstdev.com\/fr\/wp-json\/wp\/v2\/comments?post=60093"}],"wp:featuredmedia":[{"embeddable":true,"href":"https:\/\/lebouquet.brstdev.com\/fr\/wp-json\/wp\/v2\/media\/60067"}],"wp:attachment":[{"href":"https:\/\/lebouquet.brstdev.com\/fr\/wp-json\/wp\/v2\/media?parent=60093"}],"wp:term":[{"taxonomy":"recipe","embeddable":true,"href":"https:\/\/lebouquet.brstdev.com\/fr\/wp-json\/wp\/v2\/recipe?post=60093"},{"taxonomy":"product_brand","embeddable":true,"href":"https:\/\/lebouquet.brstdev.com\/fr\/wp-json\/wp\/v2\/product_brand?post=60093"},{"taxonomy":"product_cat","embeddable":true,"href":"https:\/\/lebouquet.brstdev.com\/fr\/wp-json\/wp\/v2\/product_cat?post=60093"},{"taxonomy":"product_tag","embeddable":true,"href":"https:\/\/lebouquet.brstdev.com\/fr\/wp-json\/wp\/v2\/product_tag?post=60093"}],"curies":[{"name":"wp","href":"https:\/\/api.w.org\/{rel}","templated":true}]}}