{"id":59971,"date":"2024-01-19T08:54:07","date_gmt":"2024-01-19T13:54:07","guid":{"rendered":"https:\/\/lebouquetnew.brstdev.com\/winter-mice-collection\/"},"modified":"2025-08-13T06:07:32","modified_gmt":"2025-08-13T10:07:32","slug":"souris-dhiver","status":"publish","type":"product","link":"https:\/\/lebouquet.brstdev.com\/fr\/souris-dhiver\/","title":{"rendered":"Souris d&rsquo;hiver"},"content":{"rendered":"<p>Ces petites souris d&rsquo;hiver sont toutes habill\u00e9es pour le temps froid! Choisissez votre couleur pr\u00e9f\u00e9r\u00e9e: vert, bleu, orange ou rose.<\/p>\n","protected":false},"excerpt":{"rendered":"<p>Height: 12\u00a0\u00bb<\/p>\n","protected":false},"featured_media":59949,"comment_status":"open","ping_status":"closed","template":"","meta":{"_acf_changed":false,"inline_featured_image":false},"recipe":[],"product_brand":[],"product_cat":[7648,7655,7647,7656],"product_tag":[],"class_list":{"0":"post-59971","1":"product","2":"type-product","3":"status-publish","4":"has-post-thumbnail","6":"product_cat-cadeaux","7":"product_cat-characters","8":"product_cat-gift-shop","9":"product_cat-personnages-cadeaux","11":"first","12":"instock","13":"shipping-taxable","14":"purchasable","15":"product-type-simple"},"acf":[],"_links":{"self":[{"href":"https:\/\/lebouquet.brstdev.com\/fr\/wp-json\/wp\/v2\/product\/59971","targetHints":{"allow":["GET"]}}],"collection":[{"href":"https:\/\/lebouquet.brstdev.com\/fr\/wp-json\/wp\/v2\/product"}],"about":[{"href":"https:\/\/lebouquet.brstdev.com\/fr\/wp-json\/wp\/v2\/types\/product"}],"replies":[{"embeddable":true,"href":"https:\/\/lebouquet.brstdev.com\/fr\/wp-json\/wp\/v2\/comments?post=59971"}],"wp:featuredmedia":[{"embeddable":true,"href":"https:\/\/lebouquet.brstdev.com\/fr\/wp-json\/wp\/v2\/media\/59949"}],"wp:attachment":[{"href":"https:\/\/lebouquet.brstdev.com\/fr\/wp-json\/wp\/v2\/media?parent=59971"}],"wp:term":[{"taxonomy":"recipe","embeddable":true,"href":"https:\/\/lebouquet.brstdev.com\/fr\/wp-json\/wp\/v2\/recipe?post=59971"},{"taxonomy":"product_brand","embeddable":true,"href":"https:\/\/lebouquet.brstdev.com\/fr\/wp-json\/wp\/v2\/product_brand?post=59971"},{"taxonomy":"product_cat","embeddable":true,"href":"https:\/\/lebouquet.brstdev.com\/fr\/wp-json\/wp\/v2\/product_cat?post=59971"},{"taxonomy":"product_tag","embeddable":true,"href":"https:\/\/lebouquet.brstdev.com\/fr\/wp-json\/wp\/v2\/product_tag?post=59971"}],"curies":[{"name":"wp","href":"https:\/\/api.w.org\/{rel}","templated":true}]}}