{"id":59844,"date":"2024-01-19T08:52:25","date_gmt":"2024-01-19T13:52:25","guid":{"rendered":"https:\/\/lebouquetnew.brstdev.com\/daisy-tumbler\/"},"modified":"2024-08-29T09:14:47","modified_gmt":"2024-08-29T13:14:47","slug":"marguerites-rafraichissantes","status":"publish","type":"product","link":"https:\/\/lebouquet.brstdev.com\/fr\/marguerites-rafraichissantes\/","title":{"rendered":"Marguerites rafra\u00eechissantes"},"content":{"rendered":"<p>L&rsquo;\u00e9t\u00e9, c&rsquo;est la saison des boissons glac\u00e9es et des jardins en pleine floraison! Deux cadeaux en un, le Daisy Tumbler contient des asters blancs et des marguerites jaunes dispos\u00e9s dans un gobelet \u00e0 boissons r\u00e9utilisable inspir\u00e9 d&rsquo;une pose de yoga. Avec son couvercle et sa paille r\u00e9utilisable, le gobelet porte un message : \u00ab\u00a0Shopping Pose : Finding Healthy Outlets\u00a0\u00bb. &nbsp;ANGLAIS SEULEMENT<\/p>\n","protected":false},"excerpt":{"rendered":"<p style=\"text-align:center;\"><strong>ANGLAIS SEULEMENT<\/strong><\/p>\n","protected":false},"featured_media":0,"comment_status":"open","ping_status":"closed","template":"","meta":{"_acf_changed":false},"recipe":[],"product_brand":[],"product_cat":[15],"product_tag":[],"class_list":{"0":"post-59844","1":"product","2":"type-product","3":"status-publish","5":"product_cat-uncategorized","7":"first","8":"instock","9":"shipping-taxable","10":"purchasable","11":"product-type-simple"},"acf":[],"_links":{"self":[{"href":"https:\/\/lebouquet.brstdev.com\/fr\/wp-json\/wp\/v2\/product\/59844","targetHints":{"allow":["GET"]}}],"collection":[{"href":"https:\/\/lebouquet.brstdev.com\/fr\/wp-json\/wp\/v2\/product"}],"about":[{"href":"https:\/\/lebouquet.brstdev.com\/fr\/wp-json\/wp\/v2\/types\/product"}],"replies":[{"embeddable":true,"href":"https:\/\/lebouquet.brstdev.com\/fr\/wp-json\/wp\/v2\/comments?post=59844"}],"wp:attachment":[{"href":"https:\/\/lebouquet.brstdev.com\/fr\/wp-json\/wp\/v2\/media?parent=59844"}],"wp:term":[{"taxonomy":"recipe","embeddable":true,"href":"https:\/\/lebouquet.brstdev.com\/fr\/wp-json\/wp\/v2\/recipe?post=59844"},{"taxonomy":"product_brand","embeddable":true,"href":"https:\/\/lebouquet.brstdev.com\/fr\/wp-json\/wp\/v2\/product_brand?post=59844"},{"taxonomy":"product_cat","embeddable":true,"href":"https:\/\/lebouquet.brstdev.com\/fr\/wp-json\/wp\/v2\/product_cat?post=59844"},{"taxonomy":"product_tag","embeddable":true,"href":"https:\/\/lebouquet.brstdev.com\/fr\/wp-json\/wp\/v2\/product_tag?post=59844"}],"curies":[{"name":"wp","href":"https:\/\/api.w.org\/{rel}","templated":true}]}}