{"id":59813,"date":"2024-01-19T08:51:38","date_gmt":"2024-01-19T13:51:38","guid":{"rendered":"https:\/\/lebouquetnew.brstdev.com\/designers-choice-custom-piece\/"},"modified":"2026-03-28T03:32:10","modified_gmt":"2026-03-28T07:32:10","slug":"choix-du-fleuriste","status":"publish","type":"product","link":"https:\/\/lebouquet.brstdev.com\/fr\/choix-du-fleuriste\/","title":{"rendered":"Choix du fleuriste &#8211; Pi\u00e8ce personnalis\u00e9e"},"content":{"rendered":"<p>Laissez nos fleuristes experts de Le Bouquet cr\u00e9er quelque chose d\u2019unique pour vous avec notre <i>Bouquet sur mesure<\/i> ! Disponible en quatre tailles, avec ou sans vase, chaque arrangement est con\u00e7u avec soin et cr\u00e9ativit\u00e9, parfait pour toutes les occasions. Vous avez des pr\u00e9f\u00e9rences ? Indiquez-les simplement dans les commentaires lors du paiement, et nous r\u00e9aliserons votre vision. Depuis 1978, nous cr\u00e9ons des compositions florales inoubliables pour nos clients de Montr\u00e9al. Voici quelques-uns de nos mod\u00e8les pour vous inspirer, mais chaque bouquet que nous cr\u00e9ons est aussi unique que vous.<\/p>\n","protected":false},"excerpt":{"rendered":"<p>Laissez nos fleuristes experts de Le Bouquet cr\u00e9er quelque chose d\u2019unique pour vous avec notre Bouquet sur mesure ! Disponible en quatre tailles, avec ou sans vase, chaque arrangement est con\u00e7u avec soin et cr\u00e9ativit\u00e9, parfait pour toutes les occasions. Vous avez des pr\u00e9f\u00e9rences ? Indiquez-les simplement dans les commentaires lors du paiement, et nous [&hellip;]<\/p>\n","protected":false},"featured_media":59765,"comment_status":"open","ping_status":"closed","template":"","meta":{"_acf_changed":false},"recipe":[],"product_brand":[],"product_cat":[7592,7564,7588,7560,7590,7586,17153],"product_tag":[],"class_list":{"0":"post-59813","1":"product","2":"type-product","3":"status-publish","4":"has-post-thumbnail","6":"product_cat-anniversaire-de-naissance","7":"product_cat-bouquets-de-fleurs","8":"product_cat-fete-des-meres-evenements","9":"product_cat-fleurs-montreal","10":"product_cat-fleurs-anniversaire-fiancailles-montreal","11":"product_cat-fleurs-roch-hachana-montreal","12":"product_cat-fleurs-occasions-montreal","14":"first","15":"instock","16":"shipping-taxable","17":"purchasable","18":"product-type-simple"},"acf":[],"_links":{"self":[{"href":"https:\/\/lebouquet.brstdev.com\/fr\/wp-json\/wp\/v2\/product\/59813","targetHints":{"allow":["GET"]}}],"collection":[{"href":"https:\/\/lebouquet.brstdev.com\/fr\/wp-json\/wp\/v2\/product"}],"about":[{"href":"https:\/\/lebouquet.brstdev.com\/fr\/wp-json\/wp\/v2\/types\/product"}],"replies":[{"embeddable":true,"href":"https:\/\/lebouquet.brstdev.com\/fr\/wp-json\/wp\/v2\/comments?post=59813"}],"wp:featuredmedia":[{"embeddable":true,"href":"https:\/\/lebouquet.brstdev.com\/fr\/wp-json\/wp\/v2\/media\/59765"}],"wp:attachment":[{"href":"https:\/\/lebouquet.brstdev.com\/fr\/wp-json\/wp\/v2\/media?parent=59813"}],"wp:term":[{"taxonomy":"recipe","embeddable":true,"href":"https:\/\/lebouquet.brstdev.com\/fr\/wp-json\/wp\/v2\/recipe?post=59813"},{"taxonomy":"product_brand","embeddable":true,"href":"https:\/\/lebouquet.brstdev.com\/fr\/wp-json\/wp\/v2\/product_brand?post=59813"},{"taxonomy":"product_cat","embeddable":true,"href":"https:\/\/lebouquet.brstdev.com\/fr\/wp-json\/wp\/v2\/product_cat?post=59813"},{"taxonomy":"product_tag","embeddable":true,"href":"https:\/\/lebouquet.brstdev.com\/fr\/wp-json\/wp\/v2\/product_tag?post=59813"}],"curies":[{"name":"wp","href":"https:\/\/api.w.org\/{rel}","templated":true}]}}