{"id":59763,"date":"2024-01-19T08:51:12","date_gmt":"2024-01-19T13:51:12","guid":{"rendered":"https:\/\/lebouquetnew.brstdev.com\/leonidas-summer-box\/"},"modified":"2025-08-13T06:07:37","modified_gmt":"2025-08-13T10:07:37","slug":"boite-dete-leonidas","status":"publish","type":"product","link":"https:\/\/lebouquet.brstdev.com\/fr\/boite-dete-leonidas\/","title":{"rendered":"Bo\u00eete d&rsquo;\u00e9t\u00e9 Leonidas"},"content":{"rendered":"<p>Envoyez 32 chocolats belges fondants dans la vibrante &lsquo;Bo\u00eete d&rsquo;\u00e9t\u00e9&rsquo; pour \u00e9gayer la journ\u00e9e de quelqu&rsquo;un sp\u00e9cial! L&rsquo;assortiment de chocolats comprend des chocolats noirs, au lait et blancs fourr\u00e9s de cr\u00e8mes au beurre, de ganaches, de pralines et de caramels.<\/p>\n","protected":false},"excerpt":{"rendered":"<p>Envoyez 32 chocolats belges fondants dans la vibrante &lsquo;Bo\u00eete d&rsquo;\u00e9t\u00e9&rsquo; pour \u00e9gayer la journ\u00e9e de quelqu&rsquo;un sp\u00e9cial! L&rsquo;assortiment de chocolats comprend des chocolats noirs, au lait et blancs fourr\u00e9s de cr\u00e8mes au beurre, de ganaches, de pralines et de caramels.<\/p>\n","protected":false},"featured_media":59756,"comment_status":"open","ping_status":"closed","template":"","meta":{"_acf_changed":false,"inline_featured_image":false},"recipe":[],"product_brand":[],"product_cat":[7648,7649,17155,7647],"product_tag":[],"class_list":{"0":"post-59763","1":"product","2":"type-product","3":"status-publish","4":"has-post-thumbnail","6":"product_cat-cadeaux","7":"product_cat-chocolates","8":"product_cat-chocolates-fr","9":"product_cat-gift-shop","11":"first","12":"instock","13":"shipping-taxable","14":"purchasable","15":"product-type-simple"},"acf":[],"_links":{"self":[{"href":"https:\/\/lebouquet.brstdev.com\/fr\/wp-json\/wp\/v2\/product\/59763","targetHints":{"allow":["GET"]}}],"collection":[{"href":"https:\/\/lebouquet.brstdev.com\/fr\/wp-json\/wp\/v2\/product"}],"about":[{"href":"https:\/\/lebouquet.brstdev.com\/fr\/wp-json\/wp\/v2\/types\/product"}],"replies":[{"embeddable":true,"href":"https:\/\/lebouquet.brstdev.com\/fr\/wp-json\/wp\/v2\/comments?post=59763"}],"wp:featuredmedia":[{"embeddable":true,"href":"https:\/\/lebouquet.brstdev.com\/fr\/wp-json\/wp\/v2\/media\/59756"}],"wp:attachment":[{"href":"https:\/\/lebouquet.brstdev.com\/fr\/wp-json\/wp\/v2\/media?parent=59763"}],"wp:term":[{"taxonomy":"recipe","embeddable":true,"href":"https:\/\/lebouquet.brstdev.com\/fr\/wp-json\/wp\/v2\/recipe?post=59763"},{"taxonomy":"product_brand","embeddable":true,"href":"https:\/\/lebouquet.brstdev.com\/fr\/wp-json\/wp\/v2\/product_brand?post=59763"},{"taxonomy":"product_cat","embeddable":true,"href":"https:\/\/lebouquet.brstdev.com\/fr\/wp-json\/wp\/v2\/product_cat?post=59763"},{"taxonomy":"product_tag","embeddable":true,"href":"https:\/\/lebouquet.brstdev.com\/fr\/wp-json\/wp\/v2\/product_tag?post=59763"}],"curies":[{"name":"wp","href":"https:\/\/api.w.org\/{rel}","templated":true}]}}