{"id":59490,"date":"2024-01-19T08:48:37","date_gmt":"2024-01-19T13:48:37","guid":{"rendered":"https:\/\/lebouquetnew.brstdev.com\/leonidas-assorted-chocolate-covered-almonds\/"},"modified":"2026-03-28T05:20:14","modified_gmt":"2026-03-28T09:20:14","slug":"amandes-enrobees-de-chocolat-assortis-leonidas","status":"publish","type":"product","link":"https:\/\/lebouquet.brstdev.com\/fr\/amandes-enrobees-de-chocolat-assortis-leonidas\/","title":{"rendered":"Amandes Enrob\u00e9es de Chocolat Leonidas Assorties"},"content":{"rendered":"<p>Savourez l\u2019alliance parfaite du croquant et de la gourmandise avec les <strong>Amandes Enrob\u00e9es de Chocolat Leonidas Assorties<\/strong>. Des amandes enti\u00e8res enrob\u00e9es de chocolat belge noir, au lait et blanc.<\/p>\n","protected":false},"excerpt":{"rendered":"<p>Savourez l\u2019alliance parfaite du croquant et de la gourmandise avec les Amandes Enrob\u00e9es de Chocolat Leonidas Assorties. Des amandes enti\u00e8res enrob\u00e9es de chocolat belge noir, au lait et blanc.<\/p>\n","protected":false},"featured_media":122559,"comment_status":"open","ping_status":"closed","template":"","meta":{"_acf_changed":false},"recipe":[],"product_brand":[],"product_cat":[7648,7649,17155,7647],"product_tag":[],"class_list":{"0":"post-59490","1":"product","2":"type-product","3":"status-publish","4":"has-post-thumbnail","6":"product_cat-cadeaux","7":"product_cat-chocolates","8":"product_cat-chocolates-fr","9":"product_cat-gift-shop","11":"first","12":"instock","13":"shipping-taxable","14":"purchasable","15":"product-type-simple"},"acf":[],"_links":{"self":[{"href":"https:\/\/lebouquet.brstdev.com\/fr\/wp-json\/wp\/v2\/product\/59490","targetHints":{"allow":["GET"]}}],"collection":[{"href":"https:\/\/lebouquet.brstdev.com\/fr\/wp-json\/wp\/v2\/product"}],"about":[{"href":"https:\/\/lebouquet.brstdev.com\/fr\/wp-json\/wp\/v2\/types\/product"}],"replies":[{"embeddable":true,"href":"https:\/\/lebouquet.brstdev.com\/fr\/wp-json\/wp\/v2\/comments?post=59490"}],"wp:featuredmedia":[{"embeddable":true,"href":"https:\/\/lebouquet.brstdev.com\/fr\/wp-json\/wp\/v2\/media\/122559"}],"wp:attachment":[{"href":"https:\/\/lebouquet.brstdev.com\/fr\/wp-json\/wp\/v2\/media?parent=59490"}],"wp:term":[{"taxonomy":"recipe","embeddable":true,"href":"https:\/\/lebouquet.brstdev.com\/fr\/wp-json\/wp\/v2\/recipe?post=59490"},{"taxonomy":"product_brand","embeddable":true,"href":"https:\/\/lebouquet.brstdev.com\/fr\/wp-json\/wp\/v2\/product_brand?post=59490"},{"taxonomy":"product_cat","embeddable":true,"href":"https:\/\/lebouquet.brstdev.com\/fr\/wp-json\/wp\/v2\/product_cat?post=59490"},{"taxonomy":"product_tag","embeddable":true,"href":"https:\/\/lebouquet.brstdev.com\/fr\/wp-json\/wp\/v2\/product_tag?post=59490"}],"curies":[{"name":"wp","href":"https:\/\/api.w.org\/{rel}","templated":true}]}}