{"id":59472,"date":"2024-01-19T08:48:22","date_gmt":"2024-01-19T13:48:22","guid":{"rendered":"https:\/\/lebouquetnew.brstdev.com\/thin-chocolate-biscuits-by-leonidas\/"},"modified":"2025-08-13T06:07:47","modified_gmt":"2025-08-13T10:07:47","slug":"biscuits-fins-au-chocolat-leonidas","status":"publish","type":"product","link":"https:\/\/lebouquet.brstdev.com\/fr\/biscuits-fins-au-chocolat-leonidas\/","title":{"rendered":"Biscuits fins au chocolat Leonidas"},"content":{"rendered":"<p>Un ajout merveilleux \u00e0 un centre de table ou \u00e0 un petit cadeau. Ces friandises croustillantes, qui pourraient \u00eatre l\u2019\u00e9quivalent des chips chez les biscuits, vont se faire d\u00e9vorer en quelques secondes. Ce biscuit fin est tremp\u00e9 dans du chocolat noir, blanc ou au lait, sur l\u2019un des c\u00f4t\u00e9s, et est rempli d\u2019amandes et de canneberges.<\/p>\n","protected":false},"excerpt":{"rendered":"<p>Un ajout merveilleux \u00e0 un centre de table ou \u00e0 un petit cadeau. Ces friandises croustillantes, qui pourraient \u00eatre l\u2019\u00e9quivalent des chips chez les biscuits, vont se faire d\u00e9vorer en quelques secondes. Ce biscuit fin est tremp\u00e9 dans du chocolat noir, blanc ou au lait, sur l\u2019un des c\u00f4t\u00e9s, et est rempli d\u2019amandes et de [&hellip;]<\/p>\n","protected":false},"featured_media":59463,"comment_status":"open","ping_status":"closed","template":"","meta":{"_acf_changed":false,"inline_featured_image":false},"recipe":[],"product_brand":[],"product_cat":[7648,7649,17155,7647],"product_tag":[],"class_list":{"0":"post-59472","1":"product","2":"type-product","3":"status-publish","4":"has-post-thumbnail","6":"product_cat-cadeaux","7":"product_cat-chocolates","8":"product_cat-chocolates-fr","9":"product_cat-gift-shop","11":"first","12":"instock","13":"shipping-taxable","14":"purchasable","15":"product-type-simple"},"acf":[],"_links":{"self":[{"href":"https:\/\/lebouquet.brstdev.com\/fr\/wp-json\/wp\/v2\/product\/59472","targetHints":{"allow":["GET"]}}],"collection":[{"href":"https:\/\/lebouquet.brstdev.com\/fr\/wp-json\/wp\/v2\/product"}],"about":[{"href":"https:\/\/lebouquet.brstdev.com\/fr\/wp-json\/wp\/v2\/types\/product"}],"replies":[{"embeddable":true,"href":"https:\/\/lebouquet.brstdev.com\/fr\/wp-json\/wp\/v2\/comments?post=59472"}],"wp:featuredmedia":[{"embeddable":true,"href":"https:\/\/lebouquet.brstdev.com\/fr\/wp-json\/wp\/v2\/media\/59463"}],"wp:attachment":[{"href":"https:\/\/lebouquet.brstdev.com\/fr\/wp-json\/wp\/v2\/media?parent=59472"}],"wp:term":[{"taxonomy":"recipe","embeddable":true,"href":"https:\/\/lebouquet.brstdev.com\/fr\/wp-json\/wp\/v2\/recipe?post=59472"},{"taxonomy":"product_brand","embeddable":true,"href":"https:\/\/lebouquet.brstdev.com\/fr\/wp-json\/wp\/v2\/product_brand?post=59472"},{"taxonomy":"product_cat","embeddable":true,"href":"https:\/\/lebouquet.brstdev.com\/fr\/wp-json\/wp\/v2\/product_cat?post=59472"},{"taxonomy":"product_tag","embeddable":true,"href":"https:\/\/lebouquet.brstdev.com\/fr\/wp-json\/wp\/v2\/product_tag?post=59472"}],"curies":[{"name":"wp","href":"https:\/\/api.w.org\/{rel}","templated":true}]}}