{"id":59416,"date":"2024-01-19T08:47:10","date_gmt":"2024-01-19T13:47:10","guid":{"rendered":"https:\/\/lebouquetnew.brstdev.com\/leonidas-chocolate-bars-100gr\/"},"modified":"2025-08-13T06:07:49","modified_gmt":"2025-08-13T10:07:49","slug":"barres-de-chocolat-leonidas-100g","status":"publish","type":"product","link":"https:\/\/lebouquet.brstdev.com\/fr\/barres-de-chocolat-leonidas-100g\/","title":{"rendered":"Barres de chocolat Leonidas 100g"},"content":{"rendered":"<p>Notre s\u00e9lection de chocolat s\u2019est \u00e9largie! Nous avons cinq nouvelles saveurs \u00e9l\u00e9gantes en format 100g\u2026 croyez-nous, il n\u2019en restera pas longtemps chez vous, donc partagez! La solution id\u00e9ale pour am\u00e9liorer votre cadeau.<\/p>\n","protected":false},"excerpt":{"rendered":"<p><strong>Milk Chocolate<\/strong><\/p>\n<p><strong>Milk Salted Caramel<\/strong><\/p>\n<p><strong>Milk Salted Almond<\/strong><\/p>\n<p><strong>Milk Hazelnut<\/strong><\/p>\n<p><strong>Dark Orange<\/strong><\/p>\n<p><strong>Dark 70% Cocoa<\/strong><\/p>\n","protected":false},"featured_media":59352,"comment_status":"open","ping_status":"closed","template":"","meta":{"_acf_changed":false,"inline_featured_image":false},"recipe":[],"product_brand":[],"product_cat":[7648,7649,17155,7647],"product_tag":[],"class_list":{"0":"post-59416","1":"product","2":"type-product","3":"status-publish","4":"has-post-thumbnail","6":"product_cat-cadeaux","7":"product_cat-chocolates","8":"product_cat-chocolates-fr","9":"product_cat-gift-shop","11":"first","12":"instock","13":"shipping-taxable","14":"purchasable","15":"product-type-simple"},"acf":[],"_links":{"self":[{"href":"https:\/\/lebouquet.brstdev.com\/fr\/wp-json\/wp\/v2\/product\/59416","targetHints":{"allow":["GET"]}}],"collection":[{"href":"https:\/\/lebouquet.brstdev.com\/fr\/wp-json\/wp\/v2\/product"}],"about":[{"href":"https:\/\/lebouquet.brstdev.com\/fr\/wp-json\/wp\/v2\/types\/product"}],"replies":[{"embeddable":true,"href":"https:\/\/lebouquet.brstdev.com\/fr\/wp-json\/wp\/v2\/comments?post=59416"}],"wp:featuredmedia":[{"embeddable":true,"href":"https:\/\/lebouquet.brstdev.com\/fr\/wp-json\/wp\/v2\/media\/59352"}],"wp:attachment":[{"href":"https:\/\/lebouquet.brstdev.com\/fr\/wp-json\/wp\/v2\/media?parent=59416"}],"wp:term":[{"taxonomy":"recipe","embeddable":true,"href":"https:\/\/lebouquet.brstdev.com\/fr\/wp-json\/wp\/v2\/recipe?post=59416"},{"taxonomy":"product_brand","embeddable":true,"href":"https:\/\/lebouquet.brstdev.com\/fr\/wp-json\/wp\/v2\/product_brand?post=59416"},{"taxonomy":"product_cat","embeddable":true,"href":"https:\/\/lebouquet.brstdev.com\/fr\/wp-json\/wp\/v2\/product_cat?post=59416"},{"taxonomy":"product_tag","embeddable":true,"href":"https:\/\/lebouquet.brstdev.com\/fr\/wp-json\/wp\/v2\/product_tag?post=59416"}],"curies":[{"name":"wp","href":"https:\/\/api.w.org\/{rel}","templated":true}]}}