{"id":59393,"date":"2024-01-19T08:47:16","date_gmt":"2024-01-19T13:47:16","guid":{"rendered":"https:\/\/lebouquetnew.brstdev.com\/white-elegance-3\/"},"modified":"2026-02-07T13:32:45","modified_gmt":"2026-02-07T18:32:45","slug":"elegance-blanche","status":"publish","type":"product","link":"https:\/\/lebouquet.brstdev.com\/fr\/elegance-blanche\/","title":{"rendered":"\u00c9l\u00e9gance blanche"},"content":{"rendered":"<p>Cet arrangement intemporel pr\u00e9sente un magnifique ensemble de roses blanches immacul\u00e9es et de verdure luxuriante, soigneusement con\u00e7u pour offrir r\u00e9confort et exprimer des condol\u00e9ances sinc\u00e8res. Id\u00e9al pour les services fun\u00e9raires ou comme geste de sympathie \u00e0 domicile, cet \u00e9l\u00e9gant bouquet apporte paix et gr\u00e2ce, rappelant avec douceur l&rsquo;amour et le souvenir en ces moments difficiles.<\/p>\n<p>Standard &#8211; 6 &nbsp;roses &nbsp; &nbsp;Environ 11&Prime;L x 11&Prime;l x 16&Prime;h &nbsp;<br \/>De luxe &nbsp; &#8211; 9 &nbsp;roses &nbsp; &nbsp; Environ 12&Prime;L x 12&Prime;l x 16&Prime;h &nbsp;<br \/>Premium &nbsp;&#8211; 12 roses &nbsp;Environ 13&Prime;L x 13&Prime;l x 17&Prime;h<\/p>\n","protected":false},"excerpt":{"rendered":"<p>Cet arrangement intemporel pr\u00e9sente un magnifique ensemble de roses blanches immacul\u00e9es et de verdure luxuriante, soigneusement con\u00e7u pour offrir r\u00e9confort et exprimer des condol\u00e9ances sinc\u00e8res. Id\u00e9al pour les services fun\u00e9raires ou comme geste de sympathie \u00e0 domicile, cet \u00e9l\u00e9gant bouquet apporte paix et gr\u00e2ce, rappelant avec douceur l&rsquo;amour et le souvenir en ces moments difficiles. [&hellip;]<\/p>\n","protected":false},"featured_media":98006,"comment_status":"open","ping_status":"closed","template":"","meta":{"_acf_changed":false},"recipe":[],"product_brand":[],"product_cat":[7622,7620],"product_tag":[],"class_list":{"0":"post-59393","1":"product","2":"type-product","3":"status-publish","4":"has-post-thumbnail","6":"product_cat-condoleances-pour-la-maison-funeraire","7":"product_cat-fleurs-funeraires-montreal","9":"first","10":"instock","11":"shipping-taxable","12":"purchasable","13":"product-type-simple"},"acf":[],"_links":{"self":[{"href":"https:\/\/lebouquet.brstdev.com\/fr\/wp-json\/wp\/v2\/product\/59393","targetHints":{"allow":["GET"]}}],"collection":[{"href":"https:\/\/lebouquet.brstdev.com\/fr\/wp-json\/wp\/v2\/product"}],"about":[{"href":"https:\/\/lebouquet.brstdev.com\/fr\/wp-json\/wp\/v2\/types\/product"}],"replies":[{"embeddable":true,"href":"https:\/\/lebouquet.brstdev.com\/fr\/wp-json\/wp\/v2\/comments?post=59393"}],"wp:featuredmedia":[{"embeddable":true,"href":"https:\/\/lebouquet.brstdev.com\/fr\/wp-json\/wp\/v2\/media\/98006"}],"wp:attachment":[{"href":"https:\/\/lebouquet.brstdev.com\/fr\/wp-json\/wp\/v2\/media?parent=59393"}],"wp:term":[{"taxonomy":"recipe","embeddable":true,"href":"https:\/\/lebouquet.brstdev.com\/fr\/wp-json\/wp\/v2\/recipe?post=59393"},{"taxonomy":"product_brand","embeddable":true,"href":"https:\/\/lebouquet.brstdev.com\/fr\/wp-json\/wp\/v2\/product_brand?post=59393"},{"taxonomy":"product_cat","embeddable":true,"href":"https:\/\/lebouquet.brstdev.com\/fr\/wp-json\/wp\/v2\/product_cat?post=59393"},{"taxonomy":"product_tag","embeddable":true,"href":"https:\/\/lebouquet.brstdev.com\/fr\/wp-json\/wp\/v2\/product_tag?post=59393"}],"curies":[{"name":"wp","href":"https:\/\/api.w.org\/{rel}","templated":true}]}}