{"id":59348,"date":"2024-01-19T08:45:59","date_gmt":"2024-01-19T13:45:59","guid":{"rendered":"https:\/\/lebouquetnew.brstdev.com\/leonidas-belgian-assorted-chocolates\/"},"modified":"2025-08-13T06:07:50","modified_gmt":"2025-08-13T10:07:50","slug":"chocolats-assortis-leonidas","status":"publish","type":"product","link":"https:\/\/lebouquet.brstdev.com\/fr\/chocolats-assortis-leonidas\/","title":{"rendered":"Chocolats assortis Leonidas"},"content":{"rendered":"<p>Les chocolats belges Leonidas sont devenus un incontournable chez Le Bouquet ! R\u00e9put\u00e9s pour leur qualit\u00e9 exceptionnelle, ces chocolats offrent une gamme de saveurs d\u00e9licieuses, allant du chocolat au lait onctueux au chocolat noir intense et au chocolat blanc d\u00e9cadent. La bo\u00eete assortie est parfaite pour d\u00e9guster ces d\u00e9licatesses belges exquises et satisfaire tous les go\u00fbts. Id\u00e9aux comme cadeau ou pour se faire plaisir, les chocolats Leonidas apportent une touche de luxe \u00e0 chaque occasion.<\/p>\n","protected":false},"excerpt":{"rendered":"<p>Les chocolats belges Leonidas sont devenus un incontournable chez Le Bouquet ! R\u00e9put\u00e9s pour leur qualit\u00e9 exceptionnelle, ces chocolats offrent une gamme de saveurs d\u00e9licieuses, allant du chocolat au lait onctueux au chocolat noir intense et au chocolat blanc d\u00e9cadent. La bo\u00eete assortie est parfaite pour d\u00e9guster ces d\u00e9licatesses belges exquises et satisfaire tous les [&hellip;]<\/p>\n","protected":false},"featured_media":59174,"comment_status":"open","ping_status":"closed","template":"","meta":{"_acf_changed":false,"inline_featured_image":false},"recipe":[],"product_brand":[],"product_cat":[7648,7649,17155,7647,7554,7553],"product_tag":[],"class_list":{"0":"post-59348","1":"product","2":"type-product","3":"status-publish","4":"has-post-thumbnail","6":"product_cat-cadeaux","7":"product_cat-chocolates","8":"product_cat-chocolates-fr","9":"product_cat-gift-shop","10":"product_cat-populaires","11":"product_cat-popular","13":"first","14":"instock","15":"shipping-taxable","16":"purchasable","17":"product-type-simple"},"acf":[],"_links":{"self":[{"href":"https:\/\/lebouquet.brstdev.com\/fr\/wp-json\/wp\/v2\/product\/59348","targetHints":{"allow":["GET"]}}],"collection":[{"href":"https:\/\/lebouquet.brstdev.com\/fr\/wp-json\/wp\/v2\/product"}],"about":[{"href":"https:\/\/lebouquet.brstdev.com\/fr\/wp-json\/wp\/v2\/types\/product"}],"replies":[{"embeddable":true,"href":"https:\/\/lebouquet.brstdev.com\/fr\/wp-json\/wp\/v2\/comments?post=59348"}],"wp:featuredmedia":[{"embeddable":true,"href":"https:\/\/lebouquet.brstdev.com\/fr\/wp-json\/wp\/v2\/media\/59174"}],"wp:attachment":[{"href":"https:\/\/lebouquet.brstdev.com\/fr\/wp-json\/wp\/v2\/media?parent=59348"}],"wp:term":[{"taxonomy":"recipe","embeddable":true,"href":"https:\/\/lebouquet.brstdev.com\/fr\/wp-json\/wp\/v2\/recipe?post=59348"},{"taxonomy":"product_brand","embeddable":true,"href":"https:\/\/lebouquet.brstdev.com\/fr\/wp-json\/wp\/v2\/product_brand?post=59348"},{"taxonomy":"product_cat","embeddable":true,"href":"https:\/\/lebouquet.brstdev.com\/fr\/wp-json\/wp\/v2\/product_cat?post=59348"},{"taxonomy":"product_tag","embeddable":true,"href":"https:\/\/lebouquet.brstdev.com\/fr\/wp-json\/wp\/v2\/product_tag?post=59348"}],"curies":[{"name":"wp","href":"https:\/\/api.w.org\/{rel}","templated":true}]}}