{"id":59070,"date":"2024-01-19T08:45:02","date_gmt":"2024-01-19T13:45:02","guid":{"rendered":"https:\/\/lebouquetnew.brstdev.com\/golden-teddy-bear\/"},"modified":"2025-11-13T08:01:31","modified_gmt":"2025-11-13T13:01:31","slug":"ourson-dore","status":"publish","type":"product","link":"https:\/\/lebouquet.brstdev.com\/fr\/ourson-dore\/","title":{"rendered":"Ourson dor\u00e9"},"content":{"rendered":"<p>L&rsquo;ourson dor\u00e9 est super doux et tr\u00e8s bien fait&#8230; les perles dans ses pattes l&rsquo;aident \u00e0 garder sa forme et \u00e0 rester comme vous le placez ! Environ 10\u00a0\u00bb en s&rsquo;asseyant.<\/p>\n","protected":false},"excerpt":{"rendered":"<p>L&rsquo;ourson dor\u00e9 est super doux et tr\u00e8s bien fait&#8230; les perles dans ses pattes l&rsquo;aident \u00e0 garder sa forme et \u00e0 rester comme vous le placez ! Environ 10\u00a0\u00bb en s&rsquo;asseyant.<\/p>\n","protected":false},"featured_media":59057,"comment_status":"open","ping_status":"closed","template":"","meta":{"_acf_changed":false},"recipe":[],"product_brand":[],"product_cat":[7648,7654],"product_tag":[],"class_list":{"0":"post-59070","1":"product","2":"type-product","3":"status-publish","4":"has-post-thumbnail","6":"product_cat-cadeaux","7":"product_cat-oursons-cadeaux","9":"first","10":"instock","11":"shipping-taxable","12":"purchasable","13":"product-type-simple"},"acf":[],"_links":{"self":[{"href":"https:\/\/lebouquet.brstdev.com\/fr\/wp-json\/wp\/v2\/product\/59070","targetHints":{"allow":["GET"]}}],"collection":[{"href":"https:\/\/lebouquet.brstdev.com\/fr\/wp-json\/wp\/v2\/product"}],"about":[{"href":"https:\/\/lebouquet.brstdev.com\/fr\/wp-json\/wp\/v2\/types\/product"}],"replies":[{"embeddable":true,"href":"https:\/\/lebouquet.brstdev.com\/fr\/wp-json\/wp\/v2\/comments?post=59070"}],"wp:featuredmedia":[{"embeddable":true,"href":"https:\/\/lebouquet.brstdev.com\/fr\/wp-json\/wp\/v2\/media\/59057"}],"wp:attachment":[{"href":"https:\/\/lebouquet.brstdev.com\/fr\/wp-json\/wp\/v2\/media?parent=59070"}],"wp:term":[{"taxonomy":"recipe","embeddable":true,"href":"https:\/\/lebouquet.brstdev.com\/fr\/wp-json\/wp\/v2\/recipe?post=59070"},{"taxonomy":"product_brand","embeddable":true,"href":"https:\/\/lebouquet.brstdev.com\/fr\/wp-json\/wp\/v2\/product_brand?post=59070"},{"taxonomy":"product_cat","embeddable":true,"href":"https:\/\/lebouquet.brstdev.com\/fr\/wp-json\/wp\/v2\/product_cat?post=59070"},{"taxonomy":"product_tag","embeddable":true,"href":"https:\/\/lebouquet.brstdev.com\/fr\/wp-json\/wp\/v2\/product_tag?post=59070"}],"curies":[{"name":"wp","href":"https:\/\/api.w.org\/{rel}","templated":true}]}}