{"id":58702,"date":"2024-01-19T08:42:13","date_gmt":"2024-01-19T13:42:13","guid":{"rendered":"https:\/\/lebouquetnew.brstdev.com\/celebration-centerpiece\/"},"modified":"2025-08-13T06:08:01","modified_gmt":"2025-08-13T10:08:01","slug":"spectaculaire-centre-de-table","status":"publish","type":"product","link":"https:\/\/lebouquet.brstdev.com\/fr\/spectaculaire-centre-de-table\/","title":{"rendered":"Spectaculaire centre de table"},"content":{"rendered":"<p>Toutes ces belles fleurs, ces couleurs \u00e9clatantes et&nbsp;cette fraicheur enivrante sont pr\u00eates \u00e0 \u00eatre l&rsquo;objet de tous les regards sur votre table majestueuse. Tout un spectacle! La grandeur approximative est de 2 pieds de long.<\/p>\n","protected":false},"excerpt":{"rendered":"<p>Toutes ces belles fleurs, ces couleurs \u00e9clatantes et&nbsp;cette fraicheur enivrante sont pr\u00eates \u00e0 \u00eatre l&rsquo;objet de tous les regards sur votre table majestueuse. Tout un spectacle! La grandeur approximative est de 2 pieds de long.<\/p>\n","protected":false},"featured_media":58688,"comment_status":"open","ping_status":"closed","template":"","meta":{"_acf_changed":false,"inline_featured_image":false},"recipe":[],"product_brand":[],"product_cat":[7590,7589,7560,7559,7569,17153],"product_tag":[],"class_list":{"0":"post-58702","1":"product","2":"type-product","3":"status-publish","4":"has-post-thumbnail","6":"product_cat-anniversaire-de-mariage-evenements","7":"product_cat-anniversaries-engagements","8":"product_cat-fleurs-2-2","9":"product_cat-flowers","10":"product_cat-occasions","11":"product_cat-occasions-fr","13":"first","14":"instock","15":"shipping-taxable","16":"purchasable","17":"product-type-simple"},"acf":[],"_links":{"self":[{"href":"https:\/\/lebouquet.brstdev.com\/fr\/wp-json\/wp\/v2\/product\/58702","targetHints":{"allow":["GET"]}}],"collection":[{"href":"https:\/\/lebouquet.brstdev.com\/fr\/wp-json\/wp\/v2\/product"}],"about":[{"href":"https:\/\/lebouquet.brstdev.com\/fr\/wp-json\/wp\/v2\/types\/product"}],"replies":[{"embeddable":true,"href":"https:\/\/lebouquet.brstdev.com\/fr\/wp-json\/wp\/v2\/comments?post=58702"}],"wp:featuredmedia":[{"embeddable":true,"href":"https:\/\/lebouquet.brstdev.com\/fr\/wp-json\/wp\/v2\/media\/58688"}],"wp:attachment":[{"href":"https:\/\/lebouquet.brstdev.com\/fr\/wp-json\/wp\/v2\/media?parent=58702"}],"wp:term":[{"taxonomy":"recipe","embeddable":true,"href":"https:\/\/lebouquet.brstdev.com\/fr\/wp-json\/wp\/v2\/recipe?post=58702"},{"taxonomy":"product_brand","embeddable":true,"href":"https:\/\/lebouquet.brstdev.com\/fr\/wp-json\/wp\/v2\/product_brand?post=58702"},{"taxonomy":"product_cat","embeddable":true,"href":"https:\/\/lebouquet.brstdev.com\/fr\/wp-json\/wp\/v2\/product_cat?post=58702"},{"taxonomy":"product_tag","embeddable":true,"href":"https:\/\/lebouquet.brstdev.com\/fr\/wp-json\/wp\/v2\/product_tag?post=58702"}],"curies":[{"name":"wp","href":"https:\/\/api.w.org\/{rel}","templated":true}]}}