{"id":58689,"date":"2024-01-19T08:42:05","date_gmt":"2024-01-19T13:42:05","guid":{"rendered":"https:\/\/lebouquetnew.brstdev.com\/fairy-tales\/"},"modified":"2025-08-13T06:08:01","modified_gmt":"2025-08-13T10:08:01","slug":"contes-de-fees","status":"publish","type":"product","link":"https:\/\/lebouquet.brstdev.com\/fr\/contes-de-fees\/","title":{"rendered":"Contes de f\u00e9es"},"content":{"rendered":"<p>C\u00e9l\u00e9brer une naissance? Pourquoi ne pas envoyer (ou apporter) un souvenir vraiment adorable! Contes de f\u00e9es est disponible dans l&rsquo;un des deux caract\u00e8res en c\u00e9ramique: la girafe tachet\u00e9e d&rsquo;or ou la licorne chatoyante! Chacune remplie de roses en a\u00e9rosol et de fleurs en stock pour compl.ter leur conception, le conte de f\u00e9es sera un cadeau appr\u00e9ci\u00e9 non seulement pour les fleurs.&nbsp; <strong>Approx.&nbsp; 9\u00a0\u00bbH x 10\u00a0\u00bbL<\/strong><\/p>\n","protected":false},"excerpt":{"rendered":"<p><strong>Approx.&nbsp; 9\u00a0\u00bbH x 10\u00a0\u00bbL<\/strong><\/p>\n","protected":false},"featured_media":58658,"comment_status":"open","ping_status":"closed","template":"","meta":{"_acf_changed":false,"inline_featured_image":false},"recipe":[],"product_brand":[],"product_cat":[7569,7594,7593,17153],"product_tag":[],"class_list":{"0":"post-58689","1":"product","2":"type-product","3":"status-publish","4":"has-post-thumbnail","6":"product_cat-occasions","7":"product_cat-naissances-evenements","8":"product_cat-newborn","9":"product_cat-occasions-fr","11":"first","12":"instock","13":"shipping-taxable","14":"purchasable","15":"product-type-simple"},"acf":[],"_links":{"self":[{"href":"https:\/\/lebouquet.brstdev.com\/fr\/wp-json\/wp\/v2\/product\/58689","targetHints":{"allow":["GET"]}}],"collection":[{"href":"https:\/\/lebouquet.brstdev.com\/fr\/wp-json\/wp\/v2\/product"}],"about":[{"href":"https:\/\/lebouquet.brstdev.com\/fr\/wp-json\/wp\/v2\/types\/product"}],"replies":[{"embeddable":true,"href":"https:\/\/lebouquet.brstdev.com\/fr\/wp-json\/wp\/v2\/comments?post=58689"}],"wp:featuredmedia":[{"embeddable":true,"href":"https:\/\/lebouquet.brstdev.com\/fr\/wp-json\/wp\/v2\/media\/58658"}],"wp:attachment":[{"href":"https:\/\/lebouquet.brstdev.com\/fr\/wp-json\/wp\/v2\/media?parent=58689"}],"wp:term":[{"taxonomy":"recipe","embeddable":true,"href":"https:\/\/lebouquet.brstdev.com\/fr\/wp-json\/wp\/v2\/recipe?post=58689"},{"taxonomy":"product_brand","embeddable":true,"href":"https:\/\/lebouquet.brstdev.com\/fr\/wp-json\/wp\/v2\/product_brand?post=58689"},{"taxonomy":"product_cat","embeddable":true,"href":"https:\/\/lebouquet.brstdev.com\/fr\/wp-json\/wp\/v2\/product_cat?post=58689"},{"taxonomy":"product_tag","embeddable":true,"href":"https:\/\/lebouquet.brstdev.com\/fr\/wp-json\/wp\/v2\/product_tag?post=58689"}],"curies":[{"name":"wp","href":"https:\/\/api.w.org\/{rel}","templated":true}]}}