{"id":58628,"date":"2024-01-19T08:41:41","date_gmt":"2024-01-19T13:41:41","guid":{"rendered":"https:\/\/lebouquetnew.brstdev.com\/madame-mimosa\/"},"modified":"2025-08-13T06:08:04","modified_gmt":"2025-08-13T10:08:04","slug":"madame-mimosa","status":"publish","type":"product","link":"https:\/\/lebouquet.brstdev.com\/fr\/madame-mimosa\/","title":{"rendered":"Madame Mimosa"},"content":{"rendered":"<p>D\u00e9couvrez la beaut\u00e9 \u00e9ph\u00e9m\u00e8re de \u00ab\u00a0Madame Mimosa\u00a0\u00bb, notre chef-d&rsquo;\u0153uvre floral exclusif sur LeBouquet.com. Cette cr\u00e9ation limit\u00e9e pr\u00e9sente le parfum unique du Mimosa, aux c\u00f4t\u00e9s de la lavande et des tulipes jaunes. Les \u00e9clatantes fleurs de Mimosa, la caspia d\u00e9licate et les feuillages luxuriants remplissent \u00e9l\u00e9gamment un vase, cr\u00e9ant une pr\u00e9sentation charmante. Embrassez l&rsquo;\u00e9l\u00e9gance \u00e9ph\u00e9m\u00e8re de Madame Mimosa, disponible pour une dur\u00e9e limit\u00e9e seulement. Commandez maintenant et rehaussez toute occasion avec ce m\u00e9lange sophistiqu\u00e9 de couleurs et de parfums. LeBouquet.com, o\u00f9 les moments fugaces deviennent des souvenirs durables \u00e0 travers le langage des fleurs.<\/p>\n","protected":false},"excerpt":{"rendered":"<p>D\u00e9couvrez la beaut\u00e9 \u00e9ph\u00e9m\u00e8re de \u00ab\u00a0Madame Mimosa\u00a0\u00bb, notre chef-d&rsquo;\u0153uvre floral exclusif sur LeBouquet.com. Cette cr\u00e9ation limit\u00e9e pr\u00e9sente le parfum unique du Mimosa, aux c\u00f4t\u00e9s de la lavande et des tulipes jaunes. Les \u00e9clatantes fleurs de Mimosa, la caspia d\u00e9licate et les feuillages luxuriants remplissent \u00e9l\u00e9gamment un vase, cr\u00e9ant une pr\u00e9sentation charmante. Embrassez l&rsquo;\u00e9l\u00e9gance \u00e9ph\u00e9m\u00e8re de [&hellip;]<\/p>\n","protected":false},"featured_media":58607,"comment_status":"open","ping_status":"closed","template":"","meta":{"_acf_changed":false,"inline_featured_image":false},"recipe":[],"product_brand":[],"product_cat":[7563,7564,7560,7559],"product_tag":[],"class_list":{"0":"post-58628","1":"product","2":"type-product","3":"status-publish","4":"has-post-thumbnail","6":"product_cat-bouquets","7":"product_cat-bouquets-2","8":"product_cat-fleurs-2-2","9":"product_cat-flowers","11":"first","12":"instock","13":"shipping-taxable","14":"purchasable","15":"product-type-simple"},"acf":[],"_links":{"self":[{"href":"https:\/\/lebouquet.brstdev.com\/fr\/wp-json\/wp\/v2\/product\/58628","targetHints":{"allow":["GET"]}}],"collection":[{"href":"https:\/\/lebouquet.brstdev.com\/fr\/wp-json\/wp\/v2\/product"}],"about":[{"href":"https:\/\/lebouquet.brstdev.com\/fr\/wp-json\/wp\/v2\/types\/product"}],"replies":[{"embeddable":true,"href":"https:\/\/lebouquet.brstdev.com\/fr\/wp-json\/wp\/v2\/comments?post=58628"}],"wp:featuredmedia":[{"embeddable":true,"href":"https:\/\/lebouquet.brstdev.com\/fr\/wp-json\/wp\/v2\/media\/58607"}],"wp:attachment":[{"href":"https:\/\/lebouquet.brstdev.com\/fr\/wp-json\/wp\/v2\/media?parent=58628"}],"wp:term":[{"taxonomy":"recipe","embeddable":true,"href":"https:\/\/lebouquet.brstdev.com\/fr\/wp-json\/wp\/v2\/recipe?post=58628"},{"taxonomy":"product_brand","embeddable":true,"href":"https:\/\/lebouquet.brstdev.com\/fr\/wp-json\/wp\/v2\/product_brand?post=58628"},{"taxonomy":"product_cat","embeddable":true,"href":"https:\/\/lebouquet.brstdev.com\/fr\/wp-json\/wp\/v2\/product_cat?post=58628"},{"taxonomy":"product_tag","embeddable":true,"href":"https:\/\/lebouquet.brstdev.com\/fr\/wp-json\/wp\/v2\/product_tag?post=58628"}],"curies":[{"name":"wp","href":"https:\/\/api.w.org\/{rel}","templated":true}]}}