{"id":58583,"date":"2024-01-19T08:41:16","date_gmt":"2024-01-19T13:41:16","guid":{"rendered":"https:\/\/lebouquetnew.brstdev.com\/green-window-garden\/"},"modified":"2025-08-13T06:08:05","modified_gmt":"2025-08-13T10:08:05","slug":"jardin-serre","status":"publish","type":"product","link":"https:\/\/lebouquet.brstdev.com\/fr\/jardin-serre\/","title":{"rendered":"Jardin vert de fen\u00eatre"},"content":{"rendered":"<p>Transformez votre rebord de fen\u00eatre en une oasis luxuriante avec notre charmant jardin en plat d&rsquo;\u00e9tain. Cet \u00e9l\u00e9gant arrangement pr\u00e9sente cinq plantes vertes soigneusement s\u00e9lectionn\u00e9es pour leur beaut\u00e9 et leur facilit\u00e9 d&rsquo;entretien.&nbsp;<\/p>\n<p>Chaque jardin est unique, avec une s\u00e9lection de plantes variant pour s&rsquo;assurer que chaque pi\u00e8ce est une cr\u00e9ation unique en son genre. Id\u00e9al pour illuminer n&rsquo;importe quel espace, ce jardin de rebord de fen\u00eatre est une mani\u00e8re merveilleuse de profiter de la beaut\u00e9 de la nature sans prendre trop de place.&nbsp;<\/p>\n<p>Le plat en \u00e9tain ajoute une touche rustique et moderne, en faisant une pi\u00e8ce polyvalente pour tout style de d\u00e9coration.<\/p>\n","protected":false},"excerpt":{"rendered":"<p>Transformez votre rebord de fen\u00eatre en une oasis luxuriante avec notre charmant jardin en plat d&rsquo;\u00e9tain. Cet \u00e9l\u00e9gant arrangement pr\u00e9sente cinq plantes vertes soigneusement s\u00e9lectionn\u00e9es pour leur beaut\u00e9 et leur facilit\u00e9 d&rsquo;entretien.&nbsp; Chaque jardin est unique, avec une s\u00e9lection de plantes variant pour s&rsquo;assurer que chaque pi\u00e8ce est une cr\u00e9ation unique en son genre. Id\u00e9al [&hellip;]<\/p>\n","protected":false},"featured_media":97683,"comment_status":"open","ping_status":"closed","template":"","meta":{"_acf_changed":false,"inline_featured_image":false},"recipe":[],"product_brand":[],"product_cat":[7641,7645,7642,18053,7646,18052],"product_tag":[],"class_list":{"0":"post-58583","1":"product","2":"type-product","3":"status-publish","4":"has-post-thumbnail","6":"product_cat-dish-gardens","7":"product_cat-flowering-and-green-plants","8":"product_cat-jardinieres","9":"product_cat-plantes","10":"product_cat-plantes-vertes-et-fleuries","11":"product_cat-plants","13":"first","14":"instock","15":"shipping-taxable","16":"purchasable","17":"product-type-simple"},"acf":[],"_links":{"self":[{"href":"https:\/\/lebouquet.brstdev.com\/fr\/wp-json\/wp\/v2\/product\/58583","targetHints":{"allow":["GET"]}}],"collection":[{"href":"https:\/\/lebouquet.brstdev.com\/fr\/wp-json\/wp\/v2\/product"}],"about":[{"href":"https:\/\/lebouquet.brstdev.com\/fr\/wp-json\/wp\/v2\/types\/product"}],"replies":[{"embeddable":true,"href":"https:\/\/lebouquet.brstdev.com\/fr\/wp-json\/wp\/v2\/comments?post=58583"}],"wp:featuredmedia":[{"embeddable":true,"href":"https:\/\/lebouquet.brstdev.com\/fr\/wp-json\/wp\/v2\/media\/97683"}],"wp:attachment":[{"href":"https:\/\/lebouquet.brstdev.com\/fr\/wp-json\/wp\/v2\/media?parent=58583"}],"wp:term":[{"taxonomy":"recipe","embeddable":true,"href":"https:\/\/lebouquet.brstdev.com\/fr\/wp-json\/wp\/v2\/recipe?post=58583"},{"taxonomy":"product_brand","embeddable":true,"href":"https:\/\/lebouquet.brstdev.com\/fr\/wp-json\/wp\/v2\/product_brand?post=58583"},{"taxonomy":"product_cat","embeddable":true,"href":"https:\/\/lebouquet.brstdev.com\/fr\/wp-json\/wp\/v2\/product_cat?post=58583"},{"taxonomy":"product_tag","embeddable":true,"href":"https:\/\/lebouquet.brstdev.com\/fr\/wp-json\/wp\/v2\/product_tag?post=58583"}],"curies":[{"name":"wp","href":"https:\/\/api.w.org\/{rel}","templated":true}]}}