{"id":58543,"date":"2024-01-19T08:40:40","date_gmt":"2024-01-19T13:40:40","guid":{"rendered":"https:\/\/lebouquetnew.brstdev.com\/orchid-symphony\/"},"modified":"2025-08-13T06:08:06","modified_gmt":"2025-08-13T10:08:06","slug":"symphonie-dorchidee","status":"publish","type":"product","link":"https:\/\/lebouquet.brstdev.com\/fr\/symphonie-dorchidee\/","title":{"rendered":"Symphonie d&rsquo;Orchid\u00e9e"},"content":{"rendered":"<p>L\u2019arrangement \u201cSymphonie d\u2019Orchid\u00e9es\u201d de Le Bouquet St. Laurent est un m\u00e9lange \u00e9l\u00e9gant et vibrant, mettant en vedette la beaut\u00e9 exotique des orchid\u00e9es. Ce design \u00e9blouissant incorpore un m\u00e9lange harmonieux d&rsquo;orchid\u00e9es cymbidium jaunes et roses, compl\u00e9t\u00e9es par des accents blancs d\u00e9licats et un feuillage luxuriant. Les orchid\u00e9es sont soigneusement dispos\u00e9es dans un vase en verre \u00e9l\u00e9gant avec une base rose audacieuse, ajoutant une touche contemporaine \u00e0 cet affichage floral classique. Id\u00e9al pour les occasions sp\u00e9ciales, les anniversaires ou en tant que geste d&rsquo;appr\u00e9ciation, \u201cSymphonie d\u2019Orchid\u00e9es\u201d apporte luxe et sophistication \u00e0 tout espace.<\/p>\n","protected":false},"excerpt":{"rendered":"<p>standard: 6 orchid\u00e9e environ 6\u00a0\u00bb l x 6\u00a0\u00bb l x 7\u00a0\u00bb h<\/p>\n<p>Deluxe: 12 orchid\u00e9e environ 10\u00a0\u00bb l x 10\u00a0\u00bb l x 11\u00a0\u00bb h<\/p>\n","protected":false},"featured_media":98768,"comment_status":"open","ping_status":"closed","template":"","meta":{"_acf_changed":false,"inline_featured_image":false},"recipe":[],"product_brand":[],"product_cat":[7592,7565,7566,7591,7560,7559,7569,17153],"product_tag":[],"class_list":{"0":"post-58543","1":"product","2":"type-product","3":"status-publish","4":"has-post-thumbnail","6":"product_cat-anniversaire-de-naissance","7":"product_cat-arrangements","8":"product_cat-arrangements-2","9":"product_cat-birthdays","10":"product_cat-fleurs-2-2","11":"product_cat-flowers","12":"product_cat-occasions","13":"product_cat-occasions-fr","15":"first","16":"instock","17":"shipping-taxable","18":"purchasable","19":"product-type-simple"},"acf":[],"_links":{"self":[{"href":"https:\/\/lebouquet.brstdev.com\/fr\/wp-json\/wp\/v2\/product\/58543","targetHints":{"allow":["GET"]}}],"collection":[{"href":"https:\/\/lebouquet.brstdev.com\/fr\/wp-json\/wp\/v2\/product"}],"about":[{"href":"https:\/\/lebouquet.brstdev.com\/fr\/wp-json\/wp\/v2\/types\/product"}],"replies":[{"embeddable":true,"href":"https:\/\/lebouquet.brstdev.com\/fr\/wp-json\/wp\/v2\/comments?post=58543"}],"wp:featuredmedia":[{"embeddable":true,"href":"https:\/\/lebouquet.brstdev.com\/fr\/wp-json\/wp\/v2\/media\/98768"}],"wp:attachment":[{"href":"https:\/\/lebouquet.brstdev.com\/fr\/wp-json\/wp\/v2\/media?parent=58543"}],"wp:term":[{"taxonomy":"recipe","embeddable":true,"href":"https:\/\/lebouquet.brstdev.com\/fr\/wp-json\/wp\/v2\/recipe?post=58543"},{"taxonomy":"product_brand","embeddable":true,"href":"https:\/\/lebouquet.brstdev.com\/fr\/wp-json\/wp\/v2\/product_brand?post=58543"},{"taxonomy":"product_cat","embeddable":true,"href":"https:\/\/lebouquet.brstdev.com\/fr\/wp-json\/wp\/v2\/product_cat?post=58543"},{"taxonomy":"product_tag","embeddable":true,"href":"https:\/\/lebouquet.brstdev.com\/fr\/wp-json\/wp\/v2\/product_tag?post=58543"}],"curies":[{"name":"wp","href":"https:\/\/api.w.org\/{rel}","templated":true}]}}