{"id":58313,"date":"2024-01-19T08:35:24","date_gmt":"2024-01-19T13:35:24","guid":{"rendered":"https:\/\/lebouquetnew.brstdev.com\/love-letter\/"},"modified":"2026-02-12T17:58:34","modified_gmt":"2026-02-12T22:58:34","slug":"lettre-d-amour-arrangement-floral-saint-valentin","status":"publish","type":"product","link":"https:\/\/lebouquet.brstdev.com\/fr\/lettre-d-amour-arrangement-floral-saint-valentin\/","title":{"rendered":"Lettre d\u2019amour \u2013 Arrangement floral de la Saint-Valentin"},"content":{"rendered":"<p>L\u2019arrangement <strong>Lettre d\u2019amour \u2013 Arrangement floral de la Saint-Valentin<\/strong> est une cr\u00e9ation \u00e9l\u00e9gante et intemporelle, pens\u00e9e pour exprimer les sentiments les plus sinc\u00e8res. Id\u00e9al pour la Saint-Valentin et les occasions romantiques, cet arrangement met en valeur un harmonieux m\u00e9lange de roses rouges, de roses aux teintes blush, de lisianthus d\u00e9licats et de verdure fra\u00eeche soigneusement s\u00e9lectionn\u00e9e.<\/p>\n<p>Pr\u00e9sent\u00e9 dans un vase en c\u00e9ramique blanche orn\u00e9 du mot <strong>\u00ab LOVE \u00bb<\/strong>, cet arrangement transmet son message avec sobri\u00e9t\u00e9 et raffinement. Il convient parfaitement pour c\u00e9l\u00e9brer l\u2019amour, souligner un anniversaire ou offrir une attention significative \u00e0 une personne ch\u00e8re.<\/p>\n<p>Veuillez noter que les nuances de lisianthus peuvent varier selon la disponibilit\u00e9 \u00e0 la ferme. Ces variations naturelles garantissent toujours la fra\u00eecheur et la qualit\u00e9 des fleurs.<\/p>\n","protected":false},"excerpt":{"rendered":"<p><strong>D\u00e9tails cl\u00e9s<\/strong><\/p>\n<p>Composition florale : Roses rouges, roses aux teintes blush, lisianthus d\u00e9licats et verdure saisonni\u00e8re<\/p>\n<p>Vase : Vase souvenir en c\u00e9ramique blanche avec inscription \u00ab LOVE \u00bb<\/p>\n<p>Style : Romantique, doux et intemporel<\/p>\n<p>Id\u00e9al pour : La Saint-Valentin, les anniversaires et les gestes romantiques<\/p>\n<p>Dimensions<\/p>\n<p>Longueur : 14 pouces<\/p>\n<p>Hauteur : 9 pouces<\/p>\n<p>Largeur : 5 pouces<\/p>\n","protected":false},"featured_media":101641,"comment_status":"open","ping_status":"closed","template":"","meta":{"_acf_changed":false},"recipe":[],"product_brand":[],"product_cat":[7572,17153],"product_tag":[],"class_list":{"0":"post-58313","1":"product","2":"type-product","3":"status-publish","4":"has-post-thumbnail","6":"product_cat-saint-valentine","7":"product_cat-fleurs-occasions-montreal","9":"first","10":"instock","11":"shipping-taxable","12":"purchasable","13":"product-type-simple"},"acf":[],"_links":{"self":[{"href":"https:\/\/lebouquet.brstdev.com\/fr\/wp-json\/wp\/v2\/product\/58313","targetHints":{"allow":["GET"]}}],"collection":[{"href":"https:\/\/lebouquet.brstdev.com\/fr\/wp-json\/wp\/v2\/product"}],"about":[{"href":"https:\/\/lebouquet.brstdev.com\/fr\/wp-json\/wp\/v2\/types\/product"}],"replies":[{"embeddable":true,"href":"https:\/\/lebouquet.brstdev.com\/fr\/wp-json\/wp\/v2\/comments?post=58313"}],"wp:featuredmedia":[{"embeddable":true,"href":"https:\/\/lebouquet.brstdev.com\/fr\/wp-json\/wp\/v2\/media\/101641"}],"wp:attachment":[{"href":"https:\/\/lebouquet.brstdev.com\/fr\/wp-json\/wp\/v2\/media?parent=58313"}],"wp:term":[{"taxonomy":"recipe","embeddable":true,"href":"https:\/\/lebouquet.brstdev.com\/fr\/wp-json\/wp\/v2\/recipe?post=58313"},{"taxonomy":"product_brand","embeddable":true,"href":"https:\/\/lebouquet.brstdev.com\/fr\/wp-json\/wp\/v2\/product_brand?post=58313"},{"taxonomy":"product_cat","embeddable":true,"href":"https:\/\/lebouquet.brstdev.com\/fr\/wp-json\/wp\/v2\/product_cat?post=58313"},{"taxonomy":"product_tag","embeddable":true,"href":"https:\/\/lebouquet.brstdev.com\/fr\/wp-json\/wp\/v2\/product_tag?post=58313"}],"curies":[{"name":"wp","href":"https:\/\/api.w.org\/{rel}","templated":true}]}}