{"id":57909,"date":"2024-01-19T08:32:30","date_gmt":"2024-01-19T13:32:30","guid":{"rendered":"https:\/\/lebouquetnew.brstdev.com\/oh-cypress-tree\/"},"modified":"2025-08-13T06:08:23","modified_gmt":"2025-08-13T10:08:23","slug":"mon-beau-cypres-roi-des-forets","status":"publish","type":"product","link":"https:\/\/lebouquet.brstdev.com\/fr\/mon-beau-cypres-roi-des-forets\/","title":{"rendered":"Mon beau Cypr\u00e8s, roi des for\u00eats"},"content":{"rendered":"<p>Ajoutez une touche de fra\u00eecheur festive \u00e0 votre espace avec notre \u00ab\u00a0Mon beau Cypr\u00e8s, roi des for\u00eats.\u00a0\u00bb Ce magnifique cypr\u00e8s citron, mesurant environ 18&Prime; de haut dans un pot festif de 4&Prime;, est le compl\u00e9ment parfait \u00e0 votre d\u00e9coration des F\u00eates. D\u00e9cor\u00e9 avec des ornements inspir\u00e9s de No\u00ebl et des accents de pomme de pin, il incarne l&rsquo;esprit de No\u00ebl. Son feuillage vert \u00e9clatant et sa pr\u00e9sentation joyeuse en font un cadeau id\u00e9al ou une pi\u00e8ce ma\u00eetresse pour toute pi\u00e8ce.<\/p>\n","protected":false},"excerpt":{"rendered":"<p>Ajoutez une touche de fra\u00eecheur festive \u00e0 votre espace avec notre \u00ab\u00a0Mon beau Cypr\u00e8s, roi des for\u00eats.\u00a0\u00bb Ce magnifique cypr\u00e8s citron, mesurant environ 18&Prime; de haut dans un pot festif de 4&Prime;, est le compl\u00e9ment parfait \u00e0 votre d\u00e9coration des F\u00eates. D\u00e9cor\u00e9 avec des ornements inspir\u00e9s de No\u00ebl et des accents de pomme de pin, [&hellip;]<\/p>\n","protected":false},"featured_media":101018,"comment_status":"open","ping_status":"closed","template":"","meta":{"_acf_changed":false,"inline_featured_image":false},"recipe":[],"product_brand":[],"product_cat":[18047,7569,18046,18050,17153,18053,18051,18052],"product_tag":[],"class_list":{"0":"post-57909","1":"product","2":"type-product","3":"status-publish","4":"has-post-thumbnail","6":"product_cat-boutique-des-fetes","7":"product_cat-occasions","8":"product_cat-holiday-gift-shop","9":"product_cat-holiday-plants","10":"product_cat-occasions-fr","11":"product_cat-plantes","12":"product_cat-plantes-des-fetes","13":"product_cat-plants","15":"first","16":"instock","17":"shipping-taxable","18":"purchasable","19":"product-type-simple"},"acf":[],"_links":{"self":[{"href":"https:\/\/lebouquet.brstdev.com\/fr\/wp-json\/wp\/v2\/product\/57909","targetHints":{"allow":["GET"]}}],"collection":[{"href":"https:\/\/lebouquet.brstdev.com\/fr\/wp-json\/wp\/v2\/product"}],"about":[{"href":"https:\/\/lebouquet.brstdev.com\/fr\/wp-json\/wp\/v2\/types\/product"}],"replies":[{"embeddable":true,"href":"https:\/\/lebouquet.brstdev.com\/fr\/wp-json\/wp\/v2\/comments?post=57909"}],"wp:featuredmedia":[{"embeddable":true,"href":"https:\/\/lebouquet.brstdev.com\/fr\/wp-json\/wp\/v2\/media\/101018"}],"wp:attachment":[{"href":"https:\/\/lebouquet.brstdev.com\/fr\/wp-json\/wp\/v2\/media?parent=57909"}],"wp:term":[{"taxonomy":"recipe","embeddable":true,"href":"https:\/\/lebouquet.brstdev.com\/fr\/wp-json\/wp\/v2\/recipe?post=57909"},{"taxonomy":"product_brand","embeddable":true,"href":"https:\/\/lebouquet.brstdev.com\/fr\/wp-json\/wp\/v2\/product_brand?post=57909"},{"taxonomy":"product_cat","embeddable":true,"href":"https:\/\/lebouquet.brstdev.com\/fr\/wp-json\/wp\/v2\/product_cat?post=57909"},{"taxonomy":"product_tag","embeddable":true,"href":"https:\/\/lebouquet.brstdev.com\/fr\/wp-json\/wp\/v2\/product_tag?post=57909"}],"curies":[{"name":"wp","href":"https:\/\/api.w.org\/{rel}","templated":true}]}}