{"id":57827,"date":"2024-01-19T08:31:55","date_gmt":"2024-01-19T13:31:55","guid":{"rendered":"https:\/\/lebouquetnew.brstdev.com\/chocolate-gift-platter\/"},"modified":"2025-08-13T06:08:25","modified_gmt":"2025-08-13T10:08:25","slug":"cadeau-de-chocolat-leonidas","status":"publish","type":"product","link":"https:\/\/lebouquet.brstdev.com\/fr\/cadeau-de-chocolat-leonidas\/","title":{"rendered":"Cadeau de chocolat LEONIDAS"},"content":{"rendered":"<p>D\u00c9LICIEUX! Ce cadeau contient des vari\u00e9t\u00e9s de chocolats Leonidas&nbsp;sp\u00e9cialement&nbsp;pour les temps des f\u00eates! Ce cadeau comprend: 1 boite de 125gr chocolats belges assortis, 1 sucette en chocolat, 1 p\u00e8re-no\u00ebl en chocolat au lait, 1 boite de biscuit et 8 boules de no\u00ebl.&nbsp;<\/p>\n","protected":false},"excerpt":{"rendered":"<p>D\u00c9LICIEUX! Ce cadeau contient des vari\u00e9t\u00e9s de chocolats Leonidas&nbsp;sp\u00e9cialement&nbsp;pour les temps des f\u00eates! Ce cadeau comprend: 1 boite de 125gr chocolats belges assortis, 1 sucette en chocolat, 1 p\u00e8re-no\u00ebl en chocolat au lait, 1 boite de biscuit et 8 boules de no\u00ebl.&nbsp;<\/p>\n","protected":false},"featured_media":57814,"comment_status":"open","ping_status":"closed","template":"","meta":{"_acf_changed":false,"inline_featured_image":false},"recipe":[],"product_brand":[],"product_cat":[7648,7649,17155,7569,7647,17153],"product_tag":[],"class_list":{"0":"post-57827","1":"product","2":"type-product","3":"status-publish","4":"has-post-thumbnail","6":"product_cat-cadeaux","7":"product_cat-chocolates","8":"product_cat-chocolates-fr","9":"product_cat-occasions","10":"product_cat-gift-shop","11":"product_cat-occasions-fr","13":"first","14":"instock","15":"shipping-taxable","16":"purchasable","17":"product-type-simple"},"acf":[],"_links":{"self":[{"href":"https:\/\/lebouquet.brstdev.com\/fr\/wp-json\/wp\/v2\/product\/57827","targetHints":{"allow":["GET"]}}],"collection":[{"href":"https:\/\/lebouquet.brstdev.com\/fr\/wp-json\/wp\/v2\/product"}],"about":[{"href":"https:\/\/lebouquet.brstdev.com\/fr\/wp-json\/wp\/v2\/types\/product"}],"replies":[{"embeddable":true,"href":"https:\/\/lebouquet.brstdev.com\/fr\/wp-json\/wp\/v2\/comments?post=57827"}],"wp:featuredmedia":[{"embeddable":true,"href":"https:\/\/lebouquet.brstdev.com\/fr\/wp-json\/wp\/v2\/media\/57814"}],"wp:attachment":[{"href":"https:\/\/lebouquet.brstdev.com\/fr\/wp-json\/wp\/v2\/media?parent=57827"}],"wp:term":[{"taxonomy":"recipe","embeddable":true,"href":"https:\/\/lebouquet.brstdev.com\/fr\/wp-json\/wp\/v2\/recipe?post=57827"},{"taxonomy":"product_brand","embeddable":true,"href":"https:\/\/lebouquet.brstdev.com\/fr\/wp-json\/wp\/v2\/product_brand?post=57827"},{"taxonomy":"product_cat","embeddable":true,"href":"https:\/\/lebouquet.brstdev.com\/fr\/wp-json\/wp\/v2\/product_cat?post=57827"},{"taxonomy":"product_tag","embeddable":true,"href":"https:\/\/lebouquet.brstdev.com\/fr\/wp-json\/wp\/v2\/product_tag?post=57827"}],"curies":[{"name":"wp","href":"https:\/\/api.w.org\/{rel}","templated":true}]}}