{"id":57570,"date":"2024-01-19T08:30:06","date_gmt":"2024-01-19T13:30:06","guid":{"rendered":"https:\/\/lebouquetnew.brstdev.com\/garden-harvest\/"},"modified":"2025-10-11T15:59:03","modified_gmt":"2025-10-11T19:59:03","slug":"recolte-de-jardin","status":"publish","type":"product","link":"https:\/\/lebouquet.brstdev.com\/fr\/recolte-de-jardin\/","title":{"rendered":"R\u00e9colte de jardin"},"content":{"rendered":"<p>C\u00e9l\u00e9brez la beaut\u00e9 de la saison avec notre arrangement \u00ab\u00a0R\u00e9colte de jardin\u00a0\u00bb. Compos\u00e9 de tournesols, de roses et de fleurs de saison luxuriantes, cet arrangement apporte un charme rustique et chaleureux \u00e0 tout espace. Dispos\u00e9 dans un vase textur\u00e9 dor\u00e9, il est id\u00e9al pour les f\u00eates d&rsquo;automne, les rassemblements de l&rsquo;Action de gr\u00e2ce ou comme cadeau joyeux. Le m\u00e9lange vibrant de jaunes, de rouges, d&rsquo;oranges et de verdure \u00e9voque l&rsquo;abondance d&rsquo;un jardin en pleine floraison, en faisant une pi\u00e8ce ma\u00eetresse \u00e9blouissante ou un accent parfait pour \u00e9gayer votre maison.<\/p>\n","protected":false},"excerpt":{"rendered":"<p>Hauteur : 19\u00a0\u00bb Largeur : 14\u00a0\u00bb<\/p>\n","protected":false},"featured_media":98603,"comment_status":"open","ping_status":"closed","template":"","meta":{"_acf_changed":false},"recipe":[],"product_brand":[],"product_cat":[7560,7556],"product_tag":[],"class_list":{"0":"post-57570","1":"product","2":"type-product","3":"status-publish","4":"has-post-thumbnail","6":"product_cat-fleurs-montreal","7":"product_cat-fleurs-automne","9":"first","10":"instock","11":"shipping-taxable","12":"purchasable","13":"product-type-simple"},"acf":[],"_links":{"self":[{"href":"https:\/\/lebouquet.brstdev.com\/fr\/wp-json\/wp\/v2\/product\/57570","targetHints":{"allow":["GET"]}}],"collection":[{"href":"https:\/\/lebouquet.brstdev.com\/fr\/wp-json\/wp\/v2\/product"}],"about":[{"href":"https:\/\/lebouquet.brstdev.com\/fr\/wp-json\/wp\/v2\/types\/product"}],"replies":[{"embeddable":true,"href":"https:\/\/lebouquet.brstdev.com\/fr\/wp-json\/wp\/v2\/comments?post=57570"}],"wp:featuredmedia":[{"embeddable":true,"href":"https:\/\/lebouquet.brstdev.com\/fr\/wp-json\/wp\/v2\/media\/98603"}],"wp:attachment":[{"href":"https:\/\/lebouquet.brstdev.com\/fr\/wp-json\/wp\/v2\/media?parent=57570"}],"wp:term":[{"taxonomy":"recipe","embeddable":true,"href":"https:\/\/lebouquet.brstdev.com\/fr\/wp-json\/wp\/v2\/recipe?post=57570"},{"taxonomy":"product_brand","embeddable":true,"href":"https:\/\/lebouquet.brstdev.com\/fr\/wp-json\/wp\/v2\/product_brand?post=57570"},{"taxonomy":"product_cat","embeddable":true,"href":"https:\/\/lebouquet.brstdev.com\/fr\/wp-json\/wp\/v2\/product_cat?post=57570"},{"taxonomy":"product_tag","embeddable":true,"href":"https:\/\/lebouquet.brstdev.com\/fr\/wp-json\/wp\/v2\/product_tag?post=57570"}],"curies":[{"name":"wp","href":"https:\/\/api.w.org\/{rel}","templated":true}]}}