{"id":57303,"date":"2024-01-19T08:24:46","date_gmt":"2024-01-19T13:24:46","guid":{"rendered":"https:\/\/lebouquetnew.brstdev.com\/ella-the-german-sheperd\/"},"modified":"2025-08-13T06:24:34","modified_gmt":"2025-08-13T10:24:34","slug":"ella-le-berger-allemand","status":"publish","type":"product","link":"https:\/\/lebouquet.brstdev.com\/fr\/ella-le-berger-allemand\/","title":{"rendered":"Ella le berger allemand"},"content":{"rendered":"<p>Tous ceux qui fr\u00e9quentent r\u00e9guli\u00e8rement notre magasin savent&nbsp;que nous avons notre part des mascottes: Gizmo le Golden Retreiver, Ella le berger allemand, Smokey le perroquet et Mango le Jenday! Pour les honorer tous, nous avons trouv\u00e9 leur repr\u00e9sentatnt en peluche!<\/p>\n<p>8\u00a0\u00bb longue<\/p>\n","protected":false},"excerpt":{"rendered":"<p>Tous ceux qui fr\u00e9quentent r\u00e9guli\u00e8rement notre magasin savent&nbsp;que nous avons notre part des mascottes: Gizmo le Golden Retreiver, Ella le berger allemand, Smokey le perroquet et Mango le Jenday! Pour les honorer tous, nous avons trouv\u00e9 leur repr\u00e9sentatnt en peluche! 8\u00a0\u00bb longue<\/p>\n","protected":false},"featured_media":57285,"comment_status":"open","ping_status":"closed","template":"","meta":{"_acf_changed":false},"recipe":[],"product_brand":[],"product_cat":[7648,7647,7652,7651],"product_tag":[],"class_list":{"0":"post-57303","1":"product","2":"type-product","3":"status-publish","4":"has-post-thumbnail","6":"product_cat-cadeaux","7":"product_cat-gift-shop","8":"product_cat-jouets-en-peluche","9":"product_cat-plush-toys","11":"first","12":"instock","13":"shipping-taxable","14":"purchasable","15":"product-type-simple"},"acf":[],"_links":{"self":[{"href":"https:\/\/lebouquet.brstdev.com\/fr\/wp-json\/wp\/v2\/product\/57303","targetHints":{"allow":["GET"]}}],"collection":[{"href":"https:\/\/lebouquet.brstdev.com\/fr\/wp-json\/wp\/v2\/product"}],"about":[{"href":"https:\/\/lebouquet.brstdev.com\/fr\/wp-json\/wp\/v2\/types\/product"}],"replies":[{"embeddable":true,"href":"https:\/\/lebouquet.brstdev.com\/fr\/wp-json\/wp\/v2\/comments?post=57303"}],"wp:featuredmedia":[{"embeddable":true,"href":"https:\/\/lebouquet.brstdev.com\/fr\/wp-json\/wp\/v2\/media\/57285"}],"wp:attachment":[{"href":"https:\/\/lebouquet.brstdev.com\/fr\/wp-json\/wp\/v2\/media?parent=57303"}],"wp:term":[{"taxonomy":"recipe","embeddable":true,"href":"https:\/\/lebouquet.brstdev.com\/fr\/wp-json\/wp\/v2\/recipe?post=57303"},{"taxonomy":"product_brand","embeddable":true,"href":"https:\/\/lebouquet.brstdev.com\/fr\/wp-json\/wp\/v2\/product_brand?post=57303"},{"taxonomy":"product_cat","embeddable":true,"href":"https:\/\/lebouquet.brstdev.com\/fr\/wp-json\/wp\/v2\/product_cat?post=57303"},{"taxonomy":"product_tag","embeddable":true,"href":"https:\/\/lebouquet.brstdev.com\/fr\/wp-json\/wp\/v2\/product_tag?post=57303"}],"curies":[{"name":"wp","href":"https:\/\/api.w.org\/{rel}","templated":true}]}}