{"id":57281,"date":"2024-01-19T08:24:37","date_gmt":"2024-01-19T13:24:37","guid":{"rendered":"https:\/\/lebouquetnew.brstdev.com\/silky-the-magestic-white-tiger\/"},"modified":"2025-08-13T06:24:35","modified_gmt":"2025-08-13T10:24:35","slug":"silky-le-tigre-blanc","status":"publish","type":"product","link":"https:\/\/lebouquet.brstdev.com\/fr\/silky-le-tigre-blanc\/","title":{"rendered":"Silky le Tigre Blanc Majestueux"},"content":{"rendered":"<p>Voici <i>Silky, le majestueux tigre blanc<\/i> \u2013 une peluche douce et duveteuse qui incarne l&rsquo;\u00e9l\u00e9gance et la puissance. Avec ses rayures noires distinctives, ses yeux expressifs et son pelage blanc ultra-doux et duveteux, Silky repr\u00e9sente toute la beaut\u00e9 du tigre blanc dans une version c\u00e2line et irr\u00e9sistible. Un cadeau parfait pour petits et grands amoureux des animaux.<\/p>\n<p>Id\u00e9al pour les chambres d\u2019enfant, les passionn\u00e9s de faune sauvage ou les amateurs de peluches de qualit\u00e9.<\/p>\n<p>&nbsp;<\/p>\n","protected":false},"excerpt":{"rendered":"<p>12\u00a0\u00bb Longue et 9&Prime; de haut<\/p>\n","protected":false},"featured_media":117118,"comment_status":"open","ping_status":"closed","template":"","meta":{"_acf_changed":false},"recipe":[],"product_brand":[],"product_cat":[7648,7647,7652,7651],"product_tag":[],"class_list":{"0":"post-57281","1":"product","2":"type-product","3":"status-publish","4":"has-post-thumbnail","6":"product_cat-cadeaux","7":"product_cat-gift-shop","8":"product_cat-jouets-en-peluche","9":"product_cat-plush-toys","11":"first","12":"instock","13":"shipping-taxable","14":"purchasable","15":"product-type-simple"},"acf":[],"_links":{"self":[{"href":"https:\/\/lebouquet.brstdev.com\/fr\/wp-json\/wp\/v2\/product\/57281","targetHints":{"allow":["GET"]}}],"collection":[{"href":"https:\/\/lebouquet.brstdev.com\/fr\/wp-json\/wp\/v2\/product"}],"about":[{"href":"https:\/\/lebouquet.brstdev.com\/fr\/wp-json\/wp\/v2\/types\/product"}],"replies":[{"embeddable":true,"href":"https:\/\/lebouquet.brstdev.com\/fr\/wp-json\/wp\/v2\/comments?post=57281"}],"wp:featuredmedia":[{"embeddable":true,"href":"https:\/\/lebouquet.brstdev.com\/fr\/wp-json\/wp\/v2\/media\/117118"}],"wp:attachment":[{"href":"https:\/\/lebouquet.brstdev.com\/fr\/wp-json\/wp\/v2\/media?parent=57281"}],"wp:term":[{"taxonomy":"recipe","embeddable":true,"href":"https:\/\/lebouquet.brstdev.com\/fr\/wp-json\/wp\/v2\/recipe?post=57281"},{"taxonomy":"product_brand","embeddable":true,"href":"https:\/\/lebouquet.brstdev.com\/fr\/wp-json\/wp\/v2\/product_brand?post=57281"},{"taxonomy":"product_cat","embeddable":true,"href":"https:\/\/lebouquet.brstdev.com\/fr\/wp-json\/wp\/v2\/product_cat?post=57281"},{"taxonomy":"product_tag","embeddable":true,"href":"https:\/\/lebouquet.brstdev.com\/fr\/wp-json\/wp\/v2\/product_tag?post=57281"}],"curies":[{"name":"wp","href":"https:\/\/api.w.org\/{rel}","templated":true}]}}