{"id":57099,"date":"2024-01-19T08:22:39","date_gmt":"2024-01-19T13:22:39","guid":{"rendered":"https:\/\/lebouquetnew.brstdev.com\/the-sentiments-bouquet\/"},"modified":"2025-08-13T06:08:43","modified_gmt":"2025-08-13T10:08:43","slug":"le-bouquet-des-sentiments","status":"publish","type":"product","link":"https:\/\/lebouquet.brstdev.com\/fr\/le-bouquet-des-sentiments\/","title":{"rendered":"Le Bouquet des Sentiments"},"content":{"rendered":"<p>Chacun a une couleur pr\u00e9f\u00e9r\u00e9e qui illumine sa journ\u00e9e, un \u00e9clat personnel de bonheur. Nos bouquets \u00ab\u00a0Sentiments\u00a0\u00bb sont con\u00e7us dans une vari\u00e9t\u00e9 de couleurs vives pour refl\u00e9ter chaque personnalit\u00e9 et c\u00e9l\u00e9brer chaque occasion. Ces bouquets s&rsquo;\u00e9panouissent dans une harmonie de lys et de roses, accompagn\u00e9s de la d\u00e9licatesse des gueules-de-loup. Parmi eux, des feuilles luxuriantes et l&rsquo;\u00e9clat argent\u00e9 de l&rsquo;eucalyptus cr\u00e9ent un contraste rafra\u00eechissant.<\/p>\n<p>Choisissez parmi notre palette de teintes, chacune portant son propre message et choisissez une couleur qui vous parle ou qui exprime les sentiments envers votre proche, et laissez le bouquet \u00ab\u00a0Sentiments\u00a0\u00bb \u00eatre le messager de vos \u00e9motions les plus sinc\u00e8res.<\/p>\n<p>Les fleurs <strong>jaunes<\/strong> rayonnent de joie, incarnent l&rsquo;espi\u00e8glerie et suscitent le bonheur.<\/p>\n<p>Les nuances de <strong>p\u00eache<\/strong> stimulent la cr\u00e9ativit\u00e9, refl\u00e8tent le frisson de l&rsquo;aventure et diffusent une chaleur accueillante.<\/p>\n<p>Les fleurs <strong>rouges<\/strong> s&#8217;embrasent avec la passion de l&rsquo;amour, l&rsquo;\u00e9nergie vitale et l&rsquo;excitation du moment.<\/p>\n<p>Les p\u00e9tales <strong>mauves<\/strong> portent la dignit\u00e9 de la royaut\u00e9, la profondeur de la sagesse et la fid\u00e9lit\u00e9 de la d\u00e9votion.<\/p>\n<p>Les fleurs <strong>roses<\/strong> murmurent en tons f\u00e9minins, refl\u00e8tent un c\u0153ur sentimental et touchent avec une douce affection.<\/p>\n<p>&nbsp;<\/p>\n<p>&nbsp;<\/p>\n<p>&nbsp;<\/p>\n","protected":false},"excerpt":{"rendered":"<ul>\n<li>Standard &#8211; inclut 2 roses, environ &#8211; 12&Prime; L x 12&Prime; l x 18&Prime; h<\/li>\n<li>De luxe &#8211; inclut 6 roses, environ &#8211; 14&Prime; L x 14&Prime; l x 18&Prime; h<\/li>\n<\/ul>\n","protected":false},"featured_media":102711,"comment_status":"open","ping_status":"closed","template":"","meta":{"_acf_changed":false,"inline_featured_image":false},"recipe":[],"product_brand":[],"product_cat":[7563,7564,7560,7559,7569,17153,7554,7553],"product_tag":[],"class_list":{"0":"post-57099","1":"product","2":"type-product","3":"status-publish","4":"has-post-thumbnail","6":"product_cat-bouquets","7":"product_cat-bouquets-2","8":"product_cat-fleurs-2-2","9":"product_cat-flowers","10":"product_cat-occasions","11":"product_cat-occasions-fr","12":"product_cat-populaires","13":"product_cat-popular","15":"first","16":"instock","17":"shipping-taxable","18":"purchasable","19":"product-type-simple"},"acf":[],"_links":{"self":[{"href":"https:\/\/lebouquet.brstdev.com\/fr\/wp-json\/wp\/v2\/product\/57099","targetHints":{"allow":["GET"]}}],"collection":[{"href":"https:\/\/lebouquet.brstdev.com\/fr\/wp-json\/wp\/v2\/product"}],"about":[{"href":"https:\/\/lebouquet.brstdev.com\/fr\/wp-json\/wp\/v2\/types\/product"}],"replies":[{"embeddable":true,"href":"https:\/\/lebouquet.brstdev.com\/fr\/wp-json\/wp\/v2\/comments?post=57099"}],"wp:featuredmedia":[{"embeddable":true,"href":"https:\/\/lebouquet.brstdev.com\/fr\/wp-json\/wp\/v2\/media\/102711"}],"wp:attachment":[{"href":"https:\/\/lebouquet.brstdev.com\/fr\/wp-json\/wp\/v2\/media?parent=57099"}],"wp:term":[{"taxonomy":"recipe","embeddable":true,"href":"https:\/\/lebouquet.brstdev.com\/fr\/wp-json\/wp\/v2\/recipe?post=57099"},{"taxonomy":"product_brand","embeddable":true,"href":"https:\/\/lebouquet.brstdev.com\/fr\/wp-json\/wp\/v2\/product_brand?post=57099"},{"taxonomy":"product_cat","embeddable":true,"href":"https:\/\/lebouquet.brstdev.com\/fr\/wp-json\/wp\/v2\/product_cat?post=57099"},{"taxonomy":"product_tag","embeddable":true,"href":"https:\/\/lebouquet.brstdev.com\/fr\/wp-json\/wp\/v2\/product_tag?post=57099"}],"curies":[{"name":"wp","href":"https:\/\/api.w.org\/{rel}","templated":true}]}}