{"id":57019,"date":"2024-01-19T08:22:20","date_gmt":"2024-01-19T13:22:20","guid":{"rendered":"https:\/\/lebouquetnew.brstdev.com\/hollandia\/"},"modified":"2025-08-13T06:08:47","modified_gmt":"2025-08-13T10:08:47","slug":"charme-des-marguerites-hollandaises","status":"publish","type":"product","link":"https:\/\/lebouquet.brstdev.com\/fr\/charme-des-marguerites-hollandaises\/","title":{"rendered":"Charme des Marguerites hollandaises"},"content":{"rendered":"<p>Ces marguerites hollandaises ont inspir\u00e9 le nom de ce bouquet qui compred \u00e9galement des fujis et des roses.<\/p>\n<p>Trois vari\u00e9t\u00e9s de fleurs dans trois formes distinctes cr\u00e9ent un arrangement uniforme et durable.<\/p>\n","protected":false},"excerpt":{"rendered":"<p>Taille montr\u00e9e: De luxe<\/p>\n","protected":false},"featured_media":90785,"comment_status":"open","ping_status":"closed","template":"","meta":{"_acf_changed":false,"inline_featured_image":false},"recipe":[],"product_brand":[],"product_cat":[7563,7564,7588,7560,7559,7569,7587,17153,7554,7553],"product_tag":[],"class_list":{"0":"post-57019","1":"product","2":"type-product","3":"status-publish","4":"has-post-thumbnail","6":"product_cat-bouquets","7":"product_cat-bouquets-2","8":"product_cat-fete-des-meres-evenements","9":"product_cat-fleurs-2-2","10":"product_cat-flowers","11":"product_cat-occasions","12":"product_cat-mothers-day","13":"product_cat-occasions-fr","14":"product_cat-populaires","15":"product_cat-popular","17":"first","18":"instock","19":"shipping-taxable","20":"purchasable","21":"product-type-simple"},"acf":[],"_links":{"self":[{"href":"https:\/\/lebouquet.brstdev.com\/fr\/wp-json\/wp\/v2\/product\/57019","targetHints":{"allow":["GET"]}}],"collection":[{"href":"https:\/\/lebouquet.brstdev.com\/fr\/wp-json\/wp\/v2\/product"}],"about":[{"href":"https:\/\/lebouquet.brstdev.com\/fr\/wp-json\/wp\/v2\/types\/product"}],"replies":[{"embeddable":true,"href":"https:\/\/lebouquet.brstdev.com\/fr\/wp-json\/wp\/v2\/comments?post=57019"}],"wp:featuredmedia":[{"embeddable":true,"href":"https:\/\/lebouquet.brstdev.com\/fr\/wp-json\/wp\/v2\/media\/90785"}],"wp:attachment":[{"href":"https:\/\/lebouquet.brstdev.com\/fr\/wp-json\/wp\/v2\/media?parent=57019"}],"wp:term":[{"taxonomy":"recipe","embeddable":true,"href":"https:\/\/lebouquet.brstdev.com\/fr\/wp-json\/wp\/v2\/recipe?post=57019"},{"taxonomy":"product_brand","embeddable":true,"href":"https:\/\/lebouquet.brstdev.com\/fr\/wp-json\/wp\/v2\/product_brand?post=57019"},{"taxonomy":"product_cat","embeddable":true,"href":"https:\/\/lebouquet.brstdev.com\/fr\/wp-json\/wp\/v2\/product_cat?post=57019"},{"taxonomy":"product_tag","embeddable":true,"href":"https:\/\/lebouquet.brstdev.com\/fr\/wp-json\/wp\/v2\/product_tag?post=57019"}],"curies":[{"name":"wp","href":"https:\/\/api.w.org\/{rel}","templated":true}]}}