{"id":56982,"date":"2024-01-19T08:22:00","date_gmt":"2024-01-19T13:22:00","guid":{"rendered":"https:\/\/lebouquetnew.brstdev.com\/maria\/"},"modified":"2025-08-13T06:08:49","modified_gmt":"2025-08-13T10:08:49","slug":"maria","status":"publish","type":"product","link":"https:\/\/lebouquet.brstdev.com\/fr\/maria\/","title":{"rendered":"Maria"},"content":{"rendered":"<p>Le bouquet \u00ab\u00a0Maria\u00a0\u00bb est une c\u00e9l\u00e9bration \u00e9clatante de teintes et de textures. Ce tableau vibrant est un r\u00e9gal pour les yeux, offrant le charme enjou\u00e9 des gerberas rouges et fuchsia, le temp\u00e9rament ensoleill\u00e9 des marguerites jaunes et l&rsquo;\u00e9l\u00e9gance d\u00e9licate des alstroem\u00e8res roses. Orn\u00e9 de joyeuses soucis et parsem\u00e9 de gypsophile, chaque tige de ce bouquet contribue \u00e0 une riche tapisserie de d\u00e9lices floraux.<\/p>\n<p>Confectionn\u00e9 avec soin et con\u00e7u pour captiver, ce bouquet rassemble l&rsquo;essence joyeuse d&rsquo;un festival en plein essor. Que ce soit un cadeau pour remonter le moral d&rsquo;une personne sp\u00e9ciale ou un centre de table pour illuminer votre maison, ce bouquet promet de r\u00e9pandre la joie et la couleur \u00e0 chaque floraison.<\/p>\n","protected":false},"excerpt":{"rendered":"<p>Le bouquet \u00ab\u00a0Maria\u00a0\u00bb est une c\u00e9l\u00e9bration \u00e9clatante de teintes et de textures. Ce tableau vibrant est un r\u00e9gal pour les yeux, offrant le charme enjou\u00e9 des gerberas rouges et fuchsia, le temp\u00e9rament ensoleill\u00e9 des marguerites jaunes et l&rsquo;\u00e9l\u00e9gance d\u00e9licate des alstroem\u00e8res roses. Orn\u00e9 de joyeuses soucis et parsem\u00e9 de gypsophile, chaque tige de ce bouquet [&hellip;]<\/p>\n","protected":false},"featured_media":90792,"comment_status":"open","ping_status":"closed","template":"","meta":{"_acf_changed":false,"inline_featured_image":false},"recipe":[],"product_brand":[],"product_cat":[7588,7560,7559,7569,7587,17153,7554,7553],"product_tag":[],"class_list":{"0":"post-56982","1":"product","2":"type-product","3":"status-publish","4":"has-post-thumbnail","6":"product_cat-fete-des-meres-evenements","7":"product_cat-fleurs-2-2","8":"product_cat-flowers","9":"product_cat-occasions","10":"product_cat-mothers-day","11":"product_cat-occasions-fr","12":"product_cat-populaires","13":"product_cat-popular","15":"first","16":"instock","17":"shipping-taxable","18":"purchasable","19":"product-type-simple"},"acf":[],"_links":{"self":[{"href":"https:\/\/lebouquet.brstdev.com\/fr\/wp-json\/wp\/v2\/product\/56982","targetHints":{"allow":["GET"]}}],"collection":[{"href":"https:\/\/lebouquet.brstdev.com\/fr\/wp-json\/wp\/v2\/product"}],"about":[{"href":"https:\/\/lebouquet.brstdev.com\/fr\/wp-json\/wp\/v2\/types\/product"}],"replies":[{"embeddable":true,"href":"https:\/\/lebouquet.brstdev.com\/fr\/wp-json\/wp\/v2\/comments?post=56982"}],"wp:featuredmedia":[{"embeddable":true,"href":"https:\/\/lebouquet.brstdev.com\/fr\/wp-json\/wp\/v2\/media\/90792"}],"wp:attachment":[{"href":"https:\/\/lebouquet.brstdev.com\/fr\/wp-json\/wp\/v2\/media?parent=56982"}],"wp:term":[{"taxonomy":"recipe","embeddable":true,"href":"https:\/\/lebouquet.brstdev.com\/fr\/wp-json\/wp\/v2\/recipe?post=56982"},{"taxonomy":"product_brand","embeddable":true,"href":"https:\/\/lebouquet.brstdev.com\/fr\/wp-json\/wp\/v2\/product_brand?post=56982"},{"taxonomy":"product_cat","embeddable":true,"href":"https:\/\/lebouquet.brstdev.com\/fr\/wp-json\/wp\/v2\/product_cat?post=56982"},{"taxonomy":"product_tag","embeddable":true,"href":"https:\/\/lebouquet.brstdev.com\/fr\/wp-json\/wp\/v2\/product_tag?post=56982"}],"curies":[{"name":"wp","href":"https:\/\/api.w.org\/{rel}","templated":true}]}}