{"id":56851,"date":"2024-01-19T08:21:05","date_gmt":"2024-01-19T13:21:05","guid":{"rendered":"https:\/\/lebouquetnew.brstdev.com\/leonidas-chocolate-eggs\/"},"modified":"2025-08-13T06:08:57","modified_gmt":"2025-08-13T10:08:57","slug":"oeufs-de-paques-leonidas","status":"publish","type":"product","link":"https:\/\/lebouquet.brstdev.com\/fr\/oeufs-de-paques-leonidas\/","title":{"rendered":"\u0152ufs de P\u00e2ques Leonidas"},"content":{"rendered":"<p>Les sensationnels oeufs de P\u00e2ques de Leonidas Chocolatier sont maintenant disponibles dans notre magasin! Nous avons maintenant 6&nbsp;saveurs de ces \u0153ufs, dont le pralin\u00e9 au lait, la noisette noire, le sucre p\u00e9tillant, les ganaches aux fruits, les Manons classiques de Leonidas, etc. Le sac comprendra au moins un des 6&nbsp;saveurs.<\/p>\n","protected":false},"excerpt":{"rendered":"<p>16&nbsp;oeufs : environ 175&nbsp;grammes<\/p>\n","protected":false},"featured_media":56835,"comment_status":"open","ping_status":"closed","template":"","meta":{"_acf_changed":false,"inline_featured_image":false},"recipe":[],"product_brand":[],"product_cat":[7648,7649,17155,7597,7569,7647,17153,7598],"product_tag":[],"class_list":{"0":"post-56851","1":"product","2":"type-product","3":"status-publish","4":"has-post-thumbnail","6":"product_cat-cadeaux","7":"product_cat-chocolates","8":"product_cat-chocolates-fr","9":"product_cat-easter","10":"product_cat-occasions","11":"product_cat-gift-shop","12":"product_cat-occasions-fr","13":"product_cat-paques","15":"first","16":"instock","17":"shipping-taxable","18":"purchasable","19":"product-type-simple"},"acf":[],"_links":{"self":[{"href":"https:\/\/lebouquet.brstdev.com\/fr\/wp-json\/wp\/v2\/product\/56851","targetHints":{"allow":["GET"]}}],"collection":[{"href":"https:\/\/lebouquet.brstdev.com\/fr\/wp-json\/wp\/v2\/product"}],"about":[{"href":"https:\/\/lebouquet.brstdev.com\/fr\/wp-json\/wp\/v2\/types\/product"}],"replies":[{"embeddable":true,"href":"https:\/\/lebouquet.brstdev.com\/fr\/wp-json\/wp\/v2\/comments?post=56851"}],"wp:featuredmedia":[{"embeddable":true,"href":"https:\/\/lebouquet.brstdev.com\/fr\/wp-json\/wp\/v2\/media\/56835"}],"wp:attachment":[{"href":"https:\/\/lebouquet.brstdev.com\/fr\/wp-json\/wp\/v2\/media?parent=56851"}],"wp:term":[{"taxonomy":"recipe","embeddable":true,"href":"https:\/\/lebouquet.brstdev.com\/fr\/wp-json\/wp\/v2\/recipe?post=56851"},{"taxonomy":"product_brand","embeddable":true,"href":"https:\/\/lebouquet.brstdev.com\/fr\/wp-json\/wp\/v2\/product_brand?post=56851"},{"taxonomy":"product_cat","embeddable":true,"href":"https:\/\/lebouquet.brstdev.com\/fr\/wp-json\/wp\/v2\/product_cat?post=56851"},{"taxonomy":"product_tag","embeddable":true,"href":"https:\/\/lebouquet.brstdev.com\/fr\/wp-json\/wp\/v2\/product_tag?post=56851"}],"curies":[{"name":"wp","href":"https:\/\/api.w.org\/{rel}","templated":true}]}}