{"id":56831,"date":"2024-01-19T08:20:58","date_gmt":"2024-01-19T13:20:58","guid":{"rendered":"https:\/\/lebouquetnew.brstdev.com\/easter-goodies\/"},"modified":"2025-08-13T06:08:58","modified_gmt":"2025-08-13T10:08:58","slug":"friandises-de-paques","status":"publish","type":"product","link":"https:\/\/lebouquet.brstdev.com\/fr\/friandises-de-paques\/","title":{"rendered":"Friandises de P\u00e2ques"},"content":{"rendered":"<p>Plein de couleurs et chocolats vari\u00e9s, gagnez du temps au lapin de P\u00e2ques et procurez-vous ce cadeau pour le chocoholic de votre vie!<\/p>\n<p>Comprend divers oeufs au chocolat Leonidas, un lapin et canard en chocolat au lait, une barre de chocolate 50gram et un&nbsp;poussin ulta-douce Douglas.&nbsp;<br \/><strong>Les saveurs et les couleurs varient.<\/strong><\/p>\n","protected":false},"excerpt":{"rendered":"<p style=\"text-align:center;\"><strong>Les saveurs et les couleurs varient.<\/strong><\/p>\n","protected":false},"featured_media":56814,"comment_status":"open","ping_status":"closed","template":"","meta":{"_acf_changed":false,"inline_featured_image":false},"recipe":[],"product_brand":[],"product_cat":[7648,7649,17155,7647],"product_tag":[],"class_list":{"0":"post-56831","1":"product","2":"type-product","3":"status-publish","4":"has-post-thumbnail","6":"product_cat-cadeaux","7":"product_cat-chocolates","8":"product_cat-chocolates-fr","9":"product_cat-gift-shop","11":"first","12":"instock","13":"shipping-taxable","14":"purchasable","15":"product-type-simple"},"acf":[],"_links":{"self":[{"href":"https:\/\/lebouquet.brstdev.com\/fr\/wp-json\/wp\/v2\/product\/56831","targetHints":{"allow":["GET"]}}],"collection":[{"href":"https:\/\/lebouquet.brstdev.com\/fr\/wp-json\/wp\/v2\/product"}],"about":[{"href":"https:\/\/lebouquet.brstdev.com\/fr\/wp-json\/wp\/v2\/types\/product"}],"replies":[{"embeddable":true,"href":"https:\/\/lebouquet.brstdev.com\/fr\/wp-json\/wp\/v2\/comments?post=56831"}],"wp:featuredmedia":[{"embeddable":true,"href":"https:\/\/lebouquet.brstdev.com\/fr\/wp-json\/wp\/v2\/media\/56814"}],"wp:attachment":[{"href":"https:\/\/lebouquet.brstdev.com\/fr\/wp-json\/wp\/v2\/media?parent=56831"}],"wp:term":[{"taxonomy":"recipe","embeddable":true,"href":"https:\/\/lebouquet.brstdev.com\/fr\/wp-json\/wp\/v2\/recipe?post=56831"},{"taxonomy":"product_brand","embeddable":true,"href":"https:\/\/lebouquet.brstdev.com\/fr\/wp-json\/wp\/v2\/product_brand?post=56831"},{"taxonomy":"product_cat","embeddable":true,"href":"https:\/\/lebouquet.brstdev.com\/fr\/wp-json\/wp\/v2\/product_cat?post=56831"},{"taxonomy":"product_tag","embeddable":true,"href":"https:\/\/lebouquet.brstdev.com\/fr\/wp-json\/wp\/v2\/product_tag?post=56831"}],"curies":[{"name":"wp","href":"https:\/\/api.w.org\/{rel}","templated":true}]}}