{"id":56751,"date":"2024-01-19T08:20:22","date_gmt":"2024-01-19T13:20:22","guid":{"rendered":"https:\/\/lebouquetnew.brstdev.com\/burned-parchment-message\/"},"modified":"2025-08-13T06:09:06","modified_gmt":"2025-08-13T10:09:06","slug":"message-sur-parchemin-brule","status":"publish","type":"product","link":"https:\/\/lebouquet.brstdev.com\/fr\/message-sur-parchemin-brule\/","title":{"rendered":"Message sur parchemin br\u00fbl\u00e9"},"content":{"rendered":"<p>Personnalisez votre arrangement floral avec un message sur mesure. Fournissez simplement votre texte, et nous l\u2019imprimerons sur du papier parchemin avec des bords soigneusement br\u00fbl\u00e9s pour un aspect vintage unique. Chaque message est dispos\u00e9 avec soin pour compl\u00e9ter votre composition florale, cr\u00e9ant un hommage touchant, \u00e0 la fois \u00e9l\u00e9gant et m\u00e9morable.<\/p>\n<p>Cette option peut \u00eatre ajout\u00e9e aux couronnes, gerbes murales, dessus de cercueils, arrangements, c\u0153urs ou pi\u00e8ces florales personnalis\u00e9es.<\/p>\n","protected":false},"excerpt":{"rendered":"<p>Personnalisez votre arrangement floral avec un message sur mesure. Fournissez simplement votre texte, et nous l\u2019imprimerons sur du papier parchemin avec des bords soigneusement br\u00fbl\u00e9s pour un aspect vintage unique. Chaque message est dispos\u00e9 avec soin pour compl\u00e9ter votre composition florale, cr\u00e9ant un hommage touchant, \u00e0 la fois \u00e9l\u00e9gant et m\u00e9morable. Cette option peut \u00eatre [&hellip;]<\/p>\n","protected":false},"featured_media":56732,"comment_status":"open","ping_status":"closed","template":"","meta":{"_acf_changed":false,"inline_featured_image":false},"recipe":[],"product_brand":[],"product_cat":[7632,7634,7626,7637,7630,7633,7620,7625,7619,7638,7628,7631,7627,7629],"product_tag":[],"class_list":{"0":"post-56751","1":"product","2":"type-product","3":"status-publish","4":"has-post-thumbnail","6":"product_cat-arrangements-en-forme-de-coeur-funeraire","7":"product_cat-arrangements-en-forme-de-croix-funeraire","8":"product_cat-arrangements-pour-les-etablissements-funeraires-funeraire","9":"product_cat-casket-sprays","10":"product_cat-couronnes-funeraire","11":"product_cat-cross-shaped-arrangements","12":"product_cat-funeraire","13":"product_cat-funeral-establishment-arrangements","14":"product_cat-funeral","15":"product_cat-gerbes-de-cercueil-funeraire","16":"product_cat-gerbes-murales-funeraire","17":"product_cat-heart-shaped-arrangements","18":"product_cat-wall-spray","19":"product_cat-wreaths","21":"first","22":"instock","23":"shipping-taxable","24":"purchasable","25":"product-type-simple"},"acf":[],"_links":{"self":[{"href":"https:\/\/lebouquet.brstdev.com\/fr\/wp-json\/wp\/v2\/product\/56751","targetHints":{"allow":["GET"]}}],"collection":[{"href":"https:\/\/lebouquet.brstdev.com\/fr\/wp-json\/wp\/v2\/product"}],"about":[{"href":"https:\/\/lebouquet.brstdev.com\/fr\/wp-json\/wp\/v2\/types\/product"}],"replies":[{"embeddable":true,"href":"https:\/\/lebouquet.brstdev.com\/fr\/wp-json\/wp\/v2\/comments?post=56751"}],"wp:featuredmedia":[{"embeddable":true,"href":"https:\/\/lebouquet.brstdev.com\/fr\/wp-json\/wp\/v2\/media\/56732"}],"wp:attachment":[{"href":"https:\/\/lebouquet.brstdev.com\/fr\/wp-json\/wp\/v2\/media?parent=56751"}],"wp:term":[{"taxonomy":"recipe","embeddable":true,"href":"https:\/\/lebouquet.brstdev.com\/fr\/wp-json\/wp\/v2\/recipe?post=56751"},{"taxonomy":"product_brand","embeddable":true,"href":"https:\/\/lebouquet.brstdev.com\/fr\/wp-json\/wp\/v2\/product_brand?post=56751"},{"taxonomy":"product_cat","embeddable":true,"href":"https:\/\/lebouquet.brstdev.com\/fr\/wp-json\/wp\/v2\/product_cat?post=56751"},{"taxonomy":"product_tag","embeddable":true,"href":"https:\/\/lebouquet.brstdev.com\/fr\/wp-json\/wp\/v2\/product_tag?post=56751"}],"curies":[{"name":"wp","href":"https:\/\/api.w.org\/{rel}","templated":true}]}}