{"id":56648,"date":"2024-01-19T08:19:08","date_gmt":"2024-01-19T13:19:08","guid":{"rendered":"https:\/\/lebouquetnew.brstdev.com\/welcome-blooms\/"},"modified":"2026-03-28T03:41:51","modified_gmt":"2026-03-28T07:41:51","slug":"bouquet-de-bienvenue","status":"publish","type":"product","link":"https:\/\/lebouquet.brstdev.com\/fr\/bouquet-de-bienvenue\/","title":{"rendered":"Bouquet de bienvenue"},"content":{"rendered":"<p>L&rsquo;arriv\u00e9e d&rsquo;un nouveau n\u00e9 est un moment inoubliable \u00e0 c\u00e9l\u00e9brer! Ce joli arrangement de fleurs est une belle id\u00e9e cadeau \u00e0 offrir aux parents pour transmettre vos voeux les plus chers. Veuillez choisir la couleur de votre choix entre le rose ou le bleu.&nbsp;Ajoutez une peluche (dans la section peluches) pour que b\u00e9b\u00e9 puisse cajoler son premier toutou.<\/p>\n","protected":false},"excerpt":{"rendered":"<p>Environ &#8211; 31\u00a0\u00bbH x 27\u00a0\u00bbL<\/p>\n","protected":false},"featured_media":56604,"comment_status":"open","ping_status":"closed","template":"","meta":{"_acf_changed":false},"recipe":[],"product_brand":[],"product_cat":[17153,7594],"product_tag":[],"class_list":{"0":"post-56648","1":"product","2":"type-product","3":"status-publish","4":"has-post-thumbnail","6":"product_cat-fleurs-occasions-montreal","7":"product_cat-naissances-evenements","9":"first","10":"instock","11":"shipping-taxable","12":"purchasable","13":"product-type-simple"},"acf":[],"_links":{"self":[{"href":"https:\/\/lebouquet.brstdev.com\/fr\/wp-json\/wp\/v2\/product\/56648","targetHints":{"allow":["GET"]}}],"collection":[{"href":"https:\/\/lebouquet.brstdev.com\/fr\/wp-json\/wp\/v2\/product"}],"about":[{"href":"https:\/\/lebouquet.brstdev.com\/fr\/wp-json\/wp\/v2\/types\/product"}],"replies":[{"embeddable":true,"href":"https:\/\/lebouquet.brstdev.com\/fr\/wp-json\/wp\/v2\/comments?post=56648"}],"wp:featuredmedia":[{"embeddable":true,"href":"https:\/\/lebouquet.brstdev.com\/fr\/wp-json\/wp\/v2\/media\/56604"}],"wp:attachment":[{"href":"https:\/\/lebouquet.brstdev.com\/fr\/wp-json\/wp\/v2\/media?parent=56648"}],"wp:term":[{"taxonomy":"recipe","embeddable":true,"href":"https:\/\/lebouquet.brstdev.com\/fr\/wp-json\/wp\/v2\/recipe?post=56648"},{"taxonomy":"product_brand","embeddable":true,"href":"https:\/\/lebouquet.brstdev.com\/fr\/wp-json\/wp\/v2\/product_brand?post=56648"},{"taxonomy":"product_cat","embeddable":true,"href":"https:\/\/lebouquet.brstdev.com\/fr\/wp-json\/wp\/v2\/product_cat?post=56648"},{"taxonomy":"product_tag","embeddable":true,"href":"https:\/\/lebouquet.brstdev.com\/fr\/wp-json\/wp\/v2\/product_tag?post=56648"}],"curies":[{"name":"wp","href":"https:\/\/api.w.org\/{rel}","templated":true}]}}