{"id":56438,"date":"2024-01-19T08:17:37","date_gmt":"2024-01-19T13:17:37","guid":{"rendered":"https:\/\/lebouquetnew.brstdev.com\/farewell-hug-urn-arrangement\/"},"modified":"2025-08-13T06:09:21","modified_gmt":"2025-08-13T10:09:21","slug":"ce-nest-quun-au-revoir","status":"publish","type":"product","link":"https:\/\/lebouquet.brstdev.com\/fr\/ce-nest-quun-au-revoir\/","title":{"rendered":"Ce n&rsquo;est qu&rsquo;un au revoir"},"content":{"rendered":"<p>Voici une mani\u00e8re sophistiqu\u00e9e de d\u00e9corer une urne au salon fun\u00e9raire. Des branches de lisianthus blanches, des asters mauves, des mini-oeillets rouges, des hypericums rouges et&nbsp;du solidago jaune&nbsp;composent cet arrangement en&nbsp;forme circulaire et en demi-lune.<\/p>\n","protected":false},"excerpt":{"rendered":"<p>Voici une mani\u00e8re sophistiqu\u00e9e de d\u00e9corer une urne au salon fun\u00e9raire. Des branches de lisianthus blanches, des asters mauves, des mini-oeillets rouges, des hypericums rouges et&nbsp;du solidago jaune&nbsp;composent cet arrangement en&nbsp;forme circulaire et en demi-lune.<\/p>\n","protected":false},"featured_media":56427,"comment_status":"open","ping_status":"closed","template":"","meta":{"_acf_changed":false,"inline_featured_image":false},"recipe":[],"product_brand":[],"product_cat":[7636,7620,7619,7635],"product_tag":[],"class_list":{"0":"post-56438","1":"product","2":"type-product","3":"status-publish","4":"has-post-thumbnail","6":"product_cat-arrangements-pour-les-urnes-funeraire","7":"product_cat-funeraire","8":"product_cat-funeral","9":"product_cat-urn-arrangements","11":"first","12":"instock","13":"shipping-taxable","14":"purchasable","15":"product-type-simple"},"acf":[],"_links":{"self":[{"href":"https:\/\/lebouquet.brstdev.com\/fr\/wp-json\/wp\/v2\/product\/56438","targetHints":{"allow":["GET"]}}],"collection":[{"href":"https:\/\/lebouquet.brstdev.com\/fr\/wp-json\/wp\/v2\/product"}],"about":[{"href":"https:\/\/lebouquet.brstdev.com\/fr\/wp-json\/wp\/v2\/types\/product"}],"replies":[{"embeddable":true,"href":"https:\/\/lebouquet.brstdev.com\/fr\/wp-json\/wp\/v2\/comments?post=56438"}],"wp:featuredmedia":[{"embeddable":true,"href":"https:\/\/lebouquet.brstdev.com\/fr\/wp-json\/wp\/v2\/media\/56427"}],"wp:attachment":[{"href":"https:\/\/lebouquet.brstdev.com\/fr\/wp-json\/wp\/v2\/media?parent=56438"}],"wp:term":[{"taxonomy":"recipe","embeddable":true,"href":"https:\/\/lebouquet.brstdev.com\/fr\/wp-json\/wp\/v2\/recipe?post=56438"},{"taxonomy":"product_brand","embeddable":true,"href":"https:\/\/lebouquet.brstdev.com\/fr\/wp-json\/wp\/v2\/product_brand?post=56438"},{"taxonomy":"product_cat","embeddable":true,"href":"https:\/\/lebouquet.brstdev.com\/fr\/wp-json\/wp\/v2\/product_cat?post=56438"},{"taxonomy":"product_tag","embeddable":true,"href":"https:\/\/lebouquet.brstdev.com\/fr\/wp-json\/wp\/v2\/product_tag?post=56438"}],"curies":[{"name":"wp","href":"https:\/\/api.w.org\/{rel}","templated":true}]}}