{"id":56423,"date":"2024-01-19T08:17:30","date_gmt":"2024-01-19T13:17:30","guid":{"rendered":"https:\/\/lebouquetnew.brstdev.com\/dreams-of-paradise-urn-arrangement\/"},"modified":"2025-08-13T06:09:22","modified_gmt":"2025-08-13T10:09:22","slug":"paradis-du-reve-pour-urnes","status":"publish","type":"product","link":"https:\/\/lebouquet.brstdev.com\/fr\/paradis-du-reve-pour-urnes\/","title":{"rendered":"Paradis du r\u00eave pour urnes"},"content":{"rendered":"<p>Cet arrangement exotique compos\u00e9 de fleurs de gingembre rouge, d&rsquo;oiseaux du paradis, de&nbsp;proteas,&nbsp;d&rsquo;anthuriums rouges et&nbsp;de fujis jaunes offre un design surprenant et \u00e9l\u00e9gant.&nbsp;\u00c9tal\u00e9es sur un plan verticales, ces fleurs tropicales sauront donner r\u00e9confort et chaleur autour de l&rsquo;urne du d\u00e9funt ou de la d\u00e9funte.<\/p>\n","protected":false},"excerpt":{"rendered":"<p>Cet arrangement exotique compos\u00e9 de fleurs de gingembre rouge, d&rsquo;oiseaux du paradis, de&nbsp;proteas,&nbsp;d&rsquo;anthuriums rouges et&nbsp;de fujis jaunes offre un design surprenant et \u00e9l\u00e9gant.&nbsp;\u00c9tal\u00e9es sur un plan verticales, ces fleurs tropicales sauront donner r\u00e9confort et chaleur autour de l&rsquo;urne du d\u00e9funt ou de la d\u00e9funte.<\/p>\n","protected":false},"featured_media":56412,"comment_status":"open","ping_status":"closed","template":"","meta":{"_acf_changed":false,"inline_featured_image":false},"recipe":[],"product_brand":[],"product_cat":[7636,7620,7619,7635],"product_tag":[],"class_list":{"0":"post-56423","1":"product","2":"type-product","3":"status-publish","4":"has-post-thumbnail","6":"product_cat-arrangements-pour-les-urnes-funeraire","7":"product_cat-funeraire","8":"product_cat-funeral","9":"product_cat-urn-arrangements","11":"first","12":"instock","13":"shipping-taxable","14":"purchasable","15":"product-type-simple"},"acf":[],"_links":{"self":[{"href":"https:\/\/lebouquet.brstdev.com\/fr\/wp-json\/wp\/v2\/product\/56423","targetHints":{"allow":["GET"]}}],"collection":[{"href":"https:\/\/lebouquet.brstdev.com\/fr\/wp-json\/wp\/v2\/product"}],"about":[{"href":"https:\/\/lebouquet.brstdev.com\/fr\/wp-json\/wp\/v2\/types\/product"}],"replies":[{"embeddable":true,"href":"https:\/\/lebouquet.brstdev.com\/fr\/wp-json\/wp\/v2\/comments?post=56423"}],"wp:featuredmedia":[{"embeddable":true,"href":"https:\/\/lebouquet.brstdev.com\/fr\/wp-json\/wp\/v2\/media\/56412"}],"wp:attachment":[{"href":"https:\/\/lebouquet.brstdev.com\/fr\/wp-json\/wp\/v2\/media?parent=56423"}],"wp:term":[{"taxonomy":"recipe","embeddable":true,"href":"https:\/\/lebouquet.brstdev.com\/fr\/wp-json\/wp\/v2\/recipe?post=56423"},{"taxonomy":"product_brand","embeddable":true,"href":"https:\/\/lebouquet.brstdev.com\/fr\/wp-json\/wp\/v2\/product_brand?post=56423"},{"taxonomy":"product_cat","embeddable":true,"href":"https:\/\/lebouquet.brstdev.com\/fr\/wp-json\/wp\/v2\/product_cat?post=56423"},{"taxonomy":"product_tag","embeddable":true,"href":"https:\/\/lebouquet.brstdev.com\/fr\/wp-json\/wp\/v2\/product_tag?post=56423"}],"curies":[{"name":"wp","href":"https:\/\/api.w.org\/{rel}","templated":true}]}}